{"id":15996,"date":"2026-01-08T19:30:00","date_gmt":"2026-01-08T19:30:00","guid":{"rendered":"https:\/\/ahdhiya.com\/produit\/champion-rd18-mid-comb\/"},"modified":"2026-03-12T14:04:14","modified_gmt":"2026-03-12T14:04:14","slug":"champion-rd18-mid-comb","status":"publish","type":"product","link":"https:\/\/ahdhiya.com\/ar\/product\/champion-rd18-mid-comb\/","title":{"rendered":"CHAMPION RD18 MID COMB"},"content":{"rendered":"<p>La Champion RD18 Mid Comb est une basket mi-haute \u00e9l\u00e9gante et sportive, pens\u00e9e pour assurer un maintien optimal tout en conservant une silhouette contemporaine. Sa tige combine des mat\u00e9riaux synth\u00e9tiques r\u00e9sistants et des empi\u00e8cements \u201ccomb\u201d (repr\u00e9sentant un motif structur\u00e9) pour un style audacieux.Gr\u00e2ce \u00e0 son col rembourr\u00e9, elle offre un bon soutien de la cheville, tandis que sa fermeture \u00e0 lacets permet un ajustement pr\u00e9cis et s\u00e9curis\u00e9. La semelle ext\u00e9rieure en caoutchouc garantit adh\u00e9rence et durabilit\u00e9, m\u00eame sur les surfaces urbaines. \u00c0 l\u2019int\u00e9rieur, une semelle rembourr\u00e9e assure confort et amorti pour un port agr\u00e9able toute la journ\u00e9e.Un mod\u00e8le polyvalent qui mixe design affirm\u00e9, maintien confortable et usage urbain, parfait pour ceux qui veulent une basket mi-haute au look \u00e0 la fois technique et styl\u00e9.<\/p>","protected":false},"excerpt":{"rendered":"<p>La Champion RD18 Mid Comb est une basket mi-haute \u00e9l\u00e9gante et sportive, pens\u00e9e pour assurer un maintien optimal tout en conservant une silhouette contemporaine. Sa tige combine des mat\u00e9riaux synth\u00e9tiques r\u00e9sistants et des empi\u00e8cements \u201ccomb\u201d (repr\u00e9sentant un motif structur\u00e9) pour un style audacieux.Gr\u00e2ce \u00e0 son col rembourr\u00e9, elle offre un bon soutien de la cheville, tandis que sa fermeture \u00e0 lacets permet un ajustement pr\u00e9cis et s\u00e9curis\u00e9. La semelle ext\u00e9rieure en caoutchouc garantit adh\u00e9rence et durabilit\u00e9, m\u00eame sur les surfaces urbaines. \u00c0 l\u2019int\u00e9rieur, une semelle rembourr\u00e9e assure confort et amorti pour un port agr\u00e9able toute la journ\u00e9e.Un mod\u00e8le polyvalent qui mixe design affirm\u00e9, maintien confortable et usage urbain, parfait pour ceux qui veulent une basket mi-haute au look \u00e0 la fois technique et styl\u00e9.<\/p>","protected":false},"featured_media":15997,"comment_status":"open","ping_status":"closed","template":"","meta":{"_gspb_post_css":"","om_disable_all_campaigns":false,"_monsterinsights_skip_tracking":false,"_monsterinsights_sitenote_active":false,"_monsterinsights_sitenote_note":"","_monsterinsights_sitenote_category":0},"product_brand":[],"product_cat":[174,92],"product_tag":[],"class_list":{"0":"post-15996","1":"product","2":"type-product","3":"status-publish","4":"has-post-thumbnail","6":"product_cat-baskets-hommes","7":"product_cat-hommes","9":"first","10":"instock","11":"shipping-taxable","12":"purchasable","13":"product-type-variable"},"aioseo_notices":[],"jetpack_sharing_enabled":true,"_links":{"self":[{"href":"https:\/\/ahdhiya.com\/ar\/wp-json\/wp\/v2\/product\/15996","targetHints":{"allow":["GET"]}}],"collection":[{"href":"https:\/\/ahdhiya.com\/ar\/wp-json\/wp\/v2\/product"}],"about":[{"href":"https:\/\/ahdhiya.com\/ar\/wp-json\/wp\/v2\/types\/product"}],"replies":[{"embeddable":true,"href":"https:\/\/ahdhiya.com\/ar\/wp-json\/wp\/v2\/comments?post=15996"}],"wp:featuredmedia":[{"embeddable":true,"href":"https:\/\/ahdhiya.com\/ar\/wp-json\/wp\/v2\/media\/15997"}],"wp:attachment":[{"href":"https:\/\/ahdhiya.com\/ar\/wp-json\/wp\/v2\/media?parent=15996"}],"wp:term":[{"taxonomy":"product_brand","embeddable":true,"href":"https:\/\/ahdhiya.com\/ar\/wp-json\/wp\/v2\/product_brand?post=15996"},{"taxonomy":"product_cat","embeddable":true,"href":"https:\/\/ahdhiya.com\/ar\/wp-json\/wp\/v2\/product_cat?post=15996"},{"taxonomy":"product_tag","embeddable":true,"href":"https:\/\/ahdhiya.com\/ar\/wp-json\/wp\/v2\/product_tag?post=15996"}],"curies":[{"name":"wp","href":"https:\/\/api.w.org\/{rel}","templated":true}]}}