{"id":16123,"date":"2026-01-08T19:31:38","date_gmt":"2026-01-08T19:31:38","guid":{"rendered":"https:\/\/ahdhiya.com\/produit\/basket-champion-9\/"},"modified":"2026-03-12T14:04:15","modified_gmt":"2026-03-12T14:04:15","slug":"basket-champion-9","status":"publish","type":"product","link":"https:\/\/ahdhiya.com\/ar\/product\/basket-champion-9\/","title":{"rendered":"BASKET CHAMPION"},"content":{"rendered":"<p>Description :\u00a0Ces baskets mi-montantes Champion RD18 UTILITY WP MID pour homme se distinguent par leur couleur marron et leur conception ax\u00e9e sur l&rsquo;ext\u00e9rieur. Elles sont fabriqu\u00e9es principalement en mat\u00e9riau textile avec une semelle synth\u00e9tique \u00e9paisse de 4,5 cm, et sont con\u00e7ues avec un syst\u00e8me de fermeture \u00e0 lacets. Bien qu&rsquo;elles ne pr\u00e9sentent pas de doublure thermique, ce mod\u00e8le est un choix pratique pour un usage utilitaire ou d\u00e9contract\u00e9. Il est important de noter que le site recommande de choisir une taille sup\u00e9rieure \u00e0 votre taille habituelle, car ce mod\u00e8le taille plus petit.MADE IN CHINA .\u00a0<\/p>","protected":false},"excerpt":{"rendered":"<p>Description :\u00a0Ces baskets mi-montantes Champion RD18 UTILITY WP MID pour homme se distinguent par leur couleur marron et leur conception ax\u00e9e sur l&rsquo;ext\u00e9rieur. Elles sont fabriqu\u00e9es principalement en mat\u00e9riau textile avec une semelle synth\u00e9tique \u00e9paisse de 4,5 cm, et sont con\u00e7ues avec un syst\u00e8me de fermeture \u00e0 lacets. Bien qu&rsquo;elles ne pr\u00e9sentent pas de doublure thermique, ce mod\u00e8le est un choix pratique pour un usage utilitaire ou d\u00e9contract\u00e9. Il est important de noter que le site recommande de choisir une taille sup\u00e9rieure \u00e0 votre taille habituelle, car ce mod\u00e8le taille plus petit.MADE IN CHINA .\u00a0<\/p>","protected":false},"featured_media":16124,"comment_status":"open","ping_status":"closed","template":"","meta":{"_gspb_post_css":"","om_disable_all_campaigns":false,"_monsterinsights_skip_tracking":false,"_monsterinsights_sitenote_active":false,"_monsterinsights_sitenote_note":"","_monsterinsights_sitenote_category":0},"product_brand":[],"product_cat":[174,92],"product_tag":[],"class_list":{"0":"post-16123","1":"product","2":"type-product","3":"status-publish","4":"has-post-thumbnail","6":"product_cat-baskets-hommes","7":"product_cat-hommes","9":"first","10":"instock","11":"shipping-taxable","12":"purchasable","13":"product-type-variable"},"aioseo_notices":[],"jetpack_sharing_enabled":true,"_links":{"self":[{"href":"https:\/\/ahdhiya.com\/ar\/wp-json\/wp\/v2\/product\/16123","targetHints":{"allow":["GET"]}}],"collection":[{"href":"https:\/\/ahdhiya.com\/ar\/wp-json\/wp\/v2\/product"}],"about":[{"href":"https:\/\/ahdhiya.com\/ar\/wp-json\/wp\/v2\/types\/product"}],"replies":[{"embeddable":true,"href":"https:\/\/ahdhiya.com\/ar\/wp-json\/wp\/v2\/comments?post=16123"}],"wp:featuredmedia":[{"embeddable":true,"href":"https:\/\/ahdhiya.com\/ar\/wp-json\/wp\/v2\/media\/16124"}],"wp:attachment":[{"href":"https:\/\/ahdhiya.com\/ar\/wp-json\/wp\/v2\/media?parent=16123"}],"wp:term":[{"taxonomy":"product_brand","embeddable":true,"href":"https:\/\/ahdhiya.com\/ar\/wp-json\/wp\/v2\/product_brand?post=16123"},{"taxonomy":"product_cat","embeddable":true,"href":"https:\/\/ahdhiya.com\/ar\/wp-json\/wp\/v2\/product_cat?post=16123"},{"taxonomy":"product_tag","embeddable":true,"href":"https:\/\/ahdhiya.com\/ar\/wp-json\/wp\/v2\/product_tag?post=16123"}],"curies":[{"name":"wp","href":"https:\/\/api.w.org\/{rel}","templated":true}]}}