{"id":16201,"date":"2026-01-08T19:32:40","date_gmt":"2026-01-08T19:32:40","guid":{"rendered":"https:\/\/ahdhiya.com\/produit\/geox-d-spherica-a-kni-tex-rec-sue\/"},"modified":"2026-03-12T14:04:15","modified_gmt":"2026-03-12T14:04:15","slug":"geox-d-spherica-a-kni-tex-rec-sue","status":"publish","type":"product","link":"https:\/\/ahdhiya.com\/ar\/product\/geox-d-spherica-a-kni-tex-rec-sue\/","title":{"rendered":"GEOX D SPHERICA A &#8211; KNI.TEX.REC SUE"},"content":{"rendered":"<p>La GEOX D Spherica A \u2013 Kni.Tex.Rec Suede est une sneaker femme qui allie style contemporain et technologies confort. Sa tige associe un maille tricot\u00e9e recycl\u00e9e (Kni.Tex.Rec) \u00e0 des empi\u00e8cements en su\u00e8de, cr\u00e9ant un contraste \u00e9l\u00e9gant entre modernit\u00e9 et mati\u00e8re noble.Gr\u00e2ce \u00e0 la technologie Spherica\u2122, cette chaussure offre un amorti \u201cZero Shock\u201d qui r\u00e9partit efficacement les pressions au sol, pour une marche plus douce et fluide. La semelle ext\u00e9rieure garantit adh\u00e9rence et durabilit\u00e9, tandis que la semelle int\u00e9rieure rembourr\u00e9e assure un confort optimal au quotidien.Sportive, styl\u00e9e et responsable, la D Spherica A \u2013 Kni.Tex.Rec Suede est con\u00e7ue pour accompagner une femme en qu\u00eate d\u2019\u00e9l\u00e9gance durable et de bien-\u00eatre \u00e0 chaque pas.<\/p>","protected":false},"excerpt":{"rendered":"<p>La GEOX D Spherica A \u2013 Kni.Tex.Rec Suede est une sneaker femme qui allie style contemporain et technologies confort. Sa tige associe un maille tricot\u00e9e recycl\u00e9e (Kni.Tex.Rec) \u00e0 des empi\u00e8cements en su\u00e8de, cr\u00e9ant un contraste \u00e9l\u00e9gant entre modernit\u00e9 et mati\u00e8re noble.Gr\u00e2ce \u00e0 la technologie Spherica\u2122, cette chaussure offre un amorti \u201cZero Shock\u201d qui r\u00e9partit efficacement les pressions au sol, pour une marche plus douce et fluide. La semelle ext\u00e9rieure garantit adh\u00e9rence et durabilit\u00e9, tandis que la semelle int\u00e9rieure rembourr\u00e9e assure un confort optimal au quotidien.Sportive, styl\u00e9e et responsable, la D Spherica A \u2013 Kni.Tex.Rec Suede est con\u00e7ue pour accompagner une femme en qu\u00eate d\u2019\u00e9l\u00e9gance durable et de bien-\u00eatre \u00e0 chaque pas.<\/p>","protected":false},"featured_media":16202,"comment_status":"open","ping_status":"closed","template":"","meta":{"_gspb_post_css":"","om_disable_all_campaigns":false,"_monsterinsights_skip_tracking":false,"_monsterinsights_sitenote_active":false,"_monsterinsights_sitenote_note":"","_monsterinsights_sitenote_category":0},"product_brand":[],"product_cat":[176,91],"product_tag":[],"class_list":{"0":"post-16201","1":"product","2":"type-product","3":"status-publish","4":"has-post-thumbnail","6":"product_cat-baskets-femmes","7":"product_cat-femmes","9":"first","10":"instock","11":"shipping-taxable","12":"purchasable","13":"product-type-variable"},"aioseo_notices":[],"jetpack_sharing_enabled":true,"_links":{"self":[{"href":"https:\/\/ahdhiya.com\/ar\/wp-json\/wp\/v2\/product\/16201","targetHints":{"allow":["GET"]}}],"collection":[{"href":"https:\/\/ahdhiya.com\/ar\/wp-json\/wp\/v2\/product"}],"about":[{"href":"https:\/\/ahdhiya.com\/ar\/wp-json\/wp\/v2\/types\/product"}],"replies":[{"embeddable":true,"href":"https:\/\/ahdhiya.com\/ar\/wp-json\/wp\/v2\/comments?post=16201"}],"wp:featuredmedia":[{"embeddable":true,"href":"https:\/\/ahdhiya.com\/ar\/wp-json\/wp\/v2\/media\/16202"}],"wp:attachment":[{"href":"https:\/\/ahdhiya.com\/ar\/wp-json\/wp\/v2\/media?parent=16201"}],"wp:term":[{"taxonomy":"product_brand","embeddable":true,"href":"https:\/\/ahdhiya.com\/ar\/wp-json\/wp\/v2\/product_brand?post=16201"},{"taxonomy":"product_cat","embeddable":true,"href":"https:\/\/ahdhiya.com\/ar\/wp-json\/wp\/v2\/product_cat?post=16201"},{"taxonomy":"product_tag","embeddable":true,"href":"https:\/\/ahdhiya.com\/ar\/wp-json\/wp\/v2\/product_tag?post=16201"}],"curies":[{"name":"wp","href":"https:\/\/api.w.org\/{rel}","templated":true}]}}