{"id":16288,"date":"2026-01-08T19:35:12","date_gmt":"2026-01-08T19:35:12","guid":{"rendered":"https:\/\/ahdhiya.com\/produit\/geox-u-sandford-b-abx-a-wr-s-wa-s\/"},"modified":"2026-03-12T14:04:15","modified_gmt":"2026-03-12T14:04:15","slug":"geox-u-sandford-b-abx-a-wr-s-wa-s","status":"publish","type":"product","link":"https:\/\/ahdhiya.com\/ar\/product\/geox-u-sandford-b-abx-a-wr-s-wa-s\/","title":{"rendered":"GEOX U SANDFORD B ABX A &#8211; WR.S WA.S"},"content":{"rendered":"<p>Caract\u00e9ristiques \u2013 GEOX U SANDFORD B ABX A (WR.S WA.S)Type : Sneaker basse pour hommeTige : Combinaison de mati\u00e8res \u00ab WR.S \u00bb (similicuir ou rev\u00eatement r\u00e9sistant \u00e0 l\u2019eau) et \u00ab WA.S \u00bb (mati\u00e8re textile ou synth\u00e9tique imperm\u00e9able)Technologie : Membrane imperm\u00e9able int\u00e9gr\u00e9e (ABX = Amphibiox) pour une protection contre l\u2019humidit\u00e9Doublure : Textile respirant avec confort int\u00e9rieur prolong\u00e9Semelle ext\u00e9rieure : Caoutchouc antid\u00e9rapant, con\u00e7ue pour usage urbain et ext\u00e9rieur l\u00e9gerAmorti : Semelle int\u00e9rieure souple pour un bon amorti au quotidienFermeture : Lacets classiques pour un ajustement optimalStyle : Design urbain robuste, look technique mais soign\u00e9Utilisation : Id\u00e9ale pour les journ\u00e9es pluvieuses, les d\u00e9placements urbains ou un style casual-sportif avec protection contre l\u2019eau<\/p>","protected":false},"excerpt":{"rendered":"<p>Caract\u00e9ristiques \u2013 GEOX U SANDFORD B ABX A (WR.S WA.S)Type : Sneaker basse pour hommeTige : Combinaison de mati\u00e8res \u00ab WR.S \u00bb (similicuir ou rev\u00eatement r\u00e9sistant \u00e0 l\u2019eau) et \u00ab WA.S \u00bb (mati\u00e8re textile ou synth\u00e9tique imperm\u00e9able)Technologie : Membrane imperm\u00e9able int\u00e9gr\u00e9e (ABX = Amphibiox) pour une protection contre l\u2019humidit\u00e9Doublure : Textile respirant avec confort int\u00e9rieur prolong\u00e9Semelle ext\u00e9rieure : Caoutchouc antid\u00e9rapant, con\u00e7ue pour usage urbain et ext\u00e9rieur l\u00e9gerAmorti : Semelle int\u00e9rieure souple pour un bon amorti au quotidienFermeture : Lacets classiques pour un ajustement optimalStyle : Design urbain robuste, look technique mais soign\u00e9Utilisation : Id\u00e9ale pour les journ\u00e9es pluvieuses, les d\u00e9placements urbains ou un style casual-sportif avec protection contre l\u2019eau<\/p>","protected":false},"featured_media":16289,"comment_status":"open","ping_status":"closed","template":"","meta":{"_gspb_post_css":"","om_disable_all_campaigns":false,"_monsterinsights_skip_tracking":false,"_monsterinsights_sitenote_active":false,"_monsterinsights_sitenote_note":"","_monsterinsights_sitenote_category":0},"product_brand":[],"product_cat":[174,92],"product_tag":[],"class_list":{"0":"post-16288","1":"product","2":"type-product","3":"status-publish","4":"has-post-thumbnail","6":"product_cat-baskets-hommes","7":"product_cat-hommes","9":"first","10":"instock","11":"shipping-taxable","12":"purchasable","13":"product-type-variable"},"aioseo_notices":[],"jetpack_sharing_enabled":true,"_links":{"self":[{"href":"https:\/\/ahdhiya.com\/ar\/wp-json\/wp\/v2\/product\/16288","targetHints":{"allow":["GET"]}}],"collection":[{"href":"https:\/\/ahdhiya.com\/ar\/wp-json\/wp\/v2\/product"}],"about":[{"href":"https:\/\/ahdhiya.com\/ar\/wp-json\/wp\/v2\/types\/product"}],"replies":[{"embeddable":true,"href":"https:\/\/ahdhiya.com\/ar\/wp-json\/wp\/v2\/comments?post=16288"}],"wp:featuredmedia":[{"embeddable":true,"href":"https:\/\/ahdhiya.com\/ar\/wp-json\/wp\/v2\/media\/16289"}],"wp:attachment":[{"href":"https:\/\/ahdhiya.com\/ar\/wp-json\/wp\/v2\/media?parent=16288"}],"wp:term":[{"taxonomy":"product_brand","embeddable":true,"href":"https:\/\/ahdhiya.com\/ar\/wp-json\/wp\/v2\/product_brand?post=16288"},{"taxonomy":"product_cat","embeddable":true,"href":"https:\/\/ahdhiya.com\/ar\/wp-json\/wp\/v2\/product_cat?post=16288"},{"taxonomy":"product_tag","embeddable":true,"href":"https:\/\/ahdhiya.com\/ar\/wp-json\/wp\/v2\/product_tag?post=16288"}],"curies":[{"name":"wp","href":"https:\/\/api.w.org\/{rel}","templated":true}]}}