{"id":16559,"date":"2026-01-09T15:09:43","date_gmt":"2026-01-09T15:09:43","guid":{"rendered":"https:\/\/ahdhiya.com\/produit\/basket-sun68-tom-solid\/"},"modified":"2026-03-12T14:04:16","modified_gmt":"2026-03-12T14:04:16","slug":"basket-sun68-tom-solid","status":"publish","type":"product","link":"https:\/\/ahdhiya.com\/ar\/product\/basket-sun68-tom-solid\/","title":{"rendered":"BASKET SUN68 TOM SOLID"},"content":{"rendered":"<p>Les SUN68 TOM Solid misent sur un design 100% \u00e9pur\u00e9, sans motifs ni contrastes superflus. Une basket clean, minimaliste et moderne, id\u00e9ale pour ceux qui aiment un style simple mais \u00e9l\u00e9gant.Con\u00e7ue avec des mat\u00e9riaux l\u00e9gers et respirants, elle assure un confort durable et une sensation de l\u00e9g\u00e8ret\u00e9 au quotidien. La semelle souple offre une bonne absorption des chocs, parfaite pour marcher, travailler ou sortir avec aisance.Le logo discret SUN68 vient compl\u00e9ter l\u2019ensemble avec une touche authentique, tout en gardant le look minimal clean.Parfaites pour le quotidien, les sorties ou un look urbain ma\u00eetris\u00e9, les SUN68 TOM Solid allient sobri\u00e9t\u00e9, confort et qualit\u00e9.\u00a0MADE IN CHINA<\/p>","protected":false},"excerpt":{"rendered":"<p>Les SUN68 TOM Solid misent sur un design 100% \u00e9pur\u00e9, sans motifs ni contrastes superflus. Une basket clean, minimaliste et moderne, id\u00e9ale pour ceux qui aiment un style simple mais \u00e9l\u00e9gant.Con\u00e7ue avec des mat\u00e9riaux l\u00e9gers et respirants, elle assure un confort durable et une sensation de l\u00e9g\u00e8ret\u00e9 au quotidien. La semelle souple offre une bonne absorption des chocs, parfaite pour marcher, travailler ou sortir avec aisance.Le logo discret SUN68 vient compl\u00e9ter l\u2019ensemble avec une touche authentique, tout en gardant le look minimal clean.Parfaites pour le quotidien, les sorties ou un look urbain ma\u00eetris\u00e9, les SUN68 TOM Solid allient sobri\u00e9t\u00e9, confort et qualit\u00e9.\u00a0MADE IN CHINA<\/p>","protected":false},"featured_media":16560,"comment_status":"open","ping_status":"closed","template":"","meta":{"_gspb_post_css":"","om_disable_all_campaigns":false,"_monsterinsights_skip_tracking":false,"_monsterinsights_sitenote_active":false,"_monsterinsights_sitenote_note":"","_monsterinsights_sitenote_category":0},"product_brand":[],"product_cat":[174,92],"product_tag":[],"class_list":{"0":"post-16559","1":"product","2":"type-product","3":"status-publish","4":"has-post-thumbnail","6":"product_cat-baskets-hommes","7":"product_cat-hommes","9":"first","10":"instock","11":"shipping-taxable","12":"purchasable","13":"product-type-variable"},"aioseo_notices":[],"jetpack_sharing_enabled":true,"_links":{"self":[{"href":"https:\/\/ahdhiya.com\/ar\/wp-json\/wp\/v2\/product\/16559","targetHints":{"allow":["GET"]}}],"collection":[{"href":"https:\/\/ahdhiya.com\/ar\/wp-json\/wp\/v2\/product"}],"about":[{"href":"https:\/\/ahdhiya.com\/ar\/wp-json\/wp\/v2\/types\/product"}],"replies":[{"embeddable":true,"href":"https:\/\/ahdhiya.com\/ar\/wp-json\/wp\/v2\/comments?post=16559"}],"wp:featuredmedia":[{"embeddable":true,"href":"https:\/\/ahdhiya.com\/ar\/wp-json\/wp\/v2\/media\/16560"}],"wp:attachment":[{"href":"https:\/\/ahdhiya.com\/ar\/wp-json\/wp\/v2\/media?parent=16559"}],"wp:term":[{"taxonomy":"product_brand","embeddable":true,"href":"https:\/\/ahdhiya.com\/ar\/wp-json\/wp\/v2\/product_brand?post=16559"},{"taxonomy":"product_cat","embeddable":true,"href":"https:\/\/ahdhiya.com\/ar\/wp-json\/wp\/v2\/product_cat?post=16559"},{"taxonomy":"product_tag","embeddable":true,"href":"https:\/\/ahdhiya.com\/ar\/wp-json\/wp\/v2\/product_tag?post=16559"}],"curies":[{"name":"wp","href":"https:\/\/api.w.org\/{rel}","templated":true}]}}