{"id":16589,"date":"2026-01-09T15:09:57","date_gmt":"2026-01-09T15:09:57","guid":{"rendered":"https:\/\/ahdhiya.com\/produit\/adidas-30\/"},"modified":"2026-03-12T14:04:17","modified_gmt":"2026-03-12T14:04:17","slug":"adidas-30","status":"publish","type":"product","link":"https:\/\/ahdhiya.com\/ar\/product\/adidas-30\/","title":{"rendered":"ADIDAS"},"content":{"rendered":"<p>adidas \u2013 Chaussure Cloudfoam Go LoungerDes sneakers ultra confortables \u00e0 enfiler en un instant.Passe du canap\u00e9 \u00e0 la rue en un clin d\u2019\u0153il. Ces sneakers adidas au design slip-on se chaussent facilement pour t\u2019accompagner dans toutes tes activit\u00e9s quotidiennes. Leur tige textile l\u00e9g\u00e8re et douce assure un confort optimal, tandis que l\u2019amorti Cloudfoam offre une foul\u00e9e souple et moelleuse. La semelle ext\u00e9rieure Adiwear, r\u00e9sistante et adh\u00e9rente, te garantit une stabilit\u00e9 fiable sur toutes les surfaces.Caract\u00e9ristiques :Chaussant standard.Conception slip-on pratique.Tige textile l\u00e9g\u00e8re.Doublure textile douce.Semelle interm\u00e9diaire Cloudfoam Walk pour un confort sup\u00e9rieur.Semelle ext\u00e9rieure Adiwear durable et adh\u00e9rente.Avantages :Confort imm\u00e9diat et ajustement facile sans lacets.Amorti Cloudfoam pour un soutien longue dur\u00e9e.Semelle r\u00e9sistante adapt\u00e9e \u00e0 un usage quotidien.Id\u00e9al pour :Les journ\u00e9es actives, les d\u00e9placements rapides et les moments de d\u00e9tente avec un maximum de confort.<\/p>","protected":false},"excerpt":{"rendered":"<p>adidas \u2013 Chaussure Cloudfoam Go LoungerDes sneakers ultra confortables \u00e0 enfiler en un instant.Passe du canap\u00e9 \u00e0 la rue en un clin d\u2019\u0153il. Ces sneakers adidas au design slip-on se chaussent facilement pour t\u2019accompagner dans toutes tes activit\u00e9s quotidiennes. Leur tige textile l\u00e9g\u00e8re et douce assure un confort optimal, tandis que l\u2019amorti Cloudfoam offre une foul\u00e9e souple et moelleuse. La semelle ext\u00e9rieure Adiwear, r\u00e9sistante et adh\u00e9rente, te garantit une stabilit\u00e9 fiable sur toutes les surfaces.Caract\u00e9ristiques :Chaussant standard.Conception slip-on pratique.Tige textile l\u00e9g\u00e8re.Doublure textile douce.Semelle interm\u00e9diaire Cloudfoam Walk pour un confort sup\u00e9rieur.Semelle ext\u00e9rieure Adiwear durable et adh\u00e9rente.Avantages :Confort imm\u00e9diat et ajustement facile sans lacets.Amorti Cloudfoam pour un soutien longue dur\u00e9e.Semelle r\u00e9sistante adapt\u00e9e \u00e0 un usage quotidien.Id\u00e9al pour :Les journ\u00e9es actives, les d\u00e9placements rapides et les moments de d\u00e9tente avec un maximum de confort.<\/p>","protected":false},"featured_media":16590,"comment_status":"open","ping_status":"closed","template":"","meta":{"_gspb_post_css":"","om_disable_all_campaigns":false,"_monsterinsights_skip_tracking":false,"_monsterinsights_sitenote_active":false,"_monsterinsights_sitenote_note":"","_monsterinsights_sitenote_category":0},"product_brand":[],"product_cat":[92],"product_tag":[],"class_list":{"0":"post-16589","1":"product","2":"type-product","3":"status-publish","4":"has-post-thumbnail","6":"product_cat-hommes","8":"first","9":"instock","10":"shipping-taxable","11":"purchasable","12":"product-type-variable"},"aioseo_notices":[],"jetpack_sharing_enabled":true,"_links":{"self":[{"href":"https:\/\/ahdhiya.com\/ar\/wp-json\/wp\/v2\/product\/16589","targetHints":{"allow":["GET"]}}],"collection":[{"href":"https:\/\/ahdhiya.com\/ar\/wp-json\/wp\/v2\/product"}],"about":[{"href":"https:\/\/ahdhiya.com\/ar\/wp-json\/wp\/v2\/types\/product"}],"replies":[{"embeddable":true,"href":"https:\/\/ahdhiya.com\/ar\/wp-json\/wp\/v2\/comments?post=16589"}],"wp:featuredmedia":[{"embeddable":true,"href":"https:\/\/ahdhiya.com\/ar\/wp-json\/wp\/v2\/media\/16590"}],"wp:attachment":[{"href":"https:\/\/ahdhiya.com\/ar\/wp-json\/wp\/v2\/media?parent=16589"}],"wp:term":[{"taxonomy":"product_brand","embeddable":true,"href":"https:\/\/ahdhiya.com\/ar\/wp-json\/wp\/v2\/product_brand?post=16589"},{"taxonomy":"product_cat","embeddable":true,"href":"https:\/\/ahdhiya.com\/ar\/wp-json\/wp\/v2\/product_cat?post=16589"},{"taxonomy":"product_tag","embeddable":true,"href":"https:\/\/ahdhiya.com\/ar\/wp-json\/wp\/v2\/product_tag?post=16589"}],"curies":[{"name":"wp","href":"https:\/\/api.w.org\/{rel}","templated":true}]}}