{"id":16803,"date":"2026-01-09T15:13:28","date_gmt":"2026-01-09T15:13:28","guid":{"rendered":"https:\/\/ahdhiya.com\/produit\/reebok-court-advance-bold-pospin%c2%b2chal\/"},"modified":"2026-03-12T14:04:17","modified_gmt":"2026-03-12T14:04:17","slug":"reebok-court-advance-bold-pospin%c2%b2chal","status":"publish","type":"product","link":"https:\/\/ahdhiya.com\/ar\/product\/reebok-court-advance-bold-pospin%c2%b2chal\/","title":{"rendered":"REEBOK COURT ADVANCE BOLD POSPIN\u00b2CHAL"},"content":{"rendered":"<p>Reebok Court Advance Bold \u2013 Posh Pink \/ Chalk (Mod\u00e8le 100034026) Affirmez votre style avec la Reebok Court Advance Bold, une sneaker au look \u00e0 la fois r\u00e9tro et audacieux. Inspir\u00e9e des terrains de tennis, cette version revisit\u00e9e en rose poudr\u00e9 et blanc cass\u00e9 apporte une touche f\u00e9minine et moderne \u00e0 un design classique. Confortable gr\u00e2ce \u00e0 sa semelle interm\u00e9diaire amortissante et son col rembourr\u00e9, elle est id\u00e9ale pour un usage quotidien. Parfaite pour celles qui aiment marier \u00e9l\u00e9gance et esprit sport, cette basket s\u2019adapte \u00e0 toutes vos tenues casual.<\/p>","protected":false},"excerpt":{"rendered":"<p>Reebok Court Advance Bold \u2013 Posh Pink \/ Chalk (Mod\u00e8le 100034026) Affirmez votre style avec la Reebok Court Advance Bold, une sneaker au look \u00e0 la fois r\u00e9tro et audacieux. Inspir\u00e9e des terrains de tennis, cette version revisit\u00e9e en rose poudr\u00e9 et blanc cass\u00e9 apporte une touche f\u00e9minine et moderne \u00e0 un design classique. Confortable gr\u00e2ce \u00e0 sa semelle interm\u00e9diaire amortissante et son col rembourr\u00e9, elle est id\u00e9ale pour un usage quotidien. Parfaite pour celles qui aiment marier \u00e9l\u00e9gance et esprit sport, cette basket s\u2019adapte \u00e0 toutes vos tenues casual.<\/p>","protected":false},"featured_media":16804,"comment_status":"open","ping_status":"closed","template":"","meta":{"_gspb_post_css":"","om_disable_all_campaigns":false,"_monsterinsights_skip_tracking":false,"_monsterinsights_sitenote_active":false,"_monsterinsights_sitenote_note":"","_monsterinsights_sitenote_category":0},"product_brand":[],"product_cat":[176,91],"product_tag":[],"class_list":{"0":"post-16803","1":"product","2":"type-product","3":"status-publish","4":"has-post-thumbnail","6":"product_cat-baskets-femmes","7":"product_cat-femmes","9":"first","10":"instock","11":"shipping-taxable","12":"purchasable","13":"product-type-variable"},"aioseo_notices":[],"jetpack_sharing_enabled":true,"_links":{"self":[{"href":"https:\/\/ahdhiya.com\/ar\/wp-json\/wp\/v2\/product\/16803","targetHints":{"allow":["GET"]}}],"collection":[{"href":"https:\/\/ahdhiya.com\/ar\/wp-json\/wp\/v2\/product"}],"about":[{"href":"https:\/\/ahdhiya.com\/ar\/wp-json\/wp\/v2\/types\/product"}],"replies":[{"embeddable":true,"href":"https:\/\/ahdhiya.com\/ar\/wp-json\/wp\/v2\/comments?post=16803"}],"wp:featuredmedia":[{"embeddable":true,"href":"https:\/\/ahdhiya.com\/ar\/wp-json\/wp\/v2\/media\/16804"}],"wp:attachment":[{"href":"https:\/\/ahdhiya.com\/ar\/wp-json\/wp\/v2\/media?parent=16803"}],"wp:term":[{"taxonomy":"product_brand","embeddable":true,"href":"https:\/\/ahdhiya.com\/ar\/wp-json\/wp\/v2\/product_brand?post=16803"},{"taxonomy":"product_cat","embeddable":true,"href":"https:\/\/ahdhiya.com\/ar\/wp-json\/wp\/v2\/product_cat?post=16803"},{"taxonomy":"product_tag","embeddable":true,"href":"https:\/\/ahdhiya.com\/ar\/wp-json\/wp\/v2\/product_tag?post=16803"}],"curies":[{"name":"wp","href":"https:\/\/api.w.org\/{rel}","templated":true}]}}