{"id":16827,"date":"2026-01-09T15:14:09","date_gmt":"2026-01-09T15:14:09","guid":{"rendered":"https:\/\/ahdhiya.com\/produit\/basket-sun68-jaki-outdoor-19-militaire\/"},"modified":"2026-03-12T14:04:18","modified_gmt":"2026-03-12T14:04:18","slug":"basket-sun68-jaki-outdoor-19-militaire","status":"publish","type":"product","link":"https:\/\/ahdhiya.com\/ar\/product\/basket-sun68-jaki-outdoor-19-militaire\/","title":{"rendered":"BASKET SUN68-JAKI-OUTDOOR-19-MILITAIRE"},"content":{"rendered":"<p>Description :\u00a0Les Sneakers SUN68 JAKI-OUTDOOR-19-MILITAIRE\u00a0sont la fusion parfaite entre le style casual embl\u00e9matique de la marque et une construction robuste inspir\u00e9e de l&rsquo;ext\u00e9rieur (Outdoor). Ce mod\u00e8le est con\u00e7u pour l&rsquo;homme qui recherche une chaussure polyvalente et r\u00e9sistante, sans compromettre le style.Conception et Mat\u00e9riauxMod\u00e8le : Jaki Outdoor.Saison : Printemps\/\u00c9t\u00e9.Couleur : MILI (Vert Militaire).Tige (Empeigne) : Elle est principalement compos\u00e9e de cuir su\u00e9d\u00e9 (daim) de qualit\u00e9, rehauss\u00e9 d&#8217;empi\u00e8cements en mesh respirant pour un confort accru.Semelle : La semelle ext\u00e9rieure en caoutchouc est renforc\u00e9e et dot\u00e9e d&rsquo;une bande de roulement (battistrada) g\u00e9om\u00e9trique, offrant une adh\u00e9rence sup\u00e9rieure, id\u00e9ale pour les surfaces vari\u00e9es.Style et FinitionsFermeture : Lacets classiques sur l&rsquo;avant.D\u00e9tails Iconiques : La chaussure arbore le logo embl\u00e9matique de la marque (le triangle et la croix) dans une couleur contrast\u00e9e.Marquage : Le lettrage &lsquo;SUN68&rsquo; est visible sur le talon.Coupe : Coupe classique (Regular Fit). Made In China .\u00a0<\/p>","protected":false},"excerpt":{"rendered":"<p>Description :\u00a0Les Sneakers SUN68 JAKI-OUTDOOR-19-MILITAIRE\u00a0sont la fusion parfaite entre le style casual embl\u00e9matique de la marque et une construction robuste inspir\u00e9e de l&rsquo;ext\u00e9rieur (Outdoor). Ce mod\u00e8le est con\u00e7u pour l&rsquo;homme qui recherche une chaussure polyvalente et r\u00e9sistante, sans compromettre le style.Conception et Mat\u00e9riauxMod\u00e8le : Jaki Outdoor.Saison : Printemps\/\u00c9t\u00e9.Couleur : MILI (Vert Militaire).Tige (Empeigne) : Elle est principalement compos\u00e9e de cuir su\u00e9d\u00e9 (daim) de qualit\u00e9, rehauss\u00e9 d&#8217;empi\u00e8cements en mesh respirant pour un confort accru.Semelle : La semelle ext\u00e9rieure en caoutchouc est renforc\u00e9e et dot\u00e9e d&rsquo;une bande de roulement (battistrada) g\u00e9om\u00e9trique, offrant une adh\u00e9rence sup\u00e9rieure, id\u00e9ale pour les surfaces vari\u00e9es.Style et FinitionsFermeture : Lacets classiques sur l&rsquo;avant.D\u00e9tails Iconiques : La chaussure arbore le logo embl\u00e9matique de la marque (le triangle et la croix) dans une couleur contrast\u00e9e.Marquage : Le lettrage &lsquo;SUN68&rsquo; est visible sur le talon.Coupe : Coupe classique (Regular Fit). Made In China .\u00a0<\/p>","protected":false},"featured_media":16828,"comment_status":"open","ping_status":"closed","template":"","meta":{"_gspb_post_css":"","om_disable_all_campaigns":false,"_monsterinsights_skip_tracking":false,"_monsterinsights_sitenote_active":false,"_monsterinsights_sitenote_note":"","_monsterinsights_sitenote_category":0},"product_brand":[],"product_cat":[174,92],"product_tag":[],"class_list":{"0":"post-16827","1":"product","2":"type-product","3":"status-publish","4":"has-post-thumbnail","6":"product_cat-baskets-hommes","7":"product_cat-hommes","9":"first","10":"instock","11":"shipping-taxable","12":"purchasable","13":"product-type-variable"},"aioseo_notices":[],"jetpack_sharing_enabled":true,"_links":{"self":[{"href":"https:\/\/ahdhiya.com\/ar\/wp-json\/wp\/v2\/product\/16827","targetHints":{"allow":["GET"]}}],"collection":[{"href":"https:\/\/ahdhiya.com\/ar\/wp-json\/wp\/v2\/product"}],"about":[{"href":"https:\/\/ahdhiya.com\/ar\/wp-json\/wp\/v2\/types\/product"}],"replies":[{"embeddable":true,"href":"https:\/\/ahdhiya.com\/ar\/wp-json\/wp\/v2\/comments?post=16827"}],"wp:featuredmedia":[{"embeddable":true,"href":"https:\/\/ahdhiya.com\/ar\/wp-json\/wp\/v2\/media\/16828"}],"wp:attachment":[{"href":"https:\/\/ahdhiya.com\/ar\/wp-json\/wp\/v2\/media?parent=16827"}],"wp:term":[{"taxonomy":"product_brand","embeddable":true,"href":"https:\/\/ahdhiya.com\/ar\/wp-json\/wp\/v2\/product_brand?post=16827"},{"taxonomy":"product_cat","embeddable":true,"href":"https:\/\/ahdhiya.com\/ar\/wp-json\/wp\/v2\/product_cat?post=16827"},{"taxonomy":"product_tag","embeddable":true,"href":"https:\/\/ahdhiya.com\/ar\/wp-json\/wp\/v2\/product_tag?post=16827"}],"curies":[{"name":"wp","href":"https:\/\/api.w.org\/{rel}","templated":true}]}}