{"id":16871,"date":"2026-01-09T15:18:47","date_gmt":"2026-01-09T15:18:47","guid":{"rendered":"https:\/\/ahdhiya.com\/produit\/blauer-s4buck02-lesbuck02\/"},"modified":"2026-03-12T14:04:18","modified_gmt":"2026-03-12T14:04:18","slug":"blauer-s4buck02-lesbuck02","status":"publish","type":"product","link":"https:\/\/ahdhiya.com\/ar\/product\/blauer-s4buck02-lesbuck02\/","title":{"rendered":"Blauer S4BUCK02-LESBUCK02"},"content":{"rendered":"<p>Baskets homme blanches avec logo patch contrastant en gris clair, blanc et jaune. Empi\u00e8cement contrastant bleu au talon. Semelle de 3,5 cm. Tige en cuir et cuir synth\u00e9tique, int\u00e9rieur en tissu et cuir synth\u00e9tique, semelle en caoutchouc.DESIGNED IN USAUSA BRANDMADE IN CHINA<\/p>","protected":false},"excerpt":{"rendered":"<p>Baskets homme blanches avec logo patch contrastant en gris clair, blanc et jaune. Empi\u00e8cement contrastant bleu au talon. Semelle de 3,5 cm. Tige en cuir et cuir synth\u00e9tique, int\u00e9rieur en tissu et cuir synth\u00e9tique, semelle en caoutchouc.DESIGNED IN USAUSA BRANDMADE IN CHINA<\/p>","protected":false},"featured_media":16872,"comment_status":"open","ping_status":"closed","template":"","meta":{"_gspb_post_css":"","om_disable_all_campaigns":false,"_monsterinsights_skip_tracking":false,"_monsterinsights_sitenote_active":false,"_monsterinsights_sitenote_note":"","_monsterinsights_sitenote_category":0},"product_brand":[],"product_cat":[174,92],"product_tag":[],"class_list":{"0":"post-16871","1":"product","2":"type-product","3":"status-publish","4":"has-post-thumbnail","6":"product_cat-baskets-hommes","7":"product_cat-hommes","9":"first","10":"instock","11":"shipping-taxable","12":"purchasable","13":"product-type-variable"},"aioseo_notices":[],"jetpack_sharing_enabled":true,"_links":{"self":[{"href":"https:\/\/ahdhiya.com\/ar\/wp-json\/wp\/v2\/product\/16871","targetHints":{"allow":["GET"]}}],"collection":[{"href":"https:\/\/ahdhiya.com\/ar\/wp-json\/wp\/v2\/product"}],"about":[{"href":"https:\/\/ahdhiya.com\/ar\/wp-json\/wp\/v2\/types\/product"}],"replies":[{"embeddable":true,"href":"https:\/\/ahdhiya.com\/ar\/wp-json\/wp\/v2\/comments?post=16871"}],"wp:featuredmedia":[{"embeddable":true,"href":"https:\/\/ahdhiya.com\/ar\/wp-json\/wp\/v2\/media\/16872"}],"wp:attachment":[{"href":"https:\/\/ahdhiya.com\/ar\/wp-json\/wp\/v2\/media?parent=16871"}],"wp:term":[{"taxonomy":"product_brand","embeddable":true,"href":"https:\/\/ahdhiya.com\/ar\/wp-json\/wp\/v2\/product_brand?post=16871"},{"taxonomy":"product_cat","embeddable":true,"href":"https:\/\/ahdhiya.com\/ar\/wp-json\/wp\/v2\/product_cat?post=16871"},{"taxonomy":"product_tag","embeddable":true,"href":"https:\/\/ahdhiya.com\/ar\/wp-json\/wp\/v2\/product_tag?post=16871"}],"curies":[{"name":"wp","href":"https:\/\/api.w.org\/{rel}","templated":true}]}}