{"id":17150,"date":"2026-01-09T15:30:07","date_gmt":"2026-01-09T15:30:07","guid":{"rendered":"https:\/\/ahdhiya.com\/produit\/fit-day-grafite\/"},"modified":"2026-03-12T14:04:19","modified_gmt":"2026-03-12T14:04:19","slug":"fit-day-grafite","status":"publish","type":"product","link":"https:\/\/ahdhiya.com\/ar\/product\/fit-day-grafite\/","title":{"rendered":"FIT DAY GRAFITE"},"content":{"rendered":"<p>Les chaussures Adrun sont con\u00e7ues pour offrir un \u00e9quilibre parfait entre confort, performance et style. Dot\u00e9es de semelles souples et amortissantes, elles garantissent un excellent soutien du pied, r\u00e9duisant la fatigue m\u00eame apr\u00e8s une longue journ\u00e9e. Fabriqu\u00e9es \u00e0 partir de mat\u00e9riaux respirants et r\u00e9sistants, elles assurent une bonne ventilation tout en maintenant la durabilit\u00e9, que ce soit pour le sport, les balades ou un usage quotidien. Leur design moderne, avec des finitions soign\u00e9es et des coloris tendances, apporte une touche dynamique \u00e0 toutes vos tenues.Id\u00e9ales pour ceux qui recherchent des chaussures \u00e0 la fois l\u00e9g\u00e8res, fiables et \u00e9l\u00e9gantes, les mod\u00e8les Adrun s\u2019adaptent \u00e0 toutes les occasions, en ville comme en plein air.Made in Brazil<\/p>","protected":false},"excerpt":{"rendered":"<p>Les chaussures Adrun sont con\u00e7ues pour offrir un \u00e9quilibre parfait entre confort, performance et style. Dot\u00e9es de semelles souples et amortissantes, elles garantissent un excellent soutien du pied, r\u00e9duisant la fatigue m\u00eame apr\u00e8s une longue journ\u00e9e. Fabriqu\u00e9es \u00e0 partir de mat\u00e9riaux respirants et r\u00e9sistants, elles assurent une bonne ventilation tout en maintenant la durabilit\u00e9, que ce soit pour le sport, les balades ou un usage quotidien. Leur design moderne, avec des finitions soign\u00e9es et des coloris tendances, apporte une touche dynamique \u00e0 toutes vos tenues.Id\u00e9ales pour ceux qui recherchent des chaussures \u00e0 la fois l\u00e9g\u00e8res, fiables et \u00e9l\u00e9gantes, les mod\u00e8les Adrun s\u2019adaptent \u00e0 toutes les occasions, en ville comme en plein air.Made in Brazil<\/p>","protected":false},"featured_media":17151,"comment_status":"open","ping_status":"closed","template":"","meta":{"_gspb_post_css":"","om_disable_all_campaigns":false,"_monsterinsights_skip_tracking":false,"_monsterinsights_sitenote_active":false,"_monsterinsights_sitenote_note":"","_monsterinsights_sitenote_category":0},"product_brand":[],"product_cat":[176,91],"product_tag":[],"class_list":{"0":"post-17150","1":"product","2":"type-product","3":"status-publish","4":"has-post-thumbnail","6":"product_cat-baskets-femmes","7":"product_cat-femmes","9":"first","10":"instock","11":"shipping-taxable","12":"purchasable","13":"product-type-simple"},"aioseo_notices":[],"jetpack_sharing_enabled":true,"_links":{"self":[{"href":"https:\/\/ahdhiya.com\/ar\/wp-json\/wp\/v2\/product\/17150","targetHints":{"allow":["GET"]}}],"collection":[{"href":"https:\/\/ahdhiya.com\/ar\/wp-json\/wp\/v2\/product"}],"about":[{"href":"https:\/\/ahdhiya.com\/ar\/wp-json\/wp\/v2\/types\/product"}],"replies":[{"embeddable":true,"href":"https:\/\/ahdhiya.com\/ar\/wp-json\/wp\/v2\/comments?post=17150"}],"wp:featuredmedia":[{"embeddable":true,"href":"https:\/\/ahdhiya.com\/ar\/wp-json\/wp\/v2\/media\/17151"}],"wp:attachment":[{"href":"https:\/\/ahdhiya.com\/ar\/wp-json\/wp\/v2\/media?parent=17150"}],"wp:term":[{"taxonomy":"product_brand","embeddable":true,"href":"https:\/\/ahdhiya.com\/ar\/wp-json\/wp\/v2\/product_brand?post=17150"},{"taxonomy":"product_cat","embeddable":true,"href":"https:\/\/ahdhiya.com\/ar\/wp-json\/wp\/v2\/product_cat?post=17150"},{"taxonomy":"product_tag","embeddable":true,"href":"https:\/\/ahdhiya.com\/ar\/wp-json\/wp\/v2\/product_tag?post=17150"}],"curies":[{"name":"wp","href":"https:\/\/api.w.org\/{rel}","templated":true}]}}