{"id":17230,"date":"2026-01-09T15:31:07","date_gmt":"2026-01-09T15:31:07","guid":{"rendered":"https:\/\/ahdhiya.com\/produit\/champion-footwear-3\/"},"modified":"2026-03-12T14:04:19","modified_gmt":"2026-03-12T14:04:19","slug":"champion-footwear-3","status":"publish","type":"product","link":"https:\/\/ahdhiya.com\/ar\/product\/champion-footwear-3\/","title":{"rendered":"CHAMPION FOOTWEAR"},"content":{"rendered":"<p>La Champion RD18 Mid Cut r\u00e9f. S21904-WW001 est une basket montante au style moderne, pens\u00e9e pour offrir un m\u00e9lange id\u00e9al entre confort, r\u00e9sistance et look urbain. Con\u00e7ue en similicuir de qualit\u00e9, elle pr\u00e9sente une tige solide, facile \u00e0 entretenir et agr\u00e9able \u00e0 porter au quotidien.L\u2019int\u00e9rieur est doubl\u00e9 d\u2019un textile respirant qui assure un bon confort m\u00eame lors d\u2019une utilisation prolong\u00e9e. Sa semelle ext\u00e9rieure en caoutchouc offre une adh\u00e9rence fiable et une bonne durabilit\u00e9 sur diff\u00e9rentes surfaces, ce qui en fait une chaussure id\u00e9ale pour un usage quotidien, scolaire ou casual.Le design \u00ab\u00a0mid-cut\u00a0\u00bb apporte un maintien suppl\u00e9mentaire au niveau de la cheville tout en conservant une silhouette \u00e9l\u00e9gante et polyvalente. Les lacets classiques permettent un ajustement personnalis\u00e9 et maintiennent parfaitement le pied.Avec sa construction robuste, ses finitions soign\u00e9es et son style Champion reconnaissable, cette chaussure s\u2019adapte facilement \u00e0 toute tenue streetwear ou lifestyle.<\/p>","protected":false},"excerpt":{"rendered":"<p>La Champion RD18 Mid Cut r\u00e9f. S21904-WW001 est une basket montante au style moderne, pens\u00e9e pour offrir un m\u00e9lange id\u00e9al entre confort, r\u00e9sistance et look urbain. Con\u00e7ue en similicuir de qualit\u00e9, elle pr\u00e9sente une tige solide, facile \u00e0 entretenir et agr\u00e9able \u00e0 porter au quotidien.L\u2019int\u00e9rieur est doubl\u00e9 d\u2019un textile respirant qui assure un bon confort m\u00eame lors d\u2019une utilisation prolong\u00e9e. Sa semelle ext\u00e9rieure en caoutchouc offre une adh\u00e9rence fiable et une bonne durabilit\u00e9 sur diff\u00e9rentes surfaces, ce qui en fait une chaussure id\u00e9ale pour un usage quotidien, scolaire ou casual.Le design \u00ab\u00a0mid-cut\u00a0\u00bb apporte un maintien suppl\u00e9mentaire au niveau de la cheville tout en conservant une silhouette \u00e9l\u00e9gante et polyvalente. Les lacets classiques permettent un ajustement personnalis\u00e9 et maintiennent parfaitement le pied.Avec sa construction robuste, ses finitions soign\u00e9es et son style Champion reconnaissable, cette chaussure s\u2019adapte facilement \u00e0 toute tenue streetwear ou lifestyle.<\/p>","protected":false},"featured_media":17231,"comment_status":"open","ping_status":"closed","template":"","meta":{"_gspb_post_css":"","om_disable_all_campaigns":false,"_monsterinsights_skip_tracking":false,"_monsterinsights_sitenote_active":false,"_monsterinsights_sitenote_note":"","_monsterinsights_sitenote_category":0},"product_brand":[],"product_cat":[174,92],"product_tag":[],"class_list":{"0":"post-17230","1":"product","2":"type-product","3":"status-publish","4":"has-post-thumbnail","6":"product_cat-baskets-hommes","7":"product_cat-hommes","9":"first","10":"instock","11":"shipping-taxable","12":"purchasable","13":"product-type-variable"},"aioseo_notices":[],"jetpack_sharing_enabled":true,"_links":{"self":[{"href":"https:\/\/ahdhiya.com\/ar\/wp-json\/wp\/v2\/product\/17230","targetHints":{"allow":["GET"]}}],"collection":[{"href":"https:\/\/ahdhiya.com\/ar\/wp-json\/wp\/v2\/product"}],"about":[{"href":"https:\/\/ahdhiya.com\/ar\/wp-json\/wp\/v2\/types\/product"}],"replies":[{"embeddable":true,"href":"https:\/\/ahdhiya.com\/ar\/wp-json\/wp\/v2\/comments?post=17230"}],"wp:featuredmedia":[{"embeddable":true,"href":"https:\/\/ahdhiya.com\/ar\/wp-json\/wp\/v2\/media\/17231"}],"wp:attachment":[{"href":"https:\/\/ahdhiya.com\/ar\/wp-json\/wp\/v2\/media?parent=17230"}],"wp:term":[{"taxonomy":"product_brand","embeddable":true,"href":"https:\/\/ahdhiya.com\/ar\/wp-json\/wp\/v2\/product_brand?post=17230"},{"taxonomy":"product_cat","embeddable":true,"href":"https:\/\/ahdhiya.com\/ar\/wp-json\/wp\/v2\/product_cat?post=17230"},{"taxonomy":"product_tag","embeddable":true,"href":"https:\/\/ahdhiya.com\/ar\/wp-json\/wp\/v2\/product_tag?post=17230"}],"curies":[{"name":"wp","href":"https:\/\/api.w.org\/{rel}","templated":true}]}}