{"id":17245,"date":"2026-01-09T15:31:15","date_gmt":"2026-01-09T15:31:15","guid":{"rendered":"https:\/\/ahdhiya.com\/produit\/basket-sun68-tom-fluo-11-nero\/"},"modified":"2026-03-12T14:04:19","modified_gmt":"2026-03-12T14:04:19","slug":"basket-sun68-tom-fluo-11-nero","status":"publish","type":"product","link":"https:\/\/ahdhiya.com\/ar\/product\/basket-sun68-tom-fluo-11-nero\/","title":{"rendered":"BASKET SUN68 TOM FLUO 11 NERO"},"content":{"rendered":"<p>\u00a0Description : BASKET SUN68 TOM FLUO 11 NERO .\u00a0Ces sneakers lac\u00e9es TOM FLUO 11 NERO\u00a0de la marque Sun68 allient un design dynamique et un confort optimal pour un usage quotidien.\u00a0Caract\u00e9ristiques du Produit\u00a0Marque : Sun68 \u00a0 Mod\u00e8le : Sneakers Lac\u00e9es (Lace Up Sneakers)R\u00e9f\u00e9rence Article : Z44102Couleur : NoirHauteur de la tige : Cheville\u00a0Composition et Mat\u00e9riaux\u00a0Mat\u00e9riau Principal (Tige) : Tom Fluo (d\u00e9signation du m\u00e9lange de mati\u00e8res synth\u00e9tiques et\/ou textiles caract\u00e9ristique de ce mod\u00e8le)Composition du Mat\u00e9riau : Tom FluoMat\u00e9riau de la Semelle Ext\u00e9rieure : Caoutchouc Made In China .<\/p>","protected":false},"excerpt":{"rendered":"<p>\u00a0Description : BASKET SUN68 TOM FLUO 11 NERO .\u00a0Ces sneakers lac\u00e9es TOM FLUO 11 NERO\u00a0de la marque Sun68 allient un design dynamique et un confort optimal pour un usage quotidien.\u00a0Caract\u00e9ristiques du Produit\u00a0Marque : Sun68 \u00a0 Mod\u00e8le : Sneakers Lac\u00e9es (Lace Up Sneakers)R\u00e9f\u00e9rence Article : Z44102Couleur : NoirHauteur de la tige : Cheville\u00a0Composition et Mat\u00e9riaux\u00a0Mat\u00e9riau Principal (Tige) : Tom Fluo (d\u00e9signation du m\u00e9lange de mati\u00e8res synth\u00e9tiques et\/ou textiles caract\u00e9ristique de ce mod\u00e8le)Composition du Mat\u00e9riau : Tom FluoMat\u00e9riau de la Semelle Ext\u00e9rieure : Caoutchouc Made In China .<\/p>","protected":false},"featured_media":17246,"comment_status":"open","ping_status":"closed","template":"","meta":{"_gspb_post_css":"","om_disable_all_campaigns":false,"_monsterinsights_skip_tracking":false,"_monsterinsights_sitenote_active":false,"_monsterinsights_sitenote_note":"","_monsterinsights_sitenote_category":0},"product_brand":[],"product_cat":[174,92],"product_tag":[],"class_list":{"0":"post-17245","1":"product","2":"type-product","3":"status-publish","4":"has-post-thumbnail","6":"product_cat-baskets-hommes","7":"product_cat-hommes","9":"first","10":"instock","11":"shipping-taxable","12":"purchasable","13":"product-type-variable"},"aioseo_notices":[],"jetpack_sharing_enabled":true,"_links":{"self":[{"href":"https:\/\/ahdhiya.com\/ar\/wp-json\/wp\/v2\/product\/17245","targetHints":{"allow":["GET"]}}],"collection":[{"href":"https:\/\/ahdhiya.com\/ar\/wp-json\/wp\/v2\/product"}],"about":[{"href":"https:\/\/ahdhiya.com\/ar\/wp-json\/wp\/v2\/types\/product"}],"replies":[{"embeddable":true,"href":"https:\/\/ahdhiya.com\/ar\/wp-json\/wp\/v2\/comments?post=17245"}],"wp:featuredmedia":[{"embeddable":true,"href":"https:\/\/ahdhiya.com\/ar\/wp-json\/wp\/v2\/media\/17246"}],"wp:attachment":[{"href":"https:\/\/ahdhiya.com\/ar\/wp-json\/wp\/v2\/media?parent=17245"}],"wp:term":[{"taxonomy":"product_brand","embeddable":true,"href":"https:\/\/ahdhiya.com\/ar\/wp-json\/wp\/v2\/product_brand?post=17245"},{"taxonomy":"product_cat","embeddable":true,"href":"https:\/\/ahdhiya.com\/ar\/wp-json\/wp\/v2\/product_cat?post=17245"},{"taxonomy":"product_tag","embeddable":true,"href":"https:\/\/ahdhiya.com\/ar\/wp-json\/wp\/v2\/product_tag?post=17245"}],"curies":[{"name":"wp","href":"https:\/\/api.w.org\/{rel}","templated":true}]}}