{"id":17268,"date":"2026-01-09T15:31:30","date_gmt":"2026-01-09T15:31:30","guid":{"rendered":"https:\/\/ahdhiya.com\/produit\/puma-x-ray-speed-pink-white-black-2\/"},"modified":"2026-03-12T14:04:19","modified_gmt":"2026-03-12T14:04:19","slug":"puma-x-ray-speed-pink-white-black-2","status":"publish","type":"product","link":"https:\/\/ahdhiya.com\/ar\/product\/puma-x-ray-speed-pink-white-black-2\/","title":{"rendered":"PUMA X-RAY SPEED PINK WHITE BLACK"},"content":{"rendered":"<p>Puma X-Ray Speed \u2013 Mod\u00e8le 384638-36 Affirmez votre style avec la Puma X-Ray Speed, une basket au design dynamique et r\u00e9solument moderne. Inspir\u00e9e de l\u2019h\u00e9ritage running de la marque, cette silhouette revisit\u00e9e offre un confort optimal gr\u00e2ce \u00e0 sa semelle interm\u00e9diaire en EVA l\u00e9g\u00e8re et sa semelle ext\u00e9rieure en caoutchouc assurant une bonne adh\u00e9rence. Dot\u00e9e de superpositions en mati\u00e8re synth\u00e9tique et textile, elle allie respirabilit\u00e9, maintien et durabilit\u00e9. Parfaite pour un look urbain, cette basket est id\u00e9ale \u00e0 porter au quotidien.<\/p>","protected":false},"excerpt":{"rendered":"<p>Puma X-Ray Speed \u2013 Mod\u00e8le 384638-36 Affirmez votre style avec la Puma X-Ray Speed, une basket au design dynamique et r\u00e9solument moderne. Inspir\u00e9e de l\u2019h\u00e9ritage running de la marque, cette silhouette revisit\u00e9e offre un confort optimal gr\u00e2ce \u00e0 sa semelle interm\u00e9diaire en EVA l\u00e9g\u00e8re et sa semelle ext\u00e9rieure en caoutchouc assurant une bonne adh\u00e9rence. Dot\u00e9e de superpositions en mati\u00e8re synth\u00e9tique et textile, elle allie respirabilit\u00e9, maintien et durabilit\u00e9. Parfaite pour un look urbain, cette basket est id\u00e9ale \u00e0 porter au quotidien.<\/p>","protected":false},"featured_media":0,"comment_status":"open","ping_status":"closed","template":"","meta":{"_gspb_post_css":"","om_disable_all_campaigns":false,"_monsterinsights_skip_tracking":false,"_monsterinsights_sitenote_active":false,"_monsterinsights_sitenote_note":"","_monsterinsights_sitenote_category":0},"product_brand":[],"product_cat":[176,91],"product_tag":[],"class_list":{"0":"post-17268","1":"product","2":"type-product","3":"status-publish","5":"product_cat-baskets-femmes","6":"product_cat-femmes","8":"first","9":"instock","10":"shipping-taxable","11":"purchasable","12":"product-type-simple"},"aioseo_notices":[],"jetpack_sharing_enabled":true,"_links":{"self":[{"href":"https:\/\/ahdhiya.com\/ar\/wp-json\/wp\/v2\/product\/17268","targetHints":{"allow":["GET"]}}],"collection":[{"href":"https:\/\/ahdhiya.com\/ar\/wp-json\/wp\/v2\/product"}],"about":[{"href":"https:\/\/ahdhiya.com\/ar\/wp-json\/wp\/v2\/types\/product"}],"replies":[{"embeddable":true,"href":"https:\/\/ahdhiya.com\/ar\/wp-json\/wp\/v2\/comments?post=17268"}],"wp:attachment":[{"href":"https:\/\/ahdhiya.com\/ar\/wp-json\/wp\/v2\/media?parent=17268"}],"wp:term":[{"taxonomy":"product_brand","embeddable":true,"href":"https:\/\/ahdhiya.com\/ar\/wp-json\/wp\/v2\/product_brand?post=17268"},{"taxonomy":"product_cat","embeddable":true,"href":"https:\/\/ahdhiya.com\/ar\/wp-json\/wp\/v2\/product_cat?post=17268"},{"taxonomy":"product_tag","embeddable":true,"href":"https:\/\/ahdhiya.com\/ar\/wp-json\/wp\/v2\/product_tag?post=17268"}],"curies":[{"name":"wp","href":"https:\/\/api.w.org\/{rel}","templated":true}]}}