{"id":17343,"date":"2026-01-09T15:35:53","date_gmt":"2026-01-09T15:35:53","guid":{"rendered":"https:\/\/ahdhiya.com\/produit\/basket-peak-sport-running\/"},"modified":"2026-03-12T14:04:19","modified_gmt":"2026-03-12T14:04:19","slug":"basket-peak-sport-running","status":"publish","type":"product","link":"https:\/\/ahdhiya.com\/ar\/product\/basket-peak-sport-running\/","title":{"rendered":"BASKET PEAK SPORT RUNNING"},"content":{"rendered":"<p>Description :\u00a0Cette chaussure de sport, vendue par Starlet Shoes, est con\u00e7ue pour la performance et le confort, avec une emphase sur la durabilit\u00e9 et le style. Elle est pr\u00e9sent\u00e9e comme une chaussure de course confortable pour hommes.D\u00e9tails et Caract\u00e9ristiques Techniques :Couleur : Navy (Bleu Marine).R\u00e9f\u00e9rence (SKU) : EW2207H-007-NVY.Tige (UPPER) :Soutien (Supporting).Enveloppement (Wrapping).Respirante (Breathable).Semelle Ext\u00e9rieure (OUTSOLE) :Stable.Antid\u00e9rapante (Anti-Slip).R\u00e9sistante \u00e0 l&rsquo;usure (Wear Resistant).Semelle Int\u00e9rieure (INSOLE) :Absorption des chocs (Shock Absorbing).L\u00e9g\u00e8re (Light). MADE IN CHINA\u00a0\u00a0<\/p>","protected":false},"excerpt":{"rendered":"<p>Description :\u00a0Cette chaussure de sport, vendue par Starlet Shoes, est con\u00e7ue pour la performance et le confort, avec une emphase sur la durabilit\u00e9 et le style. Elle est pr\u00e9sent\u00e9e comme une chaussure de course confortable pour hommes.D\u00e9tails et Caract\u00e9ristiques Techniques :Couleur : Navy (Bleu Marine).R\u00e9f\u00e9rence (SKU) : EW2207H-007-NVY.Tige (UPPER) :Soutien (Supporting).Enveloppement (Wrapping).Respirante (Breathable).Semelle Ext\u00e9rieure (OUTSOLE) :Stable.Antid\u00e9rapante (Anti-Slip).R\u00e9sistante \u00e0 l&rsquo;usure (Wear Resistant).Semelle Int\u00e9rieure (INSOLE) :Absorption des chocs (Shock Absorbing).L\u00e9g\u00e8re (Light). MADE IN CHINA\u00a0\u00a0<\/p>","protected":false},"featured_media":17344,"comment_status":"open","ping_status":"closed","template":"","meta":{"_gspb_post_css":"","om_disable_all_campaigns":false,"_monsterinsights_skip_tracking":false,"_monsterinsights_sitenote_active":false,"_monsterinsights_sitenote_note":"","_monsterinsights_sitenote_category":0},"product_brand":[],"product_cat":[174,92],"product_tag":[],"class_list":{"0":"post-17343","1":"product","2":"type-product","3":"status-publish","4":"has-post-thumbnail","6":"product_cat-baskets-hommes","7":"product_cat-hommes","9":"first","10":"instock","11":"shipping-taxable","12":"purchasable","13":"product-type-variable"},"aioseo_notices":[],"jetpack_sharing_enabled":true,"_links":{"self":[{"href":"https:\/\/ahdhiya.com\/ar\/wp-json\/wp\/v2\/product\/17343","targetHints":{"allow":["GET"]}}],"collection":[{"href":"https:\/\/ahdhiya.com\/ar\/wp-json\/wp\/v2\/product"}],"about":[{"href":"https:\/\/ahdhiya.com\/ar\/wp-json\/wp\/v2\/types\/product"}],"replies":[{"embeddable":true,"href":"https:\/\/ahdhiya.com\/ar\/wp-json\/wp\/v2\/comments?post=17343"}],"wp:featuredmedia":[{"embeddable":true,"href":"https:\/\/ahdhiya.com\/ar\/wp-json\/wp\/v2\/media\/17344"}],"wp:attachment":[{"href":"https:\/\/ahdhiya.com\/ar\/wp-json\/wp\/v2\/media?parent=17343"}],"wp:term":[{"taxonomy":"product_brand","embeddable":true,"href":"https:\/\/ahdhiya.com\/ar\/wp-json\/wp\/v2\/product_brand?post=17343"},{"taxonomy":"product_cat","embeddable":true,"href":"https:\/\/ahdhiya.com\/ar\/wp-json\/wp\/v2\/product_cat?post=17343"},{"taxonomy":"product_tag","embeddable":true,"href":"https:\/\/ahdhiya.com\/ar\/wp-json\/wp\/v2\/product_tag?post=17343"}],"curies":[{"name":"wp","href":"https:\/\/api.w.org\/{rel}","templated":true}]}}