{"id":17357,"date":"2026-01-09T15:36:02","date_gmt":"2026-01-09T15:36:02","guid":{"rendered":"https:\/\/ahdhiya.com\/produit\/reebok-nano-gym\/"},"modified":"2026-03-12T14:04:20","modified_gmt":"2026-03-12T14:04:20","slug":"reebok-nano-gym","status":"publish","type":"product","link":"https:\/\/ahdhiya.com\/ar\/product\/reebok-nano-gym\/","title":{"rendered":"REEBOK NANO GYM"},"content":{"rendered":"<p>Les Reebok Nano Gym sont sp\u00e9cialement con\u00e7ues pour les amateurs de fitness et de musculation qui recherchent stabilit\u00e9, r\u00e9sistance et confort. Gr\u00e2ce \u00e0 leur tige robuste et respirante, elles offrent un maintien optimal tout en gardant vos pieds au frais pendant l\u2019effort.La semelle interm\u00e9diaire amortissante absorbe les chocs lors des mouvements intenses, tandis que la semelle ext\u00e9rieure adh\u00e9rente assure une excellente traction, id\u00e9ale pour les entra\u00eenements en salle ou les exercices fonctionnels.Alliant design sportif moderne et performance technique, les Reebok Nano Gym sont le partenaire id\u00e9al pour vos s\u00e9ances de gym, de cross-training ou de renforcement musculaire.<\/p>","protected":false},"excerpt":{"rendered":"<p>Les Reebok Nano Gym sont sp\u00e9cialement con\u00e7ues pour les amateurs de fitness et de musculation qui recherchent stabilit\u00e9, r\u00e9sistance et confort. Gr\u00e2ce \u00e0 leur tige robuste et respirante, elles offrent un maintien optimal tout en gardant vos pieds au frais pendant l\u2019effort.La semelle interm\u00e9diaire amortissante absorbe les chocs lors des mouvements intenses, tandis que la semelle ext\u00e9rieure adh\u00e9rente assure une excellente traction, id\u00e9ale pour les entra\u00eenements en salle ou les exercices fonctionnels.Alliant design sportif moderne et performance technique, les Reebok Nano Gym sont le partenaire id\u00e9al pour vos s\u00e9ances de gym, de cross-training ou de renforcement musculaire.<\/p>","protected":false},"featured_media":17358,"comment_status":"open","ping_status":"closed","template":"","meta":{"_gspb_post_css":"","om_disable_all_campaigns":false,"_monsterinsights_skip_tracking":false,"_monsterinsights_sitenote_active":false,"_monsterinsights_sitenote_note":"","_monsterinsights_sitenote_category":0},"product_brand":[],"product_cat":[174,92],"product_tag":[],"class_list":{"0":"post-17357","1":"product","2":"type-product","3":"status-publish","4":"has-post-thumbnail","6":"product_cat-baskets-hommes","7":"product_cat-hommes","9":"first","10":"instock","11":"shipping-taxable","12":"purchasable","13":"product-type-variable"},"aioseo_notices":[],"jetpack_sharing_enabled":true,"_links":{"self":[{"href":"https:\/\/ahdhiya.com\/ar\/wp-json\/wp\/v2\/product\/17357","targetHints":{"allow":["GET"]}}],"collection":[{"href":"https:\/\/ahdhiya.com\/ar\/wp-json\/wp\/v2\/product"}],"about":[{"href":"https:\/\/ahdhiya.com\/ar\/wp-json\/wp\/v2\/types\/product"}],"replies":[{"embeddable":true,"href":"https:\/\/ahdhiya.com\/ar\/wp-json\/wp\/v2\/comments?post=17357"}],"wp:featuredmedia":[{"embeddable":true,"href":"https:\/\/ahdhiya.com\/ar\/wp-json\/wp\/v2\/media\/17358"}],"wp:attachment":[{"href":"https:\/\/ahdhiya.com\/ar\/wp-json\/wp\/v2\/media?parent=17357"}],"wp:term":[{"taxonomy":"product_brand","embeddable":true,"href":"https:\/\/ahdhiya.com\/ar\/wp-json\/wp\/v2\/product_brand?post=17357"},{"taxonomy":"product_cat","embeddable":true,"href":"https:\/\/ahdhiya.com\/ar\/wp-json\/wp\/v2\/product_cat?post=17357"},{"taxonomy":"product_tag","embeddable":true,"href":"https:\/\/ahdhiya.com\/ar\/wp-json\/wp\/v2\/product_tag?post=17357"}],"curies":[{"name":"wp","href":"https:\/\/api.w.org\/{rel}","templated":true}]}}