{"id":17642,"date":"2026-01-09T15:41:55","date_gmt":"2026-01-09T15:41:55","guid":{"rendered":"https:\/\/ahdhiya.com\/produit\/geox-boots\/"},"modified":"2026-03-12T14:04:21","modified_gmt":"2026-03-12T14:04:21","slug":"geox-boots","status":"publish","type":"product","link":"https:\/\/ahdhiya.com\/ar\/product\/geox-boots\/","title":{"rendered":"GEOX BOOTS"},"content":{"rendered":"<p>Description :\u00a0Ces bottines Chelsea Geox FLUCTIS (R\u00e9f. D36TDA00043C9999) pour femme sont un mod\u00e8le l\u00e9ger de couleur Noire, parfait pour un style m\u00e9tropolitain et quotidien, alliant \u00e9l\u00e9gance et confort.Design : Bottine Chelsea classique, \u00e0 l&rsquo;esth\u00e9tique soign\u00e9e et contemporaine.Couleur : Noir.Fermeture : Mod\u00e8le \u00e0 enfiler, gr\u00e2ce \u00e0 l&#8217;empi\u00e8cement \u00e9lastique sur la tige, ce qui les rend rapides et faciles \u00e0 chausser.Mati\u00e8res : Elles sont principalement compos\u00e9es de cuir souple (85% cuir, 15% textile pour la tige) et poss\u00e8dent une semelle int\u00e9rieure 100% cuir (amovible).Technologies &amp; Confort :Elles int\u00e8grent le syst\u00e8me brevet\u00e9 Geox Respira\u2122 (semelle perfor\u00e9e avec membrane respirante et imperm\u00e9able) pour un confort thermique optimal.Elles sont l\u00e9g\u00e8res et reposent sur une semelle ext\u00e9rieure ultra-amortissante gr\u00e2ce au Zero Shock System, garantissant un amorti am\u00e9lior\u00e9 \u00e0 chaque pas. MADE IN CHINA .<\/p>","protected":false},"excerpt":{"rendered":"<p>Description :\u00a0Ces bottines Chelsea Geox FLUCTIS (R\u00e9f. D36TDA00043C9999) pour femme sont un mod\u00e8le l\u00e9ger de couleur Noire, parfait pour un style m\u00e9tropolitain et quotidien, alliant \u00e9l\u00e9gance et confort.Design : Bottine Chelsea classique, \u00e0 l&rsquo;esth\u00e9tique soign\u00e9e et contemporaine.Couleur : Noir.Fermeture : Mod\u00e8le \u00e0 enfiler, gr\u00e2ce \u00e0 l&#8217;empi\u00e8cement \u00e9lastique sur la tige, ce qui les rend rapides et faciles \u00e0 chausser.Mati\u00e8res : Elles sont principalement compos\u00e9es de cuir souple (85% cuir, 15% textile pour la tige) et poss\u00e8dent une semelle int\u00e9rieure 100% cuir (amovible).Technologies &amp; Confort :Elles int\u00e8grent le syst\u00e8me brevet\u00e9 Geox Respira\u2122 (semelle perfor\u00e9e avec membrane respirante et imperm\u00e9able) pour un confort thermique optimal.Elles sont l\u00e9g\u00e8res et reposent sur une semelle ext\u00e9rieure ultra-amortissante gr\u00e2ce au Zero Shock System, garantissant un amorti am\u00e9lior\u00e9 \u00e0 chaque pas. MADE IN CHINA .<\/p>","protected":false},"featured_media":17643,"comment_status":"open","ping_status":"closed","template":"","meta":{"_gspb_post_css":"","om_disable_all_campaigns":false,"_monsterinsights_skip_tracking":false,"_monsterinsights_sitenote_active":false,"_monsterinsights_sitenote_note":"","_monsterinsights_sitenote_category":0},"product_brand":[],"product_cat":[91,189],"product_tag":[],"class_list":{"0":"post-17642","1":"product","2":"type-product","3":"status-publish","4":"has-post-thumbnail","6":"product_cat-femmes","7":"product_cat-godasses-et-boots-femmes","9":"first","10":"instock","11":"shipping-taxable","12":"purchasable","13":"product-type-variable"},"aioseo_notices":[],"jetpack_sharing_enabled":true,"_links":{"self":[{"href":"https:\/\/ahdhiya.com\/ar\/wp-json\/wp\/v2\/product\/17642","targetHints":{"allow":["GET"]}}],"collection":[{"href":"https:\/\/ahdhiya.com\/ar\/wp-json\/wp\/v2\/product"}],"about":[{"href":"https:\/\/ahdhiya.com\/ar\/wp-json\/wp\/v2\/types\/product"}],"replies":[{"embeddable":true,"href":"https:\/\/ahdhiya.com\/ar\/wp-json\/wp\/v2\/comments?post=17642"}],"wp:featuredmedia":[{"embeddable":true,"href":"https:\/\/ahdhiya.com\/ar\/wp-json\/wp\/v2\/media\/17643"}],"wp:attachment":[{"href":"https:\/\/ahdhiya.com\/ar\/wp-json\/wp\/v2\/media?parent=17642"}],"wp:term":[{"taxonomy":"product_brand","embeddable":true,"href":"https:\/\/ahdhiya.com\/ar\/wp-json\/wp\/v2\/product_brand?post=17642"},{"taxonomy":"product_cat","embeddable":true,"href":"https:\/\/ahdhiya.com\/ar\/wp-json\/wp\/v2\/product_cat?post=17642"},{"taxonomy":"product_tag","embeddable":true,"href":"https:\/\/ahdhiya.com\/ar\/wp-json\/wp\/v2\/product_tag?post=17642"}],"curies":[{"name":"wp","href":"https:\/\/api.w.org\/{rel}","templated":true}]}}