{"id":17875,"date":"2026-01-09T15:51:29","date_gmt":"2026-01-09T15:51:29","guid":{"rendered":"https:\/\/ahdhiya.com\/produit\/basket-sun68-01-bianco\/"},"modified":"2026-03-12T14:04:22","modified_gmt":"2026-03-12T14:04:22","slug":"basket-sun68-01-bianco","status":"publish","type":"product","link":"https:\/\/ahdhiya.com\/ar\/product\/basket-sun68-01-bianco\/","title":{"rendered":"BASKET SUN68-01-BIANCO"},"content":{"rendered":"<p>Description :\u00a0Ces baskets Sun68 combinent \u00e9l\u00e9gance d\u00e9contract\u00e9e et touches dynamiques. Con\u00e7ues \u00e0 partir d&rsquo;un m\u00e9lange premium de cuir et de tissu technique, elles offrent \u00e0 la fois durabilit\u00e9 et confort.Design : Dot\u00e9es d&rsquo;un bout arrondi et de d\u00e9tails fluo discrets mais tendance.Marquage : Le logo distinctif de Sun68 est appos\u00e9 et visible sur le c\u00f4t\u00e9 de la chaussure, la languette et \u00e0 l&rsquo;arri\u00e8re.Fermeture : Syst\u00e8me de la\u00e7age classique (une paire de deux lacets diff\u00e9rents est fournie, offrant des options de style).Semelle : Repose sur une semelle ext\u00e9rieure en caoutchouc pour une adh\u00e9rence optimale.Int\u00e9rieur : Doublure en tissu pour un confort accru.Composition :Cuir : 52 %Textile : 45 %Polyur\u00e9thane : 3 % Made In China .\u00a0<\/p>","protected":false},"excerpt":{"rendered":"<p>Description :\u00a0Ces baskets Sun68 combinent \u00e9l\u00e9gance d\u00e9contract\u00e9e et touches dynamiques. Con\u00e7ues \u00e0 partir d&rsquo;un m\u00e9lange premium de cuir et de tissu technique, elles offrent \u00e0 la fois durabilit\u00e9 et confort.Design : Dot\u00e9es d&rsquo;un bout arrondi et de d\u00e9tails fluo discrets mais tendance.Marquage : Le logo distinctif de Sun68 est appos\u00e9 et visible sur le c\u00f4t\u00e9 de la chaussure, la languette et \u00e0 l&rsquo;arri\u00e8re.Fermeture : Syst\u00e8me de la\u00e7age classique (une paire de deux lacets diff\u00e9rents est fournie, offrant des options de style).Semelle : Repose sur une semelle ext\u00e9rieure en caoutchouc pour une adh\u00e9rence optimale.Int\u00e9rieur : Doublure en tissu pour un confort accru.Composition :Cuir : 52 %Textile : 45 %Polyur\u00e9thane : 3 % Made In China .\u00a0<\/p>","protected":false},"featured_media":17876,"comment_status":"open","ping_status":"closed","template":"","meta":{"_gspb_post_css":"","om_disable_all_campaigns":false,"_monsterinsights_skip_tracking":false,"_monsterinsights_sitenote_active":false,"_monsterinsights_sitenote_note":"","_monsterinsights_sitenote_category":0},"product_brand":[],"product_cat":[174,92],"product_tag":[],"class_list":{"0":"post-17875","1":"product","2":"type-product","3":"status-publish","4":"has-post-thumbnail","6":"product_cat-baskets-hommes","7":"product_cat-hommes","9":"first","10":"instock","11":"shipping-taxable","12":"purchasable","13":"product-type-variable"},"aioseo_notices":[],"jetpack_sharing_enabled":true,"_links":{"self":[{"href":"https:\/\/ahdhiya.com\/ar\/wp-json\/wp\/v2\/product\/17875","targetHints":{"allow":["GET"]}}],"collection":[{"href":"https:\/\/ahdhiya.com\/ar\/wp-json\/wp\/v2\/product"}],"about":[{"href":"https:\/\/ahdhiya.com\/ar\/wp-json\/wp\/v2\/types\/product"}],"replies":[{"embeddable":true,"href":"https:\/\/ahdhiya.com\/ar\/wp-json\/wp\/v2\/comments?post=17875"}],"wp:featuredmedia":[{"embeddable":true,"href":"https:\/\/ahdhiya.com\/ar\/wp-json\/wp\/v2\/media\/17876"}],"wp:attachment":[{"href":"https:\/\/ahdhiya.com\/ar\/wp-json\/wp\/v2\/media?parent=17875"}],"wp:term":[{"taxonomy":"product_brand","embeddable":true,"href":"https:\/\/ahdhiya.com\/ar\/wp-json\/wp\/v2\/product_brand?post=17875"},{"taxonomy":"product_cat","embeddable":true,"href":"https:\/\/ahdhiya.com\/ar\/wp-json\/wp\/v2\/product_cat?post=17875"},{"taxonomy":"product_tag","embeddable":true,"href":"https:\/\/ahdhiya.com\/ar\/wp-json\/wp\/v2\/product_tag?post=17875"}],"curies":[{"name":"wp","href":"https:\/\/api.w.org\/{rel}","templated":true}]}}