{"id":17921,"date":"2026-01-09T15:51:52","date_gmt":"2026-01-09T15:51:52","guid":{"rendered":"https:\/\/ahdhiya.com\/produit\/bikkembergs-white\/"},"modified":"2026-03-12T14:04:22","modified_gmt":"2026-03-12T14:04:22","slug":"bikkembergs-white","status":"publish","type":"product","link":"https:\/\/ahdhiya.com\/ar\/product\/bikkembergs-white\/","title":{"rendered":"BIKKEMBERGS WHITE"},"content":{"rendered":"<p>Fabriqu\u00e9es en cuir, tissu et daim, les baskets pour homme Retr\u00f2 M sont orn\u00e9es d&rsquo;une bande contrast\u00e9e bord\u00e9e d&rsquo;un logo sur le c\u00f4t\u00e9. Ces chaussures de sport sont dot\u00e9es de semelles en EVA et en caoutchouc, avec un d\u00e9tail qui court sur toute la longueur de la tige.<\/p>","protected":false},"excerpt":{"rendered":"<p>Fabriqu\u00e9es en cuir, tissu et daim, les baskets pour homme Retr\u00f2 M sont orn\u00e9es d&rsquo;une bande contrast\u00e9e bord\u00e9e d&rsquo;un logo sur le c\u00f4t\u00e9. Ces chaussures de sport sont dot\u00e9es de semelles en EVA et en caoutchouc, avec un d\u00e9tail qui court sur toute la longueur de la tige.<\/p>","protected":false},"featured_media":17922,"comment_status":"open","ping_status":"closed","template":"","meta":{"_gspb_post_css":"","om_disable_all_campaigns":false,"_monsterinsights_skip_tracking":false,"_monsterinsights_sitenote_active":false,"_monsterinsights_sitenote_note":"","_monsterinsights_sitenote_category":0},"product_brand":[],"product_cat":[174,92],"product_tag":[],"class_list":{"0":"post-17921","1":"product","2":"type-product","3":"status-publish","4":"has-post-thumbnail","6":"product_cat-baskets-hommes","7":"product_cat-hommes","9":"first","10":"instock","11":"shipping-taxable","12":"purchasable","13":"product-type-variable"},"aioseo_notices":[],"jetpack_sharing_enabled":true,"_links":{"self":[{"href":"https:\/\/ahdhiya.com\/ar\/wp-json\/wp\/v2\/product\/17921","targetHints":{"allow":["GET"]}}],"collection":[{"href":"https:\/\/ahdhiya.com\/ar\/wp-json\/wp\/v2\/product"}],"about":[{"href":"https:\/\/ahdhiya.com\/ar\/wp-json\/wp\/v2\/types\/product"}],"replies":[{"embeddable":true,"href":"https:\/\/ahdhiya.com\/ar\/wp-json\/wp\/v2\/comments?post=17921"}],"wp:featuredmedia":[{"embeddable":true,"href":"https:\/\/ahdhiya.com\/ar\/wp-json\/wp\/v2\/media\/17922"}],"wp:attachment":[{"href":"https:\/\/ahdhiya.com\/ar\/wp-json\/wp\/v2\/media?parent=17921"}],"wp:term":[{"taxonomy":"product_brand","embeddable":true,"href":"https:\/\/ahdhiya.com\/ar\/wp-json\/wp\/v2\/product_brand?post=17921"},{"taxonomy":"product_cat","embeddable":true,"href":"https:\/\/ahdhiya.com\/ar\/wp-json\/wp\/v2\/product_cat?post=17921"},{"taxonomy":"product_tag","embeddable":true,"href":"https:\/\/ahdhiya.com\/ar\/wp-json\/wp\/v2\/product_tag?post=17921"}],"curies":[{"name":"wp","href":"https:\/\/api.w.org\/{rel}","templated":true}]}}