{"id":17960,"date":"2026-01-09T15:53:49","date_gmt":"2026-01-09T15:53:49","guid":{"rendered":"https:\/\/ahdhiya.com\/produit\/reebok-court-advance-7\/"},"modified":"2026-03-12T14:04:22","modified_gmt":"2026-03-12T14:04:22","slug":"reebok-court-advance-7","status":"publish","type":"product","link":"https:\/\/ahdhiya.com\/ar\/product\/reebok-court-advance-7\/","title":{"rendered":"REEBOK COURT ADVANCE"},"content":{"rendered":"<p>Les Reebok Court Advance r\u00e9inventent le style r\u00e9tro-tennis avec une touche moderne et \u00e9l\u00e9gante. Inspir\u00e9es des classiques de la marque, elles associent une tige r\u00e9sistante et facile d\u2019entretien \u00e0 un design \u00e9pur\u00e9 qui s\u2019adapte \u00e0 toutes vos tenues.Leur semelle interm\u00e9diaire l\u00e9g\u00e8re assure un confort optimal au quotidien, tandis que la semelle ext\u00e9rieure en caoutchouc garantit une bonne adh\u00e9rence et une durabilit\u00e9 renforc\u00e9e. Polyvalentes et styl\u00e9es, elles se portent aussi bien en ville que pour vos moments de d\u00e9tente.Avec les Court Advance, Reebok signe une sneaker intemporelle, parfaite pour ceux qui recherchent \u00e0 la fois confort, authenticit\u00e9 et look moderne.<\/p>","protected":false},"excerpt":{"rendered":"<p>Les Reebok Court Advance r\u00e9inventent le style r\u00e9tro-tennis avec une touche moderne et \u00e9l\u00e9gante. Inspir\u00e9es des classiques de la marque, elles associent une tige r\u00e9sistante et facile d\u2019entretien \u00e0 un design \u00e9pur\u00e9 qui s\u2019adapte \u00e0 toutes vos tenues.Leur semelle interm\u00e9diaire l\u00e9g\u00e8re assure un confort optimal au quotidien, tandis que la semelle ext\u00e9rieure en caoutchouc garantit une bonne adh\u00e9rence et une durabilit\u00e9 renforc\u00e9e. Polyvalentes et styl\u00e9es, elles se portent aussi bien en ville que pour vos moments de d\u00e9tente.Avec les Court Advance, Reebok signe une sneaker intemporelle, parfaite pour ceux qui recherchent \u00e0 la fois confort, authenticit\u00e9 et look moderne.<\/p>","protected":false},"featured_media":17961,"comment_status":"open","ping_status":"closed","template":"","meta":{"_gspb_post_css":"","om_disable_all_campaigns":false,"_monsterinsights_skip_tracking":false,"_monsterinsights_sitenote_active":false,"_monsterinsights_sitenote_note":"","_monsterinsights_sitenote_category":0},"product_brand":[],"product_cat":[174,92],"product_tag":[],"class_list":{"0":"post-17960","1":"product","2":"type-product","3":"status-publish","4":"has-post-thumbnail","6":"product_cat-baskets-hommes","7":"product_cat-hommes","9":"first","10":"instock","11":"shipping-taxable","12":"purchasable","13":"product-type-variable"},"aioseo_notices":[],"jetpack_sharing_enabled":true,"_links":{"self":[{"href":"https:\/\/ahdhiya.com\/ar\/wp-json\/wp\/v2\/product\/17960","targetHints":{"allow":["GET"]}}],"collection":[{"href":"https:\/\/ahdhiya.com\/ar\/wp-json\/wp\/v2\/product"}],"about":[{"href":"https:\/\/ahdhiya.com\/ar\/wp-json\/wp\/v2\/types\/product"}],"replies":[{"embeddable":true,"href":"https:\/\/ahdhiya.com\/ar\/wp-json\/wp\/v2\/comments?post=17960"}],"wp:featuredmedia":[{"embeddable":true,"href":"https:\/\/ahdhiya.com\/ar\/wp-json\/wp\/v2\/media\/17961"}],"wp:attachment":[{"href":"https:\/\/ahdhiya.com\/ar\/wp-json\/wp\/v2\/media?parent=17960"}],"wp:term":[{"taxonomy":"product_brand","embeddable":true,"href":"https:\/\/ahdhiya.com\/ar\/wp-json\/wp\/v2\/product_brand?post=17960"},{"taxonomy":"product_cat","embeddable":true,"href":"https:\/\/ahdhiya.com\/ar\/wp-json\/wp\/v2\/product_cat?post=17960"},{"taxonomy":"product_tag","embeddable":true,"href":"https:\/\/ahdhiya.com\/ar\/wp-json\/wp\/v2\/product_tag?post=17960"}],"curies":[{"name":"wp","href":"https:\/\/api.w.org\/{rel}","templated":true}]}}