{"id":17999,"date":"2026-01-09T15:54:18","date_gmt":"2026-01-09T15:54:18","guid":{"rendered":"https:\/\/ahdhiya.com\/produit\/basket-champion-10\/"},"modified":"2026-03-12T14:04:22","modified_gmt":"2026-03-12T14:04:22","slug":"basket-champion-10","status":"publish","type":"product","link":"https:\/\/ahdhiya.com\/ar\/product\/basket-champion-10\/","title":{"rendered":"BASKET CHAMPION"},"content":{"rendered":"<p>Description :\u00a0Ces chaussures Champion Legacy CLIMB RX MID B GS , bien que d\u00e9sign\u00e9es comme chaussures de trekking sur le site, sont des mod\u00e8les lifestyle montants adapt\u00e9s \u00e0 la marche quotidienne durant l&rsquo;automne et l&rsquo;hiver. Elles sont de couleur noire et fabriqu\u00e9es avec une tige en cuir \u00e9cologique. Confortables et chaudes, elles sont con\u00e7ues pour un usage urbain et d\u00e9contract\u00e9. La semelle ext\u00e9rieure en mousse EVA est l\u00e9g\u00e8re et flexible, tout en \u00e9tant antid\u00e9rapante, assurant \u00e0 la fois confort et bonne traction.MADE IN CHINA .\u00a0<\/p>","protected":false},"excerpt":{"rendered":"<p>Description :\u00a0Ces chaussures Champion Legacy CLIMB RX MID B GS , bien que d\u00e9sign\u00e9es comme chaussures de trekking sur le site, sont des mod\u00e8les lifestyle montants adapt\u00e9s \u00e0 la marche quotidienne durant l&rsquo;automne et l&rsquo;hiver. Elles sont de couleur noire et fabriqu\u00e9es avec une tige en cuir \u00e9cologique. Confortables et chaudes, elles sont con\u00e7ues pour un usage urbain et d\u00e9contract\u00e9. La semelle ext\u00e9rieure en mousse EVA est l\u00e9g\u00e8re et flexible, tout en \u00e9tant antid\u00e9rapante, assurant \u00e0 la fois confort et bonne traction.MADE IN CHINA .\u00a0<\/p>","protected":false},"featured_media":18000,"comment_status":"open","ping_status":"closed","template":"","meta":{"_gspb_post_css":"","om_disable_all_campaigns":false,"_monsterinsights_skip_tracking":false,"_monsterinsights_sitenote_active":false,"_monsterinsights_sitenote_note":"","_monsterinsights_sitenote_category":0},"product_brand":[],"product_cat":[174,92],"product_tag":[],"class_list":{"0":"post-17999","1":"product","2":"type-product","3":"status-publish","4":"has-post-thumbnail","6":"product_cat-baskets-hommes","7":"product_cat-hommes","9":"first","10":"instock","11":"shipping-taxable","12":"purchasable","13":"product-type-simple"},"aioseo_notices":[],"jetpack_sharing_enabled":true,"_links":{"self":[{"href":"https:\/\/ahdhiya.com\/ar\/wp-json\/wp\/v2\/product\/17999","targetHints":{"allow":["GET"]}}],"collection":[{"href":"https:\/\/ahdhiya.com\/ar\/wp-json\/wp\/v2\/product"}],"about":[{"href":"https:\/\/ahdhiya.com\/ar\/wp-json\/wp\/v2\/types\/product"}],"replies":[{"embeddable":true,"href":"https:\/\/ahdhiya.com\/ar\/wp-json\/wp\/v2\/comments?post=17999"}],"wp:featuredmedia":[{"embeddable":true,"href":"https:\/\/ahdhiya.com\/ar\/wp-json\/wp\/v2\/media\/18000"}],"wp:attachment":[{"href":"https:\/\/ahdhiya.com\/ar\/wp-json\/wp\/v2\/media?parent=17999"}],"wp:term":[{"taxonomy":"product_brand","embeddable":true,"href":"https:\/\/ahdhiya.com\/ar\/wp-json\/wp\/v2\/product_brand?post=17999"},{"taxonomy":"product_cat","embeddable":true,"href":"https:\/\/ahdhiya.com\/ar\/wp-json\/wp\/v2\/product_cat?post=17999"},{"taxonomy":"product_tag","embeddable":true,"href":"https:\/\/ahdhiya.com\/ar\/wp-json\/wp\/v2\/product_tag?post=17999"}],"curies":[{"name":"wp","href":"https:\/\/api.w.org\/{rel}","templated":true}]}}