{"id":18142,"date":"2026-01-09T15:56:40","date_gmt":"2026-01-09T15:56:40","guid":{"rendered":"https:\/\/ahdhiya.com\/produit\/geox-u-sandford-b-abx-a-wr-s-wa-s-2\/"},"modified":"2026-03-12T14:04:23","modified_gmt":"2026-03-12T14:04:23","slug":"geox-u-sandford-b-abx-a-wr-s-wa-s-2","status":"publish","type":"product","link":"https:\/\/ahdhiya.com\/ar\/product\/geox-u-sandford-b-abx-a-wr-s-wa-s-2\/","title":{"rendered":"GEOX U SANDFORD B ABX A &#8211; WR.S WA.S"},"content":{"rendered":"<p>Caract\u00e9ristiques \u2013 GEOX U SANDFORD B ABX A (WR.S WA.S)Type : Sneaker imperm\u00e9able pour hommeTechnologie : Amphibiox (ABX) \u2013 protection avanc\u00e9e contre la pluie et l\u2019humidit\u00e9Tige : Combinaison de mat\u00e9riaux r\u00e9sistants \u00e0 l\u2019eau (WR.S) et textile technique imperm\u00e9able (WA.S)Respirabilit\u00e9 : Syst\u00e8me GEOX permettant une ventilation efficace malgr\u00e9 l\u2019imperm\u00e9abilit\u00e9Doublure : Textile doux et respirantSemelle ext\u00e9rieure : Caoutchouc antid\u00e9rapant offrant traction et stabilit\u00e9Semelle int\u00e9rieure : Amortissante, souple et confortableFermeture : LacetsStyle : Look urbain, moderne et fonctionnelUsage : Parfaite pour les journ\u00e9es pluvieuses, la marche quotidienne et les d\u00e9placements urbains<\/p>","protected":false},"excerpt":{"rendered":"<p>Caract\u00e9ristiques \u2013 GEOX U SANDFORD B ABX A (WR.S WA.S)Type : Sneaker imperm\u00e9able pour hommeTechnologie : Amphibiox (ABX) \u2013 protection avanc\u00e9e contre la pluie et l\u2019humidit\u00e9Tige : Combinaison de mat\u00e9riaux r\u00e9sistants \u00e0 l\u2019eau (WR.S) et textile technique imperm\u00e9able (WA.S)Respirabilit\u00e9 : Syst\u00e8me GEOX permettant une ventilation efficace malgr\u00e9 l\u2019imperm\u00e9abilit\u00e9Doublure : Textile doux et respirantSemelle ext\u00e9rieure : Caoutchouc antid\u00e9rapant offrant traction et stabilit\u00e9Semelle int\u00e9rieure : Amortissante, souple et confortableFermeture : LacetsStyle : Look urbain, moderne et fonctionnelUsage : Parfaite pour les journ\u00e9es pluvieuses, la marche quotidienne et les d\u00e9placements urbains<\/p>","protected":false},"featured_media":18143,"comment_status":"open","ping_status":"closed","template":"","meta":{"_gspb_post_css":"","om_disable_all_campaigns":false,"_monsterinsights_skip_tracking":false,"_monsterinsights_sitenote_active":false,"_monsterinsights_sitenote_note":"","_monsterinsights_sitenote_category":0},"product_brand":[],"product_cat":[174,92],"product_tag":[],"class_list":{"0":"post-18142","1":"product","2":"type-product","3":"status-publish","4":"has-post-thumbnail","6":"product_cat-baskets-hommes","7":"product_cat-hommes","9":"first","10":"instock","11":"shipping-taxable","12":"purchasable","13":"product-type-variable"},"aioseo_notices":[],"jetpack_sharing_enabled":true,"_links":{"self":[{"href":"https:\/\/ahdhiya.com\/ar\/wp-json\/wp\/v2\/product\/18142","targetHints":{"allow":["GET"]}}],"collection":[{"href":"https:\/\/ahdhiya.com\/ar\/wp-json\/wp\/v2\/product"}],"about":[{"href":"https:\/\/ahdhiya.com\/ar\/wp-json\/wp\/v2\/types\/product"}],"replies":[{"embeddable":true,"href":"https:\/\/ahdhiya.com\/ar\/wp-json\/wp\/v2\/comments?post=18142"}],"wp:featuredmedia":[{"embeddable":true,"href":"https:\/\/ahdhiya.com\/ar\/wp-json\/wp\/v2\/media\/18143"}],"wp:attachment":[{"href":"https:\/\/ahdhiya.com\/ar\/wp-json\/wp\/v2\/media?parent=18142"}],"wp:term":[{"taxonomy":"product_brand","embeddable":true,"href":"https:\/\/ahdhiya.com\/ar\/wp-json\/wp\/v2\/product_brand?post=18142"},{"taxonomy":"product_cat","embeddable":true,"href":"https:\/\/ahdhiya.com\/ar\/wp-json\/wp\/v2\/product_cat?post=18142"},{"taxonomy":"product_tag","embeddable":true,"href":"https:\/\/ahdhiya.com\/ar\/wp-json\/wp\/v2\/product_tag?post=18142"}],"curies":[{"name":"wp","href":"https:\/\/api.w.org\/{rel}","templated":true}]}}