{"id":18209,"date":"2026-01-09T16:09:55","date_gmt":"2026-01-09T16:09:55","guid":{"rendered":"https:\/\/ahdhiya.com\/produit\/basket-sun68-tom-fluo-70-ottanio\/"},"modified":"2026-03-12T14:04:23","modified_gmt":"2026-03-12T14:04:23","slug":"basket-sun68-tom-fluo-70-ottanio","status":"publish","type":"product","link":"https:\/\/ahdhiya.com\/ar\/product\/basket-sun68-tom-fluo-70-ottanio\/","title":{"rendered":"BASKET SUN68 TOM FLUO 70 OTTANIO"},"content":{"rendered":"<p>Baskets Sun68 Tom Fluo pour Homme :\u00a0Description :\u00a0\u00a0\u00a0Nom et Mod\u00e8le :\u00a0\u00a0Nom du produit : Scarpe Uomo Ottanio &#8211; Tom FluoMarque : Sun68Type : Basket\/Sneaker pour homme, mod\u00e8le Tom Fluo.\u00a0Caract\u00e9ristiques de Conception :\u00a0\u00a0Couleur Principale :Ottanio (une couleur qui se situe entre le bleu p\u00e9trole, le sarcelle et le vert canard).Style Fluo : Le nom \u00ab\u00a0Fluo\u00a0\u00bb indique que le mod\u00e8le comporte des d\u00e9tails de couleur vive contrastante, typiques de cette ligne de Sun68 (souvent sur la semelle int\u00e9rieure, la broderie du logo ou les lacets).Mat\u00e9riaux : Le mod\u00e8le Tom Fluo est g\u00e9n\u00e9ralement compos\u00e9 d&rsquo;un m\u00e9lange de mat\u00e9riaux, incluant du tissu\/nylon respirant et des empi\u00e8cements en daim (cuir su\u00e9d\u00e9). Made In China\u00a0<\/p>","protected":false},"excerpt":{"rendered":"<p>Baskets Sun68 Tom Fluo pour Homme :\u00a0Description :\u00a0\u00a0\u00a0Nom et Mod\u00e8le :\u00a0\u00a0Nom du produit : Scarpe Uomo Ottanio &#8211; Tom FluoMarque : Sun68Type : Basket\/Sneaker pour homme, mod\u00e8le Tom Fluo.\u00a0Caract\u00e9ristiques de Conception :\u00a0\u00a0Couleur Principale :Ottanio (une couleur qui se situe entre le bleu p\u00e9trole, le sarcelle et le vert canard).Style Fluo : Le nom \u00ab\u00a0Fluo\u00a0\u00bb indique que le mod\u00e8le comporte des d\u00e9tails de couleur vive contrastante, typiques de cette ligne de Sun68 (souvent sur la semelle int\u00e9rieure, la broderie du logo ou les lacets).Mat\u00e9riaux : Le mod\u00e8le Tom Fluo est g\u00e9n\u00e9ralement compos\u00e9 d&rsquo;un m\u00e9lange de mat\u00e9riaux, incluant du tissu\/nylon respirant et des empi\u00e8cements en daim (cuir su\u00e9d\u00e9). Made In China\u00a0<\/p>","protected":false},"featured_media":18210,"comment_status":"open","ping_status":"closed","template":"","meta":{"_gspb_post_css":"","om_disable_all_campaigns":false,"_monsterinsights_skip_tracking":false,"_monsterinsights_sitenote_active":false,"_monsterinsights_sitenote_note":"","_monsterinsights_sitenote_category":0},"product_brand":[],"product_cat":[174,92],"product_tag":[],"class_list":{"0":"post-18209","1":"product","2":"type-product","3":"status-publish","4":"has-post-thumbnail","6":"product_cat-baskets-hommes","7":"product_cat-hommes","9":"first","10":"instock","11":"shipping-taxable","12":"purchasable","13":"product-type-variable"},"aioseo_notices":[],"jetpack_sharing_enabled":true,"_links":{"self":[{"href":"https:\/\/ahdhiya.com\/ar\/wp-json\/wp\/v2\/product\/18209","targetHints":{"allow":["GET"]}}],"collection":[{"href":"https:\/\/ahdhiya.com\/ar\/wp-json\/wp\/v2\/product"}],"about":[{"href":"https:\/\/ahdhiya.com\/ar\/wp-json\/wp\/v2\/types\/product"}],"replies":[{"embeddable":true,"href":"https:\/\/ahdhiya.com\/ar\/wp-json\/wp\/v2\/comments?post=18209"}],"wp:featuredmedia":[{"embeddable":true,"href":"https:\/\/ahdhiya.com\/ar\/wp-json\/wp\/v2\/media\/18210"}],"wp:attachment":[{"href":"https:\/\/ahdhiya.com\/ar\/wp-json\/wp\/v2\/media?parent=18209"}],"wp:term":[{"taxonomy":"product_brand","embeddable":true,"href":"https:\/\/ahdhiya.com\/ar\/wp-json\/wp\/v2\/product_brand?post=18209"},{"taxonomy":"product_cat","embeddable":true,"href":"https:\/\/ahdhiya.com\/ar\/wp-json\/wp\/v2\/product_cat?post=18209"},{"taxonomy":"product_tag","embeddable":true,"href":"https:\/\/ahdhiya.com\/ar\/wp-json\/wp\/v2\/product_tag?post=18209"}],"curies":[{"name":"wp","href":"https:\/\/api.w.org\/{rel}","templated":true}]}}