{"id":18293,"date":"2026-01-09T16:11:12","date_gmt":"2026-01-09T16:11:12","guid":{"rendered":"https:\/\/ahdhiya.com\/produit\/champion-prestige-mix-material\/"},"modified":"2026-03-12T14:04:24","modified_gmt":"2026-03-12T14:04:24","slug":"champion-prestige-mix-material","status":"publish","type":"product","link":"https:\/\/ahdhiya.com\/ar\/product\/champion-prestige-mix-material\/","title":{"rendered":"CHAMPION PRESTIGE MIX MATERIAL"},"content":{"rendered":"<p>La Champion Prestige Mix Material est une sneaker basse sophistiqu\u00e9e qui m\u00eale habilement mati\u00e8res synth\u00e9tiques et textures vari\u00e9es pour un look moderne et polyvalent. Sa tige \u201cmix material\u201d combine PU (polyur\u00e9thane) pour la solidit\u00e9 et rev\u00eatement textile pour l\u2019a\u00e9ration, assurant \u00e0 la fois r\u00e9sistance et confort. L\u2019int\u00e9rieur, doubl\u00e9 polyester, offre douceur et respirabilit\u00e9, tandis que la semelle ext\u00e9rieure en caoutchouc thermoplastique garantit adh\u00e9rence et durabilit\u00e9.Avec une semelle \u00e9paisse d\u2019environ 2,5 cm, elle propose un bon amorti pour un usage quotidien. Elle p\u00e8se autour de 230-280 g selon la pointure, ce qui reste raisonnable pour une sneaker styl\u00e9e. La fermeture \u00e0 lacets, le bout rond et le design \u00e9pur\u00e9 font d\u2019elle un excellent choix tant pour la ville que pour des sorties d\u00e9contract\u00e9es.<\/p>","protected":false},"excerpt":{"rendered":"<p>La Champion Prestige Mix Material est une sneaker basse sophistiqu\u00e9e qui m\u00eale habilement mati\u00e8res synth\u00e9tiques et textures vari\u00e9es pour un look moderne et polyvalent. Sa tige \u201cmix material\u201d combine PU (polyur\u00e9thane) pour la solidit\u00e9 et rev\u00eatement textile pour l\u2019a\u00e9ration, assurant \u00e0 la fois r\u00e9sistance et confort. L\u2019int\u00e9rieur, doubl\u00e9 polyester, offre douceur et respirabilit\u00e9, tandis que la semelle ext\u00e9rieure en caoutchouc thermoplastique garantit adh\u00e9rence et durabilit\u00e9.Avec une semelle \u00e9paisse d\u2019environ 2,5 cm, elle propose un bon amorti pour un usage quotidien. Elle p\u00e8se autour de 230-280 g selon la pointure, ce qui reste raisonnable pour une sneaker styl\u00e9e. La fermeture \u00e0 lacets, le bout rond et le design \u00e9pur\u00e9 font d\u2019elle un excellent choix tant pour la ville que pour des sorties d\u00e9contract\u00e9es.<\/p>","protected":false},"featured_media":18294,"comment_status":"open","ping_status":"closed","template":"","meta":{"_gspb_post_css":"","om_disable_all_campaigns":false,"_monsterinsights_skip_tracking":false,"_monsterinsights_sitenote_active":false,"_monsterinsights_sitenote_note":"","_monsterinsights_sitenote_category":0},"product_brand":[],"product_cat":[174,92],"product_tag":[],"class_list":{"0":"post-18293","1":"product","2":"type-product","3":"status-publish","4":"has-post-thumbnail","6":"product_cat-baskets-hommes","7":"product_cat-hommes","9":"first","10":"instock","11":"shipping-taxable","12":"purchasable","13":"product-type-variable"},"aioseo_notices":[],"jetpack_sharing_enabled":true,"_links":{"self":[{"href":"https:\/\/ahdhiya.com\/ar\/wp-json\/wp\/v2\/product\/18293","targetHints":{"allow":["GET"]}}],"collection":[{"href":"https:\/\/ahdhiya.com\/ar\/wp-json\/wp\/v2\/product"}],"about":[{"href":"https:\/\/ahdhiya.com\/ar\/wp-json\/wp\/v2\/types\/product"}],"replies":[{"embeddable":true,"href":"https:\/\/ahdhiya.com\/ar\/wp-json\/wp\/v2\/comments?post=18293"}],"wp:featuredmedia":[{"embeddable":true,"href":"https:\/\/ahdhiya.com\/ar\/wp-json\/wp\/v2\/media\/18294"}],"wp:attachment":[{"href":"https:\/\/ahdhiya.com\/ar\/wp-json\/wp\/v2\/media?parent=18293"}],"wp:term":[{"taxonomy":"product_brand","embeddable":true,"href":"https:\/\/ahdhiya.com\/ar\/wp-json\/wp\/v2\/product_brand?post=18293"},{"taxonomy":"product_cat","embeddable":true,"href":"https:\/\/ahdhiya.com\/ar\/wp-json\/wp\/v2\/product_cat?post=18293"},{"taxonomy":"product_tag","embeddable":true,"href":"https:\/\/ahdhiya.com\/ar\/wp-json\/wp\/v2\/product_tag?post=18293"}],"curies":[{"name":"wp","href":"https:\/\/api.w.org\/{rel}","templated":true}]}}