{"id":18444,"date":"2026-01-09T16:17:37","date_gmt":"2026-01-09T16:17:37","guid":{"rendered":"https:\/\/ahdhiya.com\/produit\/basket-tommy-4\/"},"modified":"2026-03-12T14:04:24","modified_gmt":"2026-03-12T14:04:24","slug":"basket-tommy-4","status":"publish","type":"product","link":"https:\/\/ahdhiya.com\/ar\/product\/basket-tommy-4\/","title":{"rendered":"BASKET TOMMY"},"content":{"rendered":"<p>Description :\u00a0Ces bottes montantes \u00e0 lacets Tommy Hilfiger pour enfant (R\u00e9f. T3B5 33156 0316800) sont un mod\u00e8le d\u00e9contract\u00e9 de couleur Bleue con\u00e7u pour les gar\u00e7ons. Elles sont dot\u00e9es d&rsquo;une tige lisse et durable en mati\u00e8re synth\u00e9tique avec une doublure textile. Pour un enfilage facile, elles poss\u00e8dent une fermeture lat\u00e9rale zipp\u00e9e, compl\u00e9t\u00e9e par un la\u00e7age. La semelle int\u00e9rieure est l\u00e9g\u00e8rement rembourr\u00e9e pour le confort, et la semelle ext\u00e9rieure en caoutchouc est crant\u00e9e pour offrir une meilleure adh\u00e9rence.MADE IN CHINA .\u00a0<\/p>","protected":false},"excerpt":{"rendered":"<p>Description :\u00a0Ces bottes montantes \u00e0 lacets Tommy Hilfiger pour enfant (R\u00e9f. T3B5 33156 0316800) sont un mod\u00e8le d\u00e9contract\u00e9 de couleur Bleue con\u00e7u pour les gar\u00e7ons. Elles sont dot\u00e9es d&rsquo;une tige lisse et durable en mati\u00e8re synth\u00e9tique avec une doublure textile. Pour un enfilage facile, elles poss\u00e8dent une fermeture lat\u00e9rale zipp\u00e9e, compl\u00e9t\u00e9e par un la\u00e7age. La semelle int\u00e9rieure est l\u00e9g\u00e8rement rembourr\u00e9e pour le confort, et la semelle ext\u00e9rieure en caoutchouc est crant\u00e9e pour offrir une meilleure adh\u00e9rence.MADE IN CHINA .\u00a0<\/p>","protected":false},"featured_media":18445,"comment_status":"open","ping_status":"closed","template":"","meta":{"_gspb_post_css":"","om_disable_all_campaigns":false,"_monsterinsights_skip_tracking":false,"_monsterinsights_sitenote_active":false,"_monsterinsights_sitenote_note":"","_monsterinsights_sitenote_category":0},"product_brand":[],"product_cat":[161,92],"product_tag":[],"class_list":{"0":"post-18444","1":"product","2":"type-product","3":"status-publish","4":"has-post-thumbnail","6":"product_cat-godasses-et-boots","7":"product_cat-hommes","9":"first","10":"instock","11":"shipping-taxable","12":"purchasable","13":"product-type-variable"},"aioseo_notices":[],"jetpack_sharing_enabled":true,"_links":{"self":[{"href":"https:\/\/ahdhiya.com\/ar\/wp-json\/wp\/v2\/product\/18444","targetHints":{"allow":["GET"]}}],"collection":[{"href":"https:\/\/ahdhiya.com\/ar\/wp-json\/wp\/v2\/product"}],"about":[{"href":"https:\/\/ahdhiya.com\/ar\/wp-json\/wp\/v2\/types\/product"}],"replies":[{"embeddable":true,"href":"https:\/\/ahdhiya.com\/ar\/wp-json\/wp\/v2\/comments?post=18444"}],"wp:featuredmedia":[{"embeddable":true,"href":"https:\/\/ahdhiya.com\/ar\/wp-json\/wp\/v2\/media\/18445"}],"wp:attachment":[{"href":"https:\/\/ahdhiya.com\/ar\/wp-json\/wp\/v2\/media?parent=18444"}],"wp:term":[{"taxonomy":"product_brand","embeddable":true,"href":"https:\/\/ahdhiya.com\/ar\/wp-json\/wp\/v2\/product_brand?post=18444"},{"taxonomy":"product_cat","embeddable":true,"href":"https:\/\/ahdhiya.com\/ar\/wp-json\/wp\/v2\/product_cat?post=18444"},{"taxonomy":"product_tag","embeddable":true,"href":"https:\/\/ahdhiya.com\/ar\/wp-json\/wp\/v2\/product_tag?post=18444"}],"curies":[{"name":"wp","href":"https:\/\/api.w.org\/{rel}","templated":true}]}}