{"id":18480,"date":"2026-01-09T16:17:53","date_gmt":"2026-01-09T16:17:53","guid":{"rendered":"https:\/\/ahdhiya.com\/produit\/tommy-hilfiger-footwear-6\/"},"modified":"2026-03-12T14:04:25","modified_gmt":"2026-03-12T14:04:25","slug":"tommy-hilfiger-footwear-6","status":"publish","type":"product","link":"https:\/\/ahdhiya.com\/ar\/product\/tommy-hilfiger-footwear-6\/","title":{"rendered":"TOMMY HILFIGER FOOTWEAR"},"content":{"rendered":"<p>La sneaker T3B9-33683-1695800 de Tommy Hilfiger revisite la tendance \u00ab chunky \u00bb avec \u00e9l\u00e9gance. Arborant un coloris bleu profond, elle combine une tige en textile et mat\u00e9riaux synth\u00e9tiques qui assure respirabilit\u00e9 et durabilit\u00e9. Le design est compl\u00e9t\u00e9 par une semelle \u00e9paisse qui offre une allure sportive affirm\u00e9e et une bonne stabilit\u00e9 au quotidien.Le la\u00e7age classique permet un ajustement confortable, tandis que les finitions soign\u00e9es et les touches de marque apportent une signature visuelle reconnaissable. Parfaite pour un look urbain d\u00e9contract\u00e9 styl\u00e9, cette paire s\u2019accorde aussi bien avec un jean qu\u2019avec un pantalon plus habill\u00e9 pour un contraste \u00e9l\u00e9gant.<\/p>","protected":false},"excerpt":{"rendered":"<p>La sneaker T3B9-33683-1695800 de Tommy Hilfiger revisite la tendance \u00ab chunky \u00bb avec \u00e9l\u00e9gance. Arborant un coloris bleu profond, elle combine une tige en textile et mat\u00e9riaux synth\u00e9tiques qui assure respirabilit\u00e9 et durabilit\u00e9. Le design est compl\u00e9t\u00e9 par une semelle \u00e9paisse qui offre une allure sportive affirm\u00e9e et une bonne stabilit\u00e9 au quotidien.Le la\u00e7age classique permet un ajustement confortable, tandis que les finitions soign\u00e9es et les touches de marque apportent une signature visuelle reconnaissable. Parfaite pour un look urbain d\u00e9contract\u00e9 styl\u00e9, cette paire s\u2019accorde aussi bien avec un jean qu\u2019avec un pantalon plus habill\u00e9 pour un contraste \u00e9l\u00e9gant.<\/p>","protected":false},"featured_media":18481,"comment_status":"open","ping_status":"closed","template":"","meta":{"_gspb_post_css":"","om_disable_all_campaigns":false,"_monsterinsights_skip_tracking":false,"_monsterinsights_sitenote_active":false,"_monsterinsights_sitenote_note":"","_monsterinsights_sitenote_category":0},"product_brand":[],"product_cat":[174,92],"product_tag":[],"class_list":{"0":"post-18480","1":"product","2":"type-product","3":"status-publish","4":"has-post-thumbnail","6":"product_cat-baskets-hommes","7":"product_cat-hommes","9":"first","10":"instock","11":"shipping-taxable","12":"purchasable","13":"product-type-variable"},"aioseo_notices":[],"jetpack_sharing_enabled":true,"_links":{"self":[{"href":"https:\/\/ahdhiya.com\/ar\/wp-json\/wp\/v2\/product\/18480","targetHints":{"allow":["GET"]}}],"collection":[{"href":"https:\/\/ahdhiya.com\/ar\/wp-json\/wp\/v2\/product"}],"about":[{"href":"https:\/\/ahdhiya.com\/ar\/wp-json\/wp\/v2\/types\/product"}],"replies":[{"embeddable":true,"href":"https:\/\/ahdhiya.com\/ar\/wp-json\/wp\/v2\/comments?post=18480"}],"wp:featuredmedia":[{"embeddable":true,"href":"https:\/\/ahdhiya.com\/ar\/wp-json\/wp\/v2\/media\/18481"}],"wp:attachment":[{"href":"https:\/\/ahdhiya.com\/ar\/wp-json\/wp\/v2\/media?parent=18480"}],"wp:term":[{"taxonomy":"product_brand","embeddable":true,"href":"https:\/\/ahdhiya.com\/ar\/wp-json\/wp\/v2\/product_brand?post=18480"},{"taxonomy":"product_cat","embeddable":true,"href":"https:\/\/ahdhiya.com\/ar\/wp-json\/wp\/v2\/product_cat?post=18480"},{"taxonomy":"product_tag","embeddable":true,"href":"https:\/\/ahdhiya.com\/ar\/wp-json\/wp\/v2\/product_tag?post=18480"}],"curies":[{"name":"wp","href":"https:\/\/api.w.org\/{rel}","templated":true}]}}