{"id":18570,"date":"2026-01-09T16:21:58","date_gmt":"2026-01-09T16:21:58","guid":{"rendered":"https:\/\/ahdhiya.com\/produit\/geox-u-symbol-d-smo-lea\/"},"modified":"2026-03-12T14:04:25","modified_gmt":"2026-03-12T14:04:25","slug":"geox-u-symbol-d-smo-lea","status":"publish","type":"product","link":"https:\/\/ahdhiya.com\/ar\/product\/geox-u-symbol-d-smo-lea\/","title":{"rendered":"GEOX U SYMBOL D &#8211; SMO.LEA"},"content":{"rendered":"<p>Caract\u00e9ristiques \u2013 GEOX U SYMBOL D (SMO.LEA)Type : Basket basse pour hommeTige : Cuir lisse (\u00ab SMO.LEA \u00bb) offrant un aspect \u00e9l\u00e9gant et raffin\u00e9Fermeture : Lacets classiques pour un bon maintienDoublure : Textile et mati\u00e8re synth\u00e9tique combin\u00e9s, pour un confort optimalSemelle ext\u00e9rieure : Caoutchouc durable, antid\u00e9rapant, adapt\u00e9e \u00e0 un usage urbainTechnologie respirabilit\u00e9 : Semelle dot\u00e9e d\u2019une membrane respirante pour garder les pieds au sec et bien ventil\u00e9sSemelle int\u00e9rieure : Amovible, facilitant l\u2019entretien et l\u2019ajustementStyle : Design moderne, sobre et polyvalent \u2014 s\u2019int\u00e8gre tant aux looks casual qu\u2019aux tenues habill\u00e9esUsage : Parfaite pour le quotidien, le bureau ou les sorties o\u00f9 confort et \u00e9l\u00e9gance sont requis<\/p>","protected":false},"excerpt":{"rendered":"<p>Caract\u00e9ristiques \u2013 GEOX U SYMBOL D (SMO.LEA)Type : Basket basse pour hommeTige : Cuir lisse (\u00ab SMO.LEA \u00bb) offrant un aspect \u00e9l\u00e9gant et raffin\u00e9Fermeture : Lacets classiques pour un bon maintienDoublure : Textile et mati\u00e8re synth\u00e9tique combin\u00e9s, pour un confort optimalSemelle ext\u00e9rieure : Caoutchouc durable, antid\u00e9rapant, adapt\u00e9e \u00e0 un usage urbainTechnologie respirabilit\u00e9 : Semelle dot\u00e9e d\u2019une membrane respirante pour garder les pieds au sec et bien ventil\u00e9sSemelle int\u00e9rieure : Amovible, facilitant l\u2019entretien et l\u2019ajustementStyle : Design moderne, sobre et polyvalent \u2014 s\u2019int\u00e8gre tant aux looks casual qu\u2019aux tenues habill\u00e9esUsage : Parfaite pour le quotidien, le bureau ou les sorties o\u00f9 confort et \u00e9l\u00e9gance sont requis<\/p>","protected":false},"featured_media":18571,"comment_status":"open","ping_status":"closed","template":"","meta":{"_gspb_post_css":"","om_disable_all_campaigns":false,"_monsterinsights_skip_tracking":false,"_monsterinsights_sitenote_active":false,"_monsterinsights_sitenote_note":"","_monsterinsights_sitenote_category":0},"product_brand":[],"product_cat":[174,92],"product_tag":[],"class_list":{"0":"post-18570","1":"product","2":"type-product","3":"status-publish","4":"has-post-thumbnail","6":"product_cat-baskets-hommes","7":"product_cat-hommes","9":"first","10":"instock","11":"shipping-taxable","12":"purchasable","13":"product-type-variable"},"aioseo_notices":[],"jetpack_sharing_enabled":true,"_links":{"self":[{"href":"https:\/\/ahdhiya.com\/ar\/wp-json\/wp\/v2\/product\/18570","targetHints":{"allow":["GET"]}}],"collection":[{"href":"https:\/\/ahdhiya.com\/ar\/wp-json\/wp\/v2\/product"}],"about":[{"href":"https:\/\/ahdhiya.com\/ar\/wp-json\/wp\/v2\/types\/product"}],"replies":[{"embeddable":true,"href":"https:\/\/ahdhiya.com\/ar\/wp-json\/wp\/v2\/comments?post=18570"}],"wp:featuredmedia":[{"embeddable":true,"href":"https:\/\/ahdhiya.com\/ar\/wp-json\/wp\/v2\/media\/18571"}],"wp:attachment":[{"href":"https:\/\/ahdhiya.com\/ar\/wp-json\/wp\/v2\/media?parent=18570"}],"wp:term":[{"taxonomy":"product_brand","embeddable":true,"href":"https:\/\/ahdhiya.com\/ar\/wp-json\/wp\/v2\/product_brand?post=18570"},{"taxonomy":"product_cat","embeddable":true,"href":"https:\/\/ahdhiya.com\/ar\/wp-json\/wp\/v2\/product_cat?post=18570"},{"taxonomy":"product_tag","embeddable":true,"href":"https:\/\/ahdhiya.com\/ar\/wp-json\/wp\/v2\/product_tag?post=18570"}],"curies":[{"name":"wp","href":"https:\/\/api.w.org\/{rel}","templated":true}]}}