{"id":18583,"date":"2026-01-09T16:22:05","date_gmt":"2026-01-09T16:22:05","guid":{"rendered":"https:\/\/ahdhiya.com\/produit\/basket-sun68-lime\/"},"modified":"2026-03-12T14:04:25","modified_gmt":"2026-03-12T14:04:25","slug":"basket-sun68-lime","status":"publish","type":"product","link":"https:\/\/ahdhiya.com\/ar\/product\/basket-sun68-lime\/","title":{"rendered":"BASKET SUN68 LIME"},"content":{"rendered":"<p>Description :\u00a0Ces baskets SUN68 de couleur Vert Militaire (Military Green) sont le choix parfait pour une allure d\u00e9contract\u00e9e (casual) et tendance. Elles se distinguent par un style sportif rehauss\u00e9 d&rsquo;une attention particuli\u00e8re aux mat\u00e9riaux et aux d\u00e9tails color\u00e9s, typiques de la marque italienne.Conception et Mat\u00e9riauxTige (Empeigne) : Elle est con\u00e7ue \u00e0 partir d&rsquo;un m\u00e9lange de textures alliant style et respirabilit\u00e9, comprenant :Cuir su\u00e9d\u00e9 (Daim)Nylon ou Tissu techniqueDoublure (Int\u00e9rieur) : Tissu (Textile) doux.Semelle Int\u00e9rieure : Elle est amovible (pour plus de flexibilit\u00e9 ou l&rsquo;ajout de semelles orthop\u00e9diques) et souvent dot\u00e9e d&rsquo;une technologie de type mousse \u00e0 m\u00e9moire de forme pour un meilleur amorti.Semelle Interm\u00e9diaire :EVA, offrant stabilit\u00e9 et performance d&rsquo;amorti.Semelle Ext\u00e9rieure : Caoutchouc, assurant une bonne adh\u00e9rence.Composition D\u00e9taill\u00e9e (estimation typique pour ce mod\u00e8le) :CuirTissu (Textile)Polyur\u00e9thane (pour certains empi\u00e8cements)Caract\u00e9ristiques et FinitionsCouleur : Vert Militaire (Military Green), avec des accents de couleurs contrast\u00e9es pour un impact visuel fort (souvent du Jaune Fluo, Orange ou des touches vives sur le logo ou les lacets, selon la variante).Logo : Logo iconique Sun68 brod\u00e9 sur le c\u00f4t\u00e9.Fermeture : Lacets. Le mod\u00e8le est g\u00e9n\u00e9ralement livr\u00e9 avec une paire de lacets de rechange.Style : Baskets basses (low-top trainers).Rembourrage : L\u00e9ger (Rembourrage \u00e0 froid) \u2013 id\u00e9al pour un usage quotidien. Made In China .<\/p>","protected":false},"excerpt":{"rendered":"<p>Description :\u00a0Ces baskets SUN68 de couleur Vert Militaire (Military Green) sont le choix parfait pour une allure d\u00e9contract\u00e9e (casual) et tendance. Elles se distinguent par un style sportif rehauss\u00e9 d&rsquo;une attention particuli\u00e8re aux mat\u00e9riaux et aux d\u00e9tails color\u00e9s, typiques de la marque italienne.Conception et Mat\u00e9riauxTige (Empeigne) : Elle est con\u00e7ue \u00e0 partir d&rsquo;un m\u00e9lange de textures alliant style et respirabilit\u00e9, comprenant :Cuir su\u00e9d\u00e9 (Daim)Nylon ou Tissu techniqueDoublure (Int\u00e9rieur) : Tissu (Textile) doux.Semelle Int\u00e9rieure : Elle est amovible (pour plus de flexibilit\u00e9 ou l&rsquo;ajout de semelles orthop\u00e9diques) et souvent dot\u00e9e d&rsquo;une technologie de type mousse \u00e0 m\u00e9moire de forme pour un meilleur amorti.Semelle Interm\u00e9diaire :EVA, offrant stabilit\u00e9 et performance d&rsquo;amorti.Semelle Ext\u00e9rieure : Caoutchouc, assurant une bonne adh\u00e9rence.Composition D\u00e9taill\u00e9e (estimation typique pour ce mod\u00e8le) :CuirTissu (Textile)Polyur\u00e9thane (pour certains empi\u00e8cements)Caract\u00e9ristiques et FinitionsCouleur : Vert Militaire (Military Green), avec des accents de couleurs contrast\u00e9es pour un impact visuel fort (souvent du Jaune Fluo, Orange ou des touches vives sur le logo ou les lacets, selon la variante).Logo : Logo iconique Sun68 brod\u00e9 sur le c\u00f4t\u00e9.Fermeture : Lacets. Le mod\u00e8le est g\u00e9n\u00e9ralement livr\u00e9 avec une paire de lacets de rechange.Style : Baskets basses (low-top trainers).Rembourrage : L\u00e9ger (Rembourrage \u00e0 froid) \u2013 id\u00e9al pour un usage quotidien. Made In China .<\/p>","protected":false},"featured_media":18584,"comment_status":"open","ping_status":"closed","template":"","meta":{"_gspb_post_css":"","om_disable_all_campaigns":false,"_monsterinsights_skip_tracking":false,"_monsterinsights_sitenote_active":false,"_monsterinsights_sitenote_note":"","_monsterinsights_sitenote_category":0},"product_brand":[],"product_cat":[174,92],"product_tag":[],"class_list":{"0":"post-18583","1":"product","2":"type-product","3":"status-publish","4":"has-post-thumbnail","6":"product_cat-baskets-hommes","7":"product_cat-hommes","9":"first","10":"instock","11":"shipping-taxable","12":"purchasable","13":"product-type-variable"},"aioseo_notices":[],"jetpack_sharing_enabled":true,"_links":{"self":[{"href":"https:\/\/ahdhiya.com\/ar\/wp-json\/wp\/v2\/product\/18583","targetHints":{"allow":["GET"]}}],"collection":[{"href":"https:\/\/ahdhiya.com\/ar\/wp-json\/wp\/v2\/product"}],"about":[{"href":"https:\/\/ahdhiya.com\/ar\/wp-json\/wp\/v2\/types\/product"}],"replies":[{"embeddable":true,"href":"https:\/\/ahdhiya.com\/ar\/wp-json\/wp\/v2\/comments?post=18583"}],"wp:featuredmedia":[{"embeddable":true,"href":"https:\/\/ahdhiya.com\/ar\/wp-json\/wp\/v2\/media\/18584"}],"wp:attachment":[{"href":"https:\/\/ahdhiya.com\/ar\/wp-json\/wp\/v2\/media?parent=18583"}],"wp:term":[{"taxonomy":"product_brand","embeddable":true,"href":"https:\/\/ahdhiya.com\/ar\/wp-json\/wp\/v2\/product_brand?post=18583"},{"taxonomy":"product_cat","embeddable":true,"href":"https:\/\/ahdhiya.com\/ar\/wp-json\/wp\/v2\/product_cat?post=18583"},{"taxonomy":"product_tag","embeddable":true,"href":"https:\/\/ahdhiya.com\/ar\/wp-json\/wp\/v2\/product_tag?post=18583"}],"curies":[{"name":"wp","href":"https:\/\/api.w.org\/{rel}","templated":true}]}}