{"id":18631,"date":"2026-01-09T16:24:24","date_gmt":"2026-01-09T16:24:24","guid":{"rendered":"https:\/\/ahdhiya.com\/produit\/geox-u-spherica-a-mesh-suede\/"},"modified":"2026-03-12T14:04:25","modified_gmt":"2026-03-12T14:04:25","slug":"geox-u-spherica-a-mesh-suede","status":"publish","type":"product","link":"https:\/\/ahdhiya.com\/ar\/product\/geox-u-spherica-a-mesh-suede\/","title":{"rendered":"GEOX U SPHERICA A &#8211; MESH SUEDE"},"content":{"rendered":"<p>La GEOX U Spherica A \u2013 Mesh Suede est une sneaker pour homme \u00e0 l\u2019allure urbaine contemporaine, qui allie confort, respirabilit\u00e9 et style. Sa tige combine du mesh l\u00e9ger pour une bonne ventilation et des empi\u00e8cements en su\u00e8de pour une touche premium et \u00e9l\u00e9gante.Elle est munie de la technologie Spherica\u2122, qui offre un amorti doux et un grand confort pendant la marche, tout en gardant la chaussure l\u00e9g\u00e8re. La semelle ext\u00e9rieure durable assure une bonne adh\u00e9rence, tandis que la semelle int\u00e9rieure rembourr\u00e9e prolonge la sensation de bien-\u00eatre au pied.Parfaite pour un usage quotidien, cette sneaker s\u2019adapte facilement au look casual ou d\u00e9contract\u00e9, tout en apportant une touche sophistiqu\u00e9e gr\u00e2ce au contraste des mat\u00e9riaux.<\/p>","protected":false},"excerpt":{"rendered":"<p>La GEOX U Spherica A \u2013 Mesh Suede est une sneaker pour homme \u00e0 l\u2019allure urbaine contemporaine, qui allie confort, respirabilit\u00e9 et style. Sa tige combine du mesh l\u00e9ger pour une bonne ventilation et des empi\u00e8cements en su\u00e8de pour une touche premium et \u00e9l\u00e9gante.Elle est munie de la technologie Spherica\u2122, qui offre un amorti doux et un grand confort pendant la marche, tout en gardant la chaussure l\u00e9g\u00e8re. La semelle ext\u00e9rieure durable assure une bonne adh\u00e9rence, tandis que la semelle int\u00e9rieure rembourr\u00e9e prolonge la sensation de bien-\u00eatre au pied.Parfaite pour un usage quotidien, cette sneaker s\u2019adapte facilement au look casual ou d\u00e9contract\u00e9, tout en apportant une touche sophistiqu\u00e9e gr\u00e2ce au contraste des mat\u00e9riaux.<\/p>","protected":false},"featured_media":18632,"comment_status":"open","ping_status":"closed","template":"","meta":{"_gspb_post_css":"","om_disable_all_campaigns":false,"_monsterinsights_skip_tracking":false,"_monsterinsights_sitenote_active":false,"_monsterinsights_sitenote_note":"","_monsterinsights_sitenote_category":0},"product_brand":[],"product_cat":[174,92],"product_tag":[],"class_list":{"0":"post-18631","1":"product","2":"type-product","3":"status-publish","4":"has-post-thumbnail","6":"product_cat-baskets-hommes","7":"product_cat-hommes","9":"first","10":"instock","11":"shipping-taxable","12":"purchasable","13":"product-type-variable"},"aioseo_notices":[],"jetpack_sharing_enabled":true,"_links":{"self":[{"href":"https:\/\/ahdhiya.com\/ar\/wp-json\/wp\/v2\/product\/18631","targetHints":{"allow":["GET"]}}],"collection":[{"href":"https:\/\/ahdhiya.com\/ar\/wp-json\/wp\/v2\/product"}],"about":[{"href":"https:\/\/ahdhiya.com\/ar\/wp-json\/wp\/v2\/types\/product"}],"replies":[{"embeddable":true,"href":"https:\/\/ahdhiya.com\/ar\/wp-json\/wp\/v2\/comments?post=18631"}],"wp:featuredmedia":[{"embeddable":true,"href":"https:\/\/ahdhiya.com\/ar\/wp-json\/wp\/v2\/media\/18632"}],"wp:attachment":[{"href":"https:\/\/ahdhiya.com\/ar\/wp-json\/wp\/v2\/media?parent=18631"}],"wp:term":[{"taxonomy":"product_brand","embeddable":true,"href":"https:\/\/ahdhiya.com\/ar\/wp-json\/wp\/v2\/product_brand?post=18631"},{"taxonomy":"product_cat","embeddable":true,"href":"https:\/\/ahdhiya.com\/ar\/wp-json\/wp\/v2\/product_cat?post=18631"},{"taxonomy":"product_tag","embeddable":true,"href":"https:\/\/ahdhiya.com\/ar\/wp-json\/wp\/v2\/product_tag?post=18631"}],"curies":[{"name":"wp","href":"https:\/\/api.w.org\/{rel}","templated":true}]}}