{"id":18641,"date":"2026-01-09T16:24:30","date_gmt":"2026-01-09T16:24:30","guid":{"rendered":"https:\/\/ahdhiya.com\/produit\/geox-u-sandford-b-abx-a-wr-s-wa-s-3\/"},"modified":"2026-03-12T14:04:25","modified_gmt":"2026-03-12T14:04:25","slug":"geox-u-sandford-b-abx-a-wr-s-wa-s-3","status":"publish","type":"product","link":"https:\/\/ahdhiya.com\/ar\/product\/geox-u-sandford-b-abx-a-wr-s-wa-s-3\/","title":{"rendered":"GEOX U SANDFORD B ABX A &#8211; WR.S WA.S"},"content":{"rendered":"<p>Caract\u00e9ristiques \u2013 GEOX U SANDFORD B ABX A (WR.S WA.S)Type : Sneaker basse pour hommeTechnologie : Amphibiox (ABX) \u2014 imperm\u00e9abilit\u00e9 renforc\u00e9e et protection compl\u00e8te contre la pluieTige : M\u00e9lange de mat\u00e9riaux WR.S (rev\u00eatement r\u00e9sistant \u00e0 l\u2019eau) et WA.S (textile\/synth\u00e9tique imperm\u00e9able)Respirabilit\u00e9 : Syst\u00e8me GEOX assurant une bonne circulation de l\u2019air malgr\u00e9 l\u2019imperm\u00e9abilit\u00e9Doublure : Textile confortable, adapt\u00e9e \u00e0 un usage prolong\u00e9Semelle ext\u00e9rieure : Caoutchouc antid\u00e9rapant pour une bonne adh\u00e9rence en milieu urbainAmorti : Semelle int\u00e9rieure souple offrant un excellent confort au quotidienFermeture : Lacets classiquesStyle : Look technique, moderne et polyvalentUsage : Id\u00e9al pour la pluie, les d\u00e9placements urbains et un style casual-sportif prot\u00e9g\u00e9<\/p>","protected":false},"excerpt":{"rendered":"<p>Caract\u00e9ristiques \u2013 GEOX U SANDFORD B ABX A (WR.S WA.S)Type : Sneaker basse pour hommeTechnologie : Amphibiox (ABX) \u2014 imperm\u00e9abilit\u00e9 renforc\u00e9e et protection compl\u00e8te contre la pluieTige : M\u00e9lange de mat\u00e9riaux WR.S (rev\u00eatement r\u00e9sistant \u00e0 l\u2019eau) et WA.S (textile\/synth\u00e9tique imperm\u00e9able)Respirabilit\u00e9 : Syst\u00e8me GEOX assurant une bonne circulation de l\u2019air malgr\u00e9 l\u2019imperm\u00e9abilit\u00e9Doublure : Textile confortable, adapt\u00e9e \u00e0 un usage prolong\u00e9Semelle ext\u00e9rieure : Caoutchouc antid\u00e9rapant pour une bonne adh\u00e9rence en milieu urbainAmorti : Semelle int\u00e9rieure souple offrant un excellent confort au quotidienFermeture : Lacets classiquesStyle : Look technique, moderne et polyvalentUsage : Id\u00e9al pour la pluie, les d\u00e9placements urbains et un style casual-sportif prot\u00e9g\u00e9<\/p>","protected":false},"featured_media":18642,"comment_status":"open","ping_status":"closed","template":"","meta":{"_gspb_post_css":"","om_disable_all_campaigns":false,"_monsterinsights_skip_tracking":false,"_monsterinsights_sitenote_active":false,"_monsterinsights_sitenote_note":"","_monsterinsights_sitenote_category":0},"product_brand":[],"product_cat":[174,92],"product_tag":[],"class_list":{"0":"post-18641","1":"product","2":"type-product","3":"status-publish","4":"has-post-thumbnail","6":"product_cat-baskets-hommes","7":"product_cat-hommes","9":"first","10":"instock","11":"shipping-taxable","12":"purchasable","13":"product-type-variable"},"aioseo_notices":[],"jetpack_sharing_enabled":true,"_links":{"self":[{"href":"https:\/\/ahdhiya.com\/ar\/wp-json\/wp\/v2\/product\/18641","targetHints":{"allow":["GET"]}}],"collection":[{"href":"https:\/\/ahdhiya.com\/ar\/wp-json\/wp\/v2\/product"}],"about":[{"href":"https:\/\/ahdhiya.com\/ar\/wp-json\/wp\/v2\/types\/product"}],"replies":[{"embeddable":true,"href":"https:\/\/ahdhiya.com\/ar\/wp-json\/wp\/v2\/comments?post=18641"}],"wp:featuredmedia":[{"embeddable":true,"href":"https:\/\/ahdhiya.com\/ar\/wp-json\/wp\/v2\/media\/18642"}],"wp:attachment":[{"href":"https:\/\/ahdhiya.com\/ar\/wp-json\/wp\/v2\/media?parent=18641"}],"wp:term":[{"taxonomy":"product_brand","embeddable":true,"href":"https:\/\/ahdhiya.com\/ar\/wp-json\/wp\/v2\/product_brand?post=18641"},{"taxonomy":"product_cat","embeddable":true,"href":"https:\/\/ahdhiya.com\/ar\/wp-json\/wp\/v2\/product_cat?post=18641"},{"taxonomy":"product_tag","embeddable":true,"href":"https:\/\/ahdhiya.com\/ar\/wp-json\/wp\/v2\/product_tag?post=18641"}],"curies":[{"name":"wp","href":"https:\/\/api.w.org\/{rel}","templated":true}]}}