{"id":18668,"date":"2026-01-09T16:24:46","date_gmt":"2026-01-09T16:24:46","guid":{"rendered":"https:\/\/ahdhiya.com\/produit\/vo7-footwear-6\/"},"modified":"2026-03-12T14:04:26","modified_gmt":"2026-03-12T14:04:26","slug":"vo7-footwear-6","status":"publish","type":"product","link":"https:\/\/ahdhiya.com\/ar\/product\/vo7-footwear-6\/","title":{"rendered":"VO7 FOOTWEAR"},"content":{"rendered":"<p>Basket au design moderne et \u00e9pur\u00e9, id\u00e9ale pour un style urbain et contemporain. Sa silhouette soign\u00e9e et ses d\u00e9tails discrets en font un mod\u00e8le polyvalent, adapt\u00e9 aussi bien aux tenues d\u00e9contract\u00e9es qu\u2019aux looks plus habill\u00e9s. Confortable et \u00e9l\u00e9gante, elle se distingue par sa finition travaill\u00e9e et son allure minimaliste, parfaite pour un usage quotidien.<\/p>","protected":false},"excerpt":{"rendered":"<p>Basket au design moderne et \u00e9pur\u00e9, id\u00e9ale pour un style urbain et contemporain. Sa silhouette soign\u00e9e et ses d\u00e9tails discrets en font un mod\u00e8le polyvalent, adapt\u00e9 aussi bien aux tenues d\u00e9contract\u00e9es qu\u2019aux looks plus habill\u00e9s. Confortable et \u00e9l\u00e9gante, elle se distingue par sa finition travaill\u00e9e et son allure minimaliste, parfaite pour un usage quotidien.<\/p>","protected":false},"featured_media":18669,"comment_status":"open","ping_status":"closed","template":"","meta":{"_gspb_post_css":"","om_disable_all_campaigns":false,"_monsterinsights_skip_tracking":false,"_monsterinsights_sitenote_active":false,"_monsterinsights_sitenote_note":"","_monsterinsights_sitenote_category":0},"product_brand":[],"product_cat":[174,92],"product_tag":[],"class_list":{"0":"post-18668","1":"product","2":"type-product","3":"status-publish","4":"has-post-thumbnail","6":"product_cat-baskets-hommes","7":"product_cat-hommes","9":"first","10":"instock","11":"shipping-taxable","12":"purchasable","13":"product-type-variable"},"aioseo_notices":[],"jetpack_sharing_enabled":true,"_links":{"self":[{"href":"https:\/\/ahdhiya.com\/ar\/wp-json\/wp\/v2\/product\/18668","targetHints":{"allow":["GET"]}}],"collection":[{"href":"https:\/\/ahdhiya.com\/ar\/wp-json\/wp\/v2\/product"}],"about":[{"href":"https:\/\/ahdhiya.com\/ar\/wp-json\/wp\/v2\/types\/product"}],"replies":[{"embeddable":true,"href":"https:\/\/ahdhiya.com\/ar\/wp-json\/wp\/v2\/comments?post=18668"}],"wp:featuredmedia":[{"embeddable":true,"href":"https:\/\/ahdhiya.com\/ar\/wp-json\/wp\/v2\/media\/18669"}],"wp:attachment":[{"href":"https:\/\/ahdhiya.com\/ar\/wp-json\/wp\/v2\/media?parent=18668"}],"wp:term":[{"taxonomy":"product_brand","embeddable":true,"href":"https:\/\/ahdhiya.com\/ar\/wp-json\/wp\/v2\/product_brand?post=18668"},{"taxonomy":"product_cat","embeddable":true,"href":"https:\/\/ahdhiya.com\/ar\/wp-json\/wp\/v2\/product_cat?post=18668"},{"taxonomy":"product_tag","embeddable":true,"href":"https:\/\/ahdhiya.com\/ar\/wp-json\/wp\/v2\/product_tag?post=18668"}],"curies":[{"name":"wp","href":"https:\/\/api.w.org\/{rel}","templated":true}]}}