{"id":18680,"date":"2026-01-09T16:24:52","date_gmt":"2026-01-09T16:24:52","guid":{"rendered":"https:\/\/ahdhiya.com\/produit\/reebok-zig-dynamica-5\/"},"modified":"2026-03-12T14:04:26","modified_gmt":"2026-03-12T14:04:26","slug":"reebok-zig-dynamica-5","status":"publish","type":"product","link":"https:\/\/ahdhiya.com\/ar\/product\/reebok-zig-dynamica-5\/","title":{"rendered":"REEBOK ZIG DYNAMICA 5"},"content":{"rendered":"<p>La Reebok Zig Dynamica 5 est une chaussure de running polyvalente qui allie style et confort. Sa tige en mesh respirant, renforc\u00e9e par des d\u00e9tails en TPU, assure l\u00e9g\u00e8ret\u00e9 et maintien. Elle est dot\u00e9e d\u2019une semelle interm\u00e9diaire FuelFoam, offrant un amorti r\u00e9actif et un confort optimal au quotidien. Son design distinctif avec la semelle en zigzag, appel\u00e9e Zig Energy, apporte non seulement une touche moderne mais aussi une bonne transition et une absorption des chocs. La semelle ext\u00e9rieure en caoutchouc garantit adh\u00e9rence et durabilit\u00e9 sur diff\u00e9rentes surfaces.Con\u00e7ue avec au moins 30 % de mat\u00e9riaux recycl\u00e9s, elle s\u2019inscrit dans une d\u00e9marche \u00e9coresponsable. Que ce soit pour courir l\u00e9g\u00e8rement, marcher longtemps ou compl\u00e9ter un look urbain, la Zig Dynamica 5 combine performance, confort et style.<\/p>","protected":false},"excerpt":{"rendered":"<p>La Reebok Zig Dynamica 5 est une chaussure de running polyvalente qui allie style et confort. Sa tige en mesh respirant, renforc\u00e9e par des d\u00e9tails en TPU, assure l\u00e9g\u00e8ret\u00e9 et maintien. Elle est dot\u00e9e d\u2019une semelle interm\u00e9diaire FuelFoam, offrant un amorti r\u00e9actif et un confort optimal au quotidien. Son design distinctif avec la semelle en zigzag, appel\u00e9e Zig Energy, apporte non seulement une touche moderne mais aussi une bonne transition et une absorption des chocs. La semelle ext\u00e9rieure en caoutchouc garantit adh\u00e9rence et durabilit\u00e9 sur diff\u00e9rentes surfaces.Con\u00e7ue avec au moins 30 % de mat\u00e9riaux recycl\u00e9s, elle s\u2019inscrit dans une d\u00e9marche \u00e9coresponsable. Que ce soit pour courir l\u00e9g\u00e8rement, marcher longtemps ou compl\u00e9ter un look urbain, la Zig Dynamica 5 combine performance, confort et style.<\/p>","protected":false},"featured_media":18681,"comment_status":"open","ping_status":"closed","template":"","meta":{"_gspb_post_css":"","om_disable_all_campaigns":false,"_monsterinsights_skip_tracking":false,"_monsterinsights_sitenote_active":false,"_monsterinsights_sitenote_note":"","_monsterinsights_sitenote_category":0},"product_brand":[],"product_cat":[174,92],"product_tag":[],"class_list":{"0":"post-18680","1":"product","2":"type-product","3":"status-publish","4":"has-post-thumbnail","6":"product_cat-baskets-hommes","7":"product_cat-hommes","9":"first","10":"instock","11":"shipping-taxable","12":"purchasable","13":"product-type-simple"},"aioseo_notices":[],"jetpack_sharing_enabled":true,"_links":{"self":[{"href":"https:\/\/ahdhiya.com\/ar\/wp-json\/wp\/v2\/product\/18680","targetHints":{"allow":["GET"]}}],"collection":[{"href":"https:\/\/ahdhiya.com\/ar\/wp-json\/wp\/v2\/product"}],"about":[{"href":"https:\/\/ahdhiya.com\/ar\/wp-json\/wp\/v2\/types\/product"}],"replies":[{"embeddable":true,"href":"https:\/\/ahdhiya.com\/ar\/wp-json\/wp\/v2\/comments?post=18680"}],"wp:featuredmedia":[{"embeddable":true,"href":"https:\/\/ahdhiya.com\/ar\/wp-json\/wp\/v2\/media\/18681"}],"wp:attachment":[{"href":"https:\/\/ahdhiya.com\/ar\/wp-json\/wp\/v2\/media?parent=18680"}],"wp:term":[{"taxonomy":"product_brand","embeddable":true,"href":"https:\/\/ahdhiya.com\/ar\/wp-json\/wp\/v2\/product_brand?post=18680"},{"taxonomy":"product_cat","embeddable":true,"href":"https:\/\/ahdhiya.com\/ar\/wp-json\/wp\/v2\/product_cat?post=18680"},{"taxonomy":"product_tag","embeddable":true,"href":"https:\/\/ahdhiya.com\/ar\/wp-json\/wp\/v2\/product_tag?post=18680"}],"curies":[{"name":"wp","href":"https:\/\/api.w.org\/{rel}","templated":true}]}}