{"id":18688,"date":"2026-01-09T16:25:00","date_gmt":"2026-01-09T16:25:00","guid":{"rendered":"https:\/\/ahdhiya.com\/produit\/bikkembergs-avorio\/"},"modified":"2026-03-12T14:04:26","modified_gmt":"2026-03-12T14:04:26","slug":"bikkembergs-avorio","status":"publish","type":"product","link":"https:\/\/ahdhiya.com\/ar\/product\/bikkembergs-avorio\/","title":{"rendered":"BIKKEMBERGS AVORIO"},"content":{"rendered":"<p>La marque belge a \u00e9t\u00e9 fond\u00e9e en 1986 par le cr\u00e9ateur avant-gardiste Dirk Bikkembergs. Dans ses collections, il combine avec succ\u00e8s la haute couture et le style sportif avec des \u00e9l\u00e9ments et des symboles de l&rsquo;\u00e9quipement de football. Ses v\u00eatements et ses chaussures sont port\u00e9s par les footballeurs des clubs \u00ab Milan \u00bb et \u00ab Real Madrid \u00bb. Les mod\u00e8les se distinguent souvent par leurs couleurs vives et leurs combinaisons de tissus inhabituelles et conviennent aussi bien \u00e0 un mode de vie actif qu&rsquo;\u00e0 un usage quotidien.<\/p>","protected":false},"excerpt":{"rendered":"<p>La marque belge a \u00e9t\u00e9 fond\u00e9e en 1986 par le cr\u00e9ateur avant-gardiste Dirk Bikkembergs. Dans ses collections, il combine avec succ\u00e8s la haute couture et le style sportif avec des \u00e9l\u00e9ments et des symboles de l&rsquo;\u00e9quipement de football. Ses v\u00eatements et ses chaussures sont port\u00e9s par les footballeurs des clubs \u00ab Milan \u00bb et \u00ab Real Madrid \u00bb. Les mod\u00e8les se distinguent souvent par leurs couleurs vives et leurs combinaisons de tissus inhabituelles et conviennent aussi bien \u00e0 un mode de vie actif qu&rsquo;\u00e0 un usage quotidien.<\/p>","protected":false},"featured_media":18689,"comment_status":"open","ping_status":"closed","template":"","meta":{"_gspb_post_css":"","om_disable_all_campaigns":false,"_monsterinsights_skip_tracking":false,"_monsterinsights_sitenote_active":false,"_monsterinsights_sitenote_note":"","_monsterinsights_sitenote_category":0},"product_brand":[],"product_cat":[174,92],"product_tag":[],"class_list":{"0":"post-18688","1":"product","2":"type-product","3":"status-publish","4":"has-post-thumbnail","6":"product_cat-baskets-hommes","7":"product_cat-hommes","9":"first","10":"instock","11":"shipping-taxable","12":"purchasable","13":"product-type-variable"},"aioseo_notices":[],"jetpack_sharing_enabled":true,"_links":{"self":[{"href":"https:\/\/ahdhiya.com\/ar\/wp-json\/wp\/v2\/product\/18688","targetHints":{"allow":["GET"]}}],"collection":[{"href":"https:\/\/ahdhiya.com\/ar\/wp-json\/wp\/v2\/product"}],"about":[{"href":"https:\/\/ahdhiya.com\/ar\/wp-json\/wp\/v2\/types\/product"}],"replies":[{"embeddable":true,"href":"https:\/\/ahdhiya.com\/ar\/wp-json\/wp\/v2\/comments?post=18688"}],"wp:featuredmedia":[{"embeddable":true,"href":"https:\/\/ahdhiya.com\/ar\/wp-json\/wp\/v2\/media\/18689"}],"wp:attachment":[{"href":"https:\/\/ahdhiya.com\/ar\/wp-json\/wp\/v2\/media?parent=18688"}],"wp:term":[{"taxonomy":"product_brand","embeddable":true,"href":"https:\/\/ahdhiya.com\/ar\/wp-json\/wp\/v2\/product_brand?post=18688"},{"taxonomy":"product_cat","embeddable":true,"href":"https:\/\/ahdhiya.com\/ar\/wp-json\/wp\/v2\/product_cat?post=18688"},{"taxonomy":"product_tag","embeddable":true,"href":"https:\/\/ahdhiya.com\/ar\/wp-json\/wp\/v2\/product_tag?post=18688"}],"curies":[{"name":"wp","href":"https:\/\/api.w.org\/{rel}","templated":true}]}}