{"id":18789,"date":"2026-01-09T16:34:49","date_gmt":"2026-01-09T16:34:49","guid":{"rendered":"https:\/\/ahdhiya.com\/produit\/basket-sun68-64-arancio-fluo\/"},"modified":"2026-03-12T14:04:26","modified_gmt":"2026-03-12T14:04:26","slug":"basket-sun68-64-arancio-fluo","status":"publish","type":"product","link":"https:\/\/ahdhiya.com\/ar\/product\/basket-sun68-64-arancio-fluo\/","title":{"rendered":"BASKET SUN68-64-ARANCIO FLUO"},"content":{"rendered":"<p>Description :\u00a0Les Sneakers SUN68 ARANCIO FLUO \u00a0incarnent l&rsquo;esprit dynamique et color\u00e9 de la marque italienne. Ce mod\u00e8le, dans un coloris Orange Fluo audacieux, est parfait pour injecter une touche de vivacit\u00e9 dans votre look casual ou sportif.Conception et Mat\u00e9riauxCes baskets sont con\u00e7ues selon la construction classique des mod\u00e8les de course (Running) de Sun68, garantissant l\u00e9g\u00e8ret\u00e9 et confort pour un usage quotidien.Couleur : Orange Fluo (ou Naranja Fluo), un coloris lumineux et tr\u00e8s visible.Tige (Empeigne) : Elle est r\u00e9alis\u00e9e \u00e0 partir d&rsquo;un m\u00e9lange de mati\u00e8res de qualit\u00e9 :Cuir (majoritairement du su\u00e9d\u00e9\/daim).Textile (Mesh\/Nylon) pour la respirabilit\u00e9.Polyur\u00e9thane (Synth\u00e9tique).Composition D\u00e9taill\u00e9e :52 % Cuir, 45 % Textile, 3 % Polyur\u00e9thane.Int\u00e9rieur : Doublure en tissu.Semelle : Semelle ext\u00e9rieure en Caoutchouc naturel offrant adh\u00e9rence et durabilit\u00e9.Style et Caract\u00e9ristiquesD\u00e9tails Fluo : La couleur vive de la tige est souvent rehauss\u00e9e par des accents contrast\u00e9s (parfois jaune fluo) sur la semelle ou les lacets.Identit\u00e9 : Le mod\u00e8le pr\u00e9sente le logo embl\u00e9matique de Sun68 sur le c\u00f4t\u00e9, la languette et\/ou l&rsquo;arri\u00e8re.Confort : Semelle int\u00e9rieure amovible.Fermeture : Lacets.Ce mod\u00e8le est un v\u00e9ritable must-have pour ceux qui veulent combiner l&rsquo;esth\u00e9tique du running avec un style urbain distinctif.Made In China .\u00a0<\/p>","protected":false},"excerpt":{"rendered":"<p>Description :\u00a0Les Sneakers SUN68 ARANCIO FLUO \u00a0incarnent l&rsquo;esprit dynamique et color\u00e9 de la marque italienne. Ce mod\u00e8le, dans un coloris Orange Fluo audacieux, est parfait pour injecter une touche de vivacit\u00e9 dans votre look casual ou sportif.Conception et Mat\u00e9riauxCes baskets sont con\u00e7ues selon la construction classique des mod\u00e8les de course (Running) de Sun68, garantissant l\u00e9g\u00e8ret\u00e9 et confort pour un usage quotidien.Couleur : Orange Fluo (ou Naranja Fluo), un coloris lumineux et tr\u00e8s visible.Tige (Empeigne) : Elle est r\u00e9alis\u00e9e \u00e0 partir d&rsquo;un m\u00e9lange de mati\u00e8res de qualit\u00e9 :Cuir (majoritairement du su\u00e9d\u00e9\/daim).Textile (Mesh\/Nylon) pour la respirabilit\u00e9.Polyur\u00e9thane (Synth\u00e9tique).Composition D\u00e9taill\u00e9e :52 % Cuir, 45 % Textile, 3 % Polyur\u00e9thane.Int\u00e9rieur : Doublure en tissu.Semelle : Semelle ext\u00e9rieure en Caoutchouc naturel offrant adh\u00e9rence et durabilit\u00e9.Style et Caract\u00e9ristiquesD\u00e9tails Fluo : La couleur vive de la tige est souvent rehauss\u00e9e par des accents contrast\u00e9s (parfois jaune fluo) sur la semelle ou les lacets.Identit\u00e9 : Le mod\u00e8le pr\u00e9sente le logo embl\u00e9matique de Sun68 sur le c\u00f4t\u00e9, la languette et\/ou l&rsquo;arri\u00e8re.Confort : Semelle int\u00e9rieure amovible.Fermeture : Lacets.Ce mod\u00e8le est un v\u00e9ritable must-have pour ceux qui veulent combiner l&rsquo;esth\u00e9tique du running avec un style urbain distinctif.Made In China .\u00a0<\/p>","protected":false},"featured_media":18790,"comment_status":"open","ping_status":"closed","template":"","meta":{"_gspb_post_css":"","om_disable_all_campaigns":false,"_monsterinsights_skip_tracking":false,"_monsterinsights_sitenote_active":false,"_monsterinsights_sitenote_note":"","_monsterinsights_sitenote_category":0},"product_brand":[],"product_cat":[174,92],"product_tag":[],"class_list":{"0":"post-18789","1":"product","2":"type-product","3":"status-publish","4":"has-post-thumbnail","6":"product_cat-baskets-hommes","7":"product_cat-hommes","9":"first","10":"instock","11":"shipping-taxable","12":"purchasable","13":"product-type-variable"},"aioseo_notices":[],"jetpack_sharing_enabled":true,"_links":{"self":[{"href":"https:\/\/ahdhiya.com\/ar\/wp-json\/wp\/v2\/product\/18789","targetHints":{"allow":["GET"]}}],"collection":[{"href":"https:\/\/ahdhiya.com\/ar\/wp-json\/wp\/v2\/product"}],"about":[{"href":"https:\/\/ahdhiya.com\/ar\/wp-json\/wp\/v2\/types\/product"}],"replies":[{"embeddable":true,"href":"https:\/\/ahdhiya.com\/ar\/wp-json\/wp\/v2\/comments?post=18789"}],"wp:featuredmedia":[{"embeddable":true,"href":"https:\/\/ahdhiya.com\/ar\/wp-json\/wp\/v2\/media\/18790"}],"wp:attachment":[{"href":"https:\/\/ahdhiya.com\/ar\/wp-json\/wp\/v2\/media?parent=18789"}],"wp:term":[{"taxonomy":"product_brand","embeddable":true,"href":"https:\/\/ahdhiya.com\/ar\/wp-json\/wp\/v2\/product_brand?post=18789"},{"taxonomy":"product_cat","embeddable":true,"href":"https:\/\/ahdhiya.com\/ar\/wp-json\/wp\/v2\/product_cat?post=18789"},{"taxonomy":"product_tag","embeddable":true,"href":"https:\/\/ahdhiya.com\/ar\/wp-json\/wp\/v2\/product_tag?post=18789"}],"curies":[{"name":"wp","href":"https:\/\/api.w.org\/{rel}","templated":true}]}}