{"id":18825,"date":"2026-01-09T16:36:08","date_gmt":"2026-01-09T16:36:08","guid":{"rendered":"https:\/\/ahdhiya.com\/produit\/asics-gel-flux-cn-4\/"},"modified":"2026-03-12T14:04:26","modified_gmt":"2026-03-12T14:04:26","slug":"asics-gel-flux-cn-4","status":"publish","type":"product","link":"https:\/\/ahdhiya.com\/ar\/product\/asics-gel-flux-cn-4\/","title":{"rendered":"ASICS GEL FLUX CN"},"content":{"rendered":"<p>L\u2019ASICS GEL-FLUX CN combine esprit urbain et confort moderne. Avec sa tige basse synth\u00e9tique, son design \u00e9pur\u00e9 et sa semelle ext\u00e9rieure en caoutchouc r\u00e9sistant, elle est faite pour un usage quotidien. Disponible en plusieurs coloris \u00e9l\u00e9gants comme Grey Black ou Cream White Grey, cette sneaker sait se faire remarquer tout en restant confortable et polyvalente.MADE IN VIETNAM<\/p>","protected":false},"excerpt":{"rendered":"<p>L\u2019ASICS GEL-FLUX CN combine esprit urbain et confort moderne. Avec sa tige basse synth\u00e9tique, son design \u00e9pur\u00e9 et sa semelle ext\u00e9rieure en caoutchouc r\u00e9sistant, elle est faite pour un usage quotidien. Disponible en plusieurs coloris \u00e9l\u00e9gants comme Grey Black ou Cream White Grey, cette sneaker sait se faire remarquer tout en restant confortable et polyvalente.MADE IN VIETNAM<\/p>","protected":false},"featured_media":18826,"comment_status":"open","ping_status":"closed","template":"","meta":{"_gspb_post_css":"","om_disable_all_campaigns":false,"_monsterinsights_skip_tracking":false,"_monsterinsights_sitenote_active":false,"_monsterinsights_sitenote_note":"","_monsterinsights_sitenote_category":0},"product_brand":[],"product_cat":[174,92],"product_tag":[],"class_list":{"0":"post-18825","1":"product","2":"type-product","3":"status-publish","4":"has-post-thumbnail","6":"product_cat-baskets-hommes","7":"product_cat-hommes","9":"first","10":"instock","11":"shipping-taxable","12":"purchasable","13":"product-type-variable"},"aioseo_notices":[],"jetpack_sharing_enabled":true,"_links":{"self":[{"href":"https:\/\/ahdhiya.com\/ar\/wp-json\/wp\/v2\/product\/18825","targetHints":{"allow":["GET"]}}],"collection":[{"href":"https:\/\/ahdhiya.com\/ar\/wp-json\/wp\/v2\/product"}],"about":[{"href":"https:\/\/ahdhiya.com\/ar\/wp-json\/wp\/v2\/types\/product"}],"replies":[{"embeddable":true,"href":"https:\/\/ahdhiya.com\/ar\/wp-json\/wp\/v2\/comments?post=18825"}],"wp:featuredmedia":[{"embeddable":true,"href":"https:\/\/ahdhiya.com\/ar\/wp-json\/wp\/v2\/media\/18826"}],"wp:attachment":[{"href":"https:\/\/ahdhiya.com\/ar\/wp-json\/wp\/v2\/media?parent=18825"}],"wp:term":[{"taxonomy":"product_brand","embeddable":true,"href":"https:\/\/ahdhiya.com\/ar\/wp-json\/wp\/v2\/product_brand?post=18825"},{"taxonomy":"product_cat","embeddable":true,"href":"https:\/\/ahdhiya.com\/ar\/wp-json\/wp\/v2\/product_cat?post=18825"},{"taxonomy":"product_tag","embeddable":true,"href":"https:\/\/ahdhiya.com\/ar\/wp-json\/wp\/v2\/product_tag?post=18825"}],"curies":[{"name":"wp","href":"https:\/\/api.w.org\/{rel}","templated":true}]}}