{"id":18836,"date":"2026-01-09T16:36:13","date_gmt":"2026-01-09T16:36:13","guid":{"rendered":"https:\/\/ahdhiya.com\/produit\/reebok-road-prime\/"},"modified":"2026-03-12T14:04:26","modified_gmt":"2026-03-12T14:04:26","slug":"reebok-road-prime","status":"publish","type":"product","link":"https:\/\/ahdhiya.com\/ar\/product\/reebok-road-prime\/","title":{"rendered":"REEBOK ROAD PRIME"},"content":{"rendered":"<p>La Reebok Road Prime 100211340 allie parfaitement style r\u00e9tro et confort moderne. Inspir\u00e9e du design running des ann\u00e9es 2000, elle se distingue par une tige en mesh respirant agr\u00e9ment\u00e9e d\u2019empi\u00e8cements en cuir et synth\u00e9tique pour un maintien optimal. Sa semelle interm\u00e9diaire en EVA offre un excellent amorti \u00e0 chaque pas, tandis que la semelle ext\u00e9rieure en caoutchouc garantit une adh\u00e9rence fiable. Son coloris gris et blanc apporte une touche \u00e9l\u00e9gante et polyvalente, parfaite pour un usage quotidien alliant performance et style urbain.MADE IN CHINA<\/p>","protected":false},"excerpt":{"rendered":"<p>La Reebok Road Prime 100211340 allie parfaitement style r\u00e9tro et confort moderne. Inspir\u00e9e du design running des ann\u00e9es 2000, elle se distingue par une tige en mesh respirant agr\u00e9ment\u00e9e d\u2019empi\u00e8cements en cuir et synth\u00e9tique pour un maintien optimal. Sa semelle interm\u00e9diaire en EVA offre un excellent amorti \u00e0 chaque pas, tandis que la semelle ext\u00e9rieure en caoutchouc garantit une adh\u00e9rence fiable. Son coloris gris et blanc apporte une touche \u00e9l\u00e9gante et polyvalente, parfaite pour un usage quotidien alliant performance et style urbain.MADE IN CHINA<\/p>","protected":false},"featured_media":18837,"comment_status":"open","ping_status":"closed","template":"","meta":{"_gspb_post_css":"","om_disable_all_campaigns":false,"_monsterinsights_skip_tracking":false,"_monsterinsights_sitenote_active":false,"_monsterinsights_sitenote_note":"","_monsterinsights_sitenote_category":0},"product_brand":[],"product_cat":[174,92],"product_tag":[],"class_list":{"0":"post-18836","1":"product","2":"type-product","3":"status-publish","4":"has-post-thumbnail","6":"product_cat-baskets-hommes","7":"product_cat-hommes","9":"first","10":"instock","11":"shipping-taxable","12":"purchasable","13":"product-type-variable"},"aioseo_notices":[],"jetpack_sharing_enabled":true,"_links":{"self":[{"href":"https:\/\/ahdhiya.com\/ar\/wp-json\/wp\/v2\/product\/18836","targetHints":{"allow":["GET"]}}],"collection":[{"href":"https:\/\/ahdhiya.com\/ar\/wp-json\/wp\/v2\/product"}],"about":[{"href":"https:\/\/ahdhiya.com\/ar\/wp-json\/wp\/v2\/types\/product"}],"replies":[{"embeddable":true,"href":"https:\/\/ahdhiya.com\/ar\/wp-json\/wp\/v2\/comments?post=18836"}],"wp:featuredmedia":[{"embeddable":true,"href":"https:\/\/ahdhiya.com\/ar\/wp-json\/wp\/v2\/media\/18837"}],"wp:attachment":[{"href":"https:\/\/ahdhiya.com\/ar\/wp-json\/wp\/v2\/media?parent=18836"}],"wp:term":[{"taxonomy":"product_brand","embeddable":true,"href":"https:\/\/ahdhiya.com\/ar\/wp-json\/wp\/v2\/product_brand?post=18836"},{"taxonomy":"product_cat","embeddable":true,"href":"https:\/\/ahdhiya.com\/ar\/wp-json\/wp\/v2\/product_cat?post=18836"},{"taxonomy":"product_tag","embeddable":true,"href":"https:\/\/ahdhiya.com\/ar\/wp-json\/wp\/v2\/product_tag?post=18836"}],"curies":[{"name":"wp","href":"https:\/\/api.w.org\/{rel}","templated":true}]}}