{"id":18848,"date":"2026-01-09T16:36:18","date_gmt":"2026-01-09T16:36:18","guid":{"rendered":"https:\/\/ahdhiya.com\/produit\/basket-sun68-tom-solid-73-ottanio-chiaro\/"},"modified":"2026-03-12T14:04:26","modified_gmt":"2026-03-12T14:04:26","slug":"basket-sun68-tom-solid-73-ottanio-chiaro","status":"publish","type":"product","link":"https:\/\/ahdhiya.com\/ar\/product\/basket-sun68-tom-solid-73-ottanio-chiaro\/","title":{"rendered":"BASKET SUN68 TOM SOLID 73 OTTANIO CHIARO"},"content":{"rendered":"<p>Description :\u00a0\u00a0Les baskets SUN68 Tom Solid\u00a073 OTTANIO CHIARO\u00a0 pour homme incarnent l&rsquo;\u00e9quilibre parfait entre le dynamisme sportif et l&rsquo;\u00e9l\u00e9gance d\u00e9contract\u00e9e.Ce mod\u00e8le est con\u00e7u dans la couleur Ottanio Chiaro (un bleu-vert clair) et pr\u00e9sente une construction hybride en daim premium (suede) et nylon technique, offrant \u00e0 la fois r\u00e9sistance et l\u00e9g\u00e8ret\u00e9.L&rsquo;amorti est assur\u00e9 par une semelle innovante en EVA frais\u00e9e pour un confort l\u00e9ger, tandis que la semelle ext\u00e9rieure en caoutchouc garantit une excellente adh\u00e9rence.Avec son design \u00e9pur\u00e9, son logo brod\u00e9 distinctif et sa composition (58% cuir, 42% textile), la Tom Solid est l&rsquo;ic\u00f4ne de SUN68 pour un look urbain et confortable au quotidien.Made In China .<\/p>","protected":false},"excerpt":{"rendered":"<p>Description :\u00a0\u00a0Les baskets SUN68 Tom Solid\u00a073 OTTANIO CHIARO\u00a0 pour homme incarnent l&rsquo;\u00e9quilibre parfait entre le dynamisme sportif et l&rsquo;\u00e9l\u00e9gance d\u00e9contract\u00e9e.Ce mod\u00e8le est con\u00e7u dans la couleur Ottanio Chiaro (un bleu-vert clair) et pr\u00e9sente une construction hybride en daim premium (suede) et nylon technique, offrant \u00e0 la fois r\u00e9sistance et l\u00e9g\u00e8ret\u00e9.L&rsquo;amorti est assur\u00e9 par une semelle innovante en EVA frais\u00e9e pour un confort l\u00e9ger, tandis que la semelle ext\u00e9rieure en caoutchouc garantit une excellente adh\u00e9rence.Avec son design \u00e9pur\u00e9, son logo brod\u00e9 distinctif et sa composition (58% cuir, 42% textile), la Tom Solid est l&rsquo;ic\u00f4ne de SUN68 pour un look urbain et confortable au quotidien.Made In China .<\/p>","protected":false},"featured_media":18849,"comment_status":"open","ping_status":"closed","template":"","meta":{"_gspb_post_css":"","om_disable_all_campaigns":false,"_monsterinsights_skip_tracking":false,"_monsterinsights_sitenote_active":false,"_monsterinsights_sitenote_note":"","_monsterinsights_sitenote_category":0},"product_brand":[],"product_cat":[174,92],"product_tag":[],"class_list":{"0":"post-18848","1":"product","2":"type-product","3":"status-publish","4":"has-post-thumbnail","6":"product_cat-baskets-hommes","7":"product_cat-hommes","9":"first","10":"instock","11":"shipping-taxable","12":"purchasable","13":"product-type-variable"},"aioseo_notices":[],"jetpack_sharing_enabled":true,"_links":{"self":[{"href":"https:\/\/ahdhiya.com\/ar\/wp-json\/wp\/v2\/product\/18848","targetHints":{"allow":["GET"]}}],"collection":[{"href":"https:\/\/ahdhiya.com\/ar\/wp-json\/wp\/v2\/product"}],"about":[{"href":"https:\/\/ahdhiya.com\/ar\/wp-json\/wp\/v2\/types\/product"}],"replies":[{"embeddable":true,"href":"https:\/\/ahdhiya.com\/ar\/wp-json\/wp\/v2\/comments?post=18848"}],"wp:featuredmedia":[{"embeddable":true,"href":"https:\/\/ahdhiya.com\/ar\/wp-json\/wp\/v2\/media\/18849"}],"wp:attachment":[{"href":"https:\/\/ahdhiya.com\/ar\/wp-json\/wp\/v2\/media?parent=18848"}],"wp:term":[{"taxonomy":"product_brand","embeddable":true,"href":"https:\/\/ahdhiya.com\/ar\/wp-json\/wp\/v2\/product_brand?post=18848"},{"taxonomy":"product_cat","embeddable":true,"href":"https:\/\/ahdhiya.com\/ar\/wp-json\/wp\/v2\/product_cat?post=18848"},{"taxonomy":"product_tag","embeddable":true,"href":"https:\/\/ahdhiya.com\/ar\/wp-json\/wp\/v2\/product_tag?post=18848"}],"curies":[{"name":"wp","href":"https:\/\/api.w.org\/{rel}","templated":true}]}}