{"id":18863,"date":"2026-01-09T16:36:26","date_gmt":"2026-01-09T16:36:26","guid":{"rendered":"https:\/\/ahdhiya.com\/produit\/basket-sun68-jaki-solid-2\/"},"modified":"2026-03-12T14:04:27","modified_gmt":"2026-03-12T14:04:27","slug":"basket-sun68-jaki-solid-2","status":"publish","type":"product","link":"https:\/\/ahdhiya.com\/ar\/product\/basket-sun68-jaki-solid-2\/","title":{"rendered":"BASKET SUN68 JAKI SOLID"},"content":{"rendered":"<p>Les SUN68 JAKI Solid incarnent le style \u00e9pur\u00e9 par excellence. Avec leur design full color uniforme, ces baskets offrent un look moderne, minimaliste et facile \u00e0 associer \u00e0 toutes les tenues du quotidien.Fabriqu\u00e9es avec des mat\u00e9riaux l\u00e9gers et respirants, elles garantissent un confort durable et une sensation de l\u00e9g\u00e8ret\u00e9 \u00e0 chaque pas. Leur semelle souple assure une bonne absorption des chocs et une grande stabilit\u00e9, id\u00e9ale pour marcher, travailler ou sortir en toute d\u00e9tente.Le logo SUN68 subtilement int\u00e9gr\u00e9 apporte une touche d\u2019authenticit\u00e9 sans alourdir le design.Polyvalentes, \u00e9l\u00e9gantes et confortables, les SUN68 JAKI Solid sont le choix parfait pour ceux qui veulent une basket simple, propre et efficace au quotidien.\u00a0MADE IN CHINA<\/p>","protected":false},"excerpt":{"rendered":"<p>Les SUN68 JAKI Solid incarnent le style \u00e9pur\u00e9 par excellence. Avec leur design full color uniforme, ces baskets offrent un look moderne, minimaliste et facile \u00e0 associer \u00e0 toutes les tenues du quotidien.Fabriqu\u00e9es avec des mat\u00e9riaux l\u00e9gers et respirants, elles garantissent un confort durable et une sensation de l\u00e9g\u00e8ret\u00e9 \u00e0 chaque pas. Leur semelle souple assure une bonne absorption des chocs et une grande stabilit\u00e9, id\u00e9ale pour marcher, travailler ou sortir en toute d\u00e9tente.Le logo SUN68 subtilement int\u00e9gr\u00e9 apporte une touche d\u2019authenticit\u00e9 sans alourdir le design.Polyvalentes, \u00e9l\u00e9gantes et confortables, les SUN68 JAKI Solid sont le choix parfait pour ceux qui veulent une basket simple, propre et efficace au quotidien.\u00a0MADE IN CHINA<\/p>","protected":false},"featured_media":18864,"comment_status":"open","ping_status":"closed","template":"","meta":{"_gspb_post_css":"","om_disable_all_campaigns":false,"_monsterinsights_skip_tracking":false,"_monsterinsights_sitenote_active":false,"_monsterinsights_sitenote_note":"","_monsterinsights_sitenote_category":0},"product_brand":[],"product_cat":[174,92],"product_tag":[],"class_list":{"0":"post-18863","1":"product","2":"type-product","3":"status-publish","4":"has-post-thumbnail","6":"product_cat-baskets-hommes","7":"product_cat-hommes","9":"first","10":"instock","11":"shipping-taxable","12":"purchasable","13":"product-type-variable"},"aioseo_notices":[],"jetpack_sharing_enabled":true,"_links":{"self":[{"href":"https:\/\/ahdhiya.com\/ar\/wp-json\/wp\/v2\/product\/18863","targetHints":{"allow":["GET"]}}],"collection":[{"href":"https:\/\/ahdhiya.com\/ar\/wp-json\/wp\/v2\/product"}],"about":[{"href":"https:\/\/ahdhiya.com\/ar\/wp-json\/wp\/v2\/types\/product"}],"replies":[{"embeddable":true,"href":"https:\/\/ahdhiya.com\/ar\/wp-json\/wp\/v2\/comments?post=18863"}],"wp:featuredmedia":[{"embeddable":true,"href":"https:\/\/ahdhiya.com\/ar\/wp-json\/wp\/v2\/media\/18864"}],"wp:attachment":[{"href":"https:\/\/ahdhiya.com\/ar\/wp-json\/wp\/v2\/media?parent=18863"}],"wp:term":[{"taxonomy":"product_brand","embeddable":true,"href":"https:\/\/ahdhiya.com\/ar\/wp-json\/wp\/v2\/product_brand?post=18863"},{"taxonomy":"product_cat","embeddable":true,"href":"https:\/\/ahdhiya.com\/ar\/wp-json\/wp\/v2\/product_cat?post=18863"},{"taxonomy":"product_tag","embeddable":true,"href":"https:\/\/ahdhiya.com\/ar\/wp-json\/wp\/v2\/product_tag?post=18863"}],"curies":[{"name":"wp","href":"https:\/\/api.w.org\/{rel}","templated":true}]}}