{"id":18890,"date":"2026-01-09T16:38:20","date_gmt":"2026-01-09T16:38:20","guid":{"rendered":"https:\/\/ahdhiya.com\/produit\/reebok-road-prime-2\/"},"modified":"2026-03-12T14:04:27","modified_gmt":"2026-03-12T14:04:27","slug":"reebok-road-prime-2","status":"publish","type":"product","link":"https:\/\/ahdhiya.com\/ar\/product\/reebok-road-prime-2\/","title":{"rendered":"REEBOK ROAD PRIME"},"content":{"rendered":"<p>La Reebok Road Prime 100208662 incarne avec brio le style running des ann\u00e9es 2000, revisit\u00e9 pour le quotidien. Sa tige en mesh respirant, habill\u00e9e de superpositions en cuir et synth\u00e9tique, cr\u00e9e un jeu de mati\u00e8res riche tout en assurant legg\u00e8ret\u00e9 et maintien. La fermeture \u00e0 lacets permet un ajustement pr\u00e9cis, et la coupe visage-ton rond rend la silhouette polyvalente.Gr\u00e2ce \u00e0 sa semelle interm\u00e9diaire EVA inject\u00e9e, la chaussure offre un amorti fiable et confortable, tandis que la semelle ext\u00e9rieure en caoutchouc assure une excellente adh\u00e9rence \u2014 id\u00e9ale pour les promenades urbaines ou les s\u00e9ances all\u00e9g\u00e9es. Le coloris \u201cChalk \/ Vintage Chalk \/ Black\u201d ajoute une touche r\u00e9tro discr\u00e8te, facile \u00e0 combiner au quotidien.<\/p>","protected":false},"excerpt":{"rendered":"<p>La Reebok Road Prime 100208662 incarne avec brio le style running des ann\u00e9es 2000, revisit\u00e9 pour le quotidien. Sa tige en mesh respirant, habill\u00e9e de superpositions en cuir et synth\u00e9tique, cr\u00e9e un jeu de mati\u00e8res riche tout en assurant legg\u00e8ret\u00e9 et maintien. La fermeture \u00e0 lacets permet un ajustement pr\u00e9cis, et la coupe visage-ton rond rend la silhouette polyvalente.Gr\u00e2ce \u00e0 sa semelle interm\u00e9diaire EVA inject\u00e9e, la chaussure offre un amorti fiable et confortable, tandis que la semelle ext\u00e9rieure en caoutchouc assure une excellente adh\u00e9rence \u2014 id\u00e9ale pour les promenades urbaines ou les s\u00e9ances all\u00e9g\u00e9es. Le coloris \u201cChalk \/ Vintage Chalk \/ Black\u201d ajoute une touche r\u00e9tro discr\u00e8te, facile \u00e0 combiner au quotidien.<\/p>","protected":false},"featured_media":18891,"comment_status":"open","ping_status":"closed","template":"","meta":{"_gspb_post_css":"","om_disable_all_campaigns":false,"_monsterinsights_skip_tracking":false,"_monsterinsights_sitenote_active":false,"_monsterinsights_sitenote_note":"","_monsterinsights_sitenote_category":0},"product_brand":[],"product_cat":[174,92],"product_tag":[],"class_list":{"0":"post-18890","1":"product","2":"type-product","3":"status-publish","4":"has-post-thumbnail","6":"product_cat-baskets-hommes","7":"product_cat-hommes","9":"first","10":"instock","11":"shipping-taxable","12":"purchasable","13":"product-type-variable"},"aioseo_notices":[],"jetpack_sharing_enabled":true,"_links":{"self":[{"href":"https:\/\/ahdhiya.com\/ar\/wp-json\/wp\/v2\/product\/18890","targetHints":{"allow":["GET"]}}],"collection":[{"href":"https:\/\/ahdhiya.com\/ar\/wp-json\/wp\/v2\/product"}],"about":[{"href":"https:\/\/ahdhiya.com\/ar\/wp-json\/wp\/v2\/types\/product"}],"replies":[{"embeddable":true,"href":"https:\/\/ahdhiya.com\/ar\/wp-json\/wp\/v2\/comments?post=18890"}],"wp:featuredmedia":[{"embeddable":true,"href":"https:\/\/ahdhiya.com\/ar\/wp-json\/wp\/v2\/media\/18891"}],"wp:attachment":[{"href":"https:\/\/ahdhiya.com\/ar\/wp-json\/wp\/v2\/media?parent=18890"}],"wp:term":[{"taxonomy":"product_brand","embeddable":true,"href":"https:\/\/ahdhiya.com\/ar\/wp-json\/wp\/v2\/product_brand?post=18890"},{"taxonomy":"product_cat","embeddable":true,"href":"https:\/\/ahdhiya.com\/ar\/wp-json\/wp\/v2\/product_cat?post=18890"},{"taxonomy":"product_tag","embeddable":true,"href":"https:\/\/ahdhiya.com\/ar\/wp-json\/wp\/v2\/product_tag?post=18890"}],"curies":[{"name":"wp","href":"https:\/\/api.w.org\/{rel}","templated":true}]}}