{"id":18902,"date":"2026-01-09T16:38:25","date_gmt":"2026-01-09T16:38:25","guid":{"rendered":"https:\/\/ahdhiya.com\/produit\/guardiani-footwear-9\/"},"modified":"2026-03-12T14:04:27","modified_gmt":"2026-03-12T14:04:27","slug":"guardiani-footwear-9","status":"publish","type":"product","link":"https:\/\/ahdhiya.com\/ar\/product\/guardiani-footwear-9\/","title":{"rendered":"GUARDIANI FOOTWEAR"},"content":{"rendered":"<p>Chaussures\u00a0Guardiani Homme\u00a0\u2013 Un design \u00e9l\u00e9gant et moderne alliant confort et caract\u00e8re.Fabriqu\u00e9es avec un m\u00e9lange de\u00a0daim et de textile premium, elles offrent une sensation douce et r\u00e9sistante.La semelle ext\u00e9rieure assure\u00a0une adh\u00e9rence optimale, tandis que la semelle int\u00e9rieure garantit\u00a0un confort prolong\u00e9\u00a0au quotidien.Les tons\u00a0apportent une touche raffin\u00e9e et sportive, id\u00e9ale pour un style urbain ou casual.Un parfait \u00e9quilibre entre\u00a0sobri\u00e9t\u00e9, qualit\u00e9 et performance italienne.<\/p>","protected":false},"excerpt":{"rendered":"<p>Chaussures\u00a0Guardiani Homme\u00a0\u2013 Un design \u00e9l\u00e9gant et moderne alliant confort et caract\u00e8re.Fabriqu\u00e9es avec un m\u00e9lange de\u00a0daim et de textile premium, elles offrent une sensation douce et r\u00e9sistante.La semelle ext\u00e9rieure assure\u00a0une adh\u00e9rence optimale, tandis que la semelle int\u00e9rieure garantit\u00a0un confort prolong\u00e9\u00a0au quotidien.Les tons\u00a0apportent une touche raffin\u00e9e et sportive, id\u00e9ale pour un style urbain ou casual.Un parfait \u00e9quilibre entre\u00a0sobri\u00e9t\u00e9, qualit\u00e9 et performance italienne.<\/p>","protected":false},"featured_media":18903,"comment_status":"open","ping_status":"closed","template":"","meta":{"_gspb_post_css":"","om_disable_all_campaigns":false,"_monsterinsights_skip_tracking":false,"_monsterinsights_sitenote_active":false,"_monsterinsights_sitenote_note":"","_monsterinsights_sitenote_category":0},"product_brand":[],"product_cat":[174,92],"product_tag":[],"class_list":{"0":"post-18902","1":"product","2":"type-product","3":"status-publish","4":"has-post-thumbnail","6":"product_cat-baskets-hommes","7":"product_cat-hommes","9":"first","10":"instock","11":"shipping-taxable","12":"purchasable","13":"product-type-variable"},"aioseo_notices":[],"jetpack_sharing_enabled":true,"_links":{"self":[{"href":"https:\/\/ahdhiya.com\/ar\/wp-json\/wp\/v2\/product\/18902","targetHints":{"allow":["GET"]}}],"collection":[{"href":"https:\/\/ahdhiya.com\/ar\/wp-json\/wp\/v2\/product"}],"about":[{"href":"https:\/\/ahdhiya.com\/ar\/wp-json\/wp\/v2\/types\/product"}],"replies":[{"embeddable":true,"href":"https:\/\/ahdhiya.com\/ar\/wp-json\/wp\/v2\/comments?post=18902"}],"wp:featuredmedia":[{"embeddable":true,"href":"https:\/\/ahdhiya.com\/ar\/wp-json\/wp\/v2\/media\/18903"}],"wp:attachment":[{"href":"https:\/\/ahdhiya.com\/ar\/wp-json\/wp\/v2\/media?parent=18902"}],"wp:term":[{"taxonomy":"product_brand","embeddable":true,"href":"https:\/\/ahdhiya.com\/ar\/wp-json\/wp\/v2\/product_brand?post=18902"},{"taxonomy":"product_cat","embeddable":true,"href":"https:\/\/ahdhiya.com\/ar\/wp-json\/wp\/v2\/product_cat?post=18902"},{"taxonomy":"product_tag","embeddable":true,"href":"https:\/\/ahdhiya.com\/ar\/wp-json\/wp\/v2\/product_tag?post=18902"}],"curies":[{"name":"wp","href":"https:\/\/api.w.org\/{rel}","templated":true}]}}