{"id":19220,"date":"2026-01-09T16:47:48","date_gmt":"2026-01-09T16:47:48","guid":{"rendered":"https:\/\/ahdhiya.com\/produit\/geox-boots-2\/"},"modified":"2026-03-12T14:04:28","modified_gmt":"2026-03-12T14:04:28","slug":"geox-boots-2","status":"publish","type":"product","link":"https:\/\/ahdhiya.com\/ar\/product\/geox-boots-2\/","title":{"rendered":"GEOX BOOTS"},"content":{"rendered":"<p>Description :\u00a0Ces bottines Geox D Spherica EC4.1 (R\u00e9f. D36TCA 00085 C9999) pour femme sont un mod\u00e8le hybride de couleur Noire qui allie style urbain, confort et technologie respirante. Elles font partie de la collection Geox Spherica.Design : Ce sont des bottines d\u00e9contract\u00e9es \u00e0 talon plat et \u00e0 bout rond.Fermeture : Elles sont de type \u00e0 enfiler (Wsuwane).Mati\u00e8res : L&#8217;empeigne est en cuir naturel pleine fleur (Sk\u00f3ra naturalna licowa). La semelle int\u00e9rieure et la doublure sont principalement en mati\u00e8re textile.Confort et Technologie : Elles sont dot\u00e9es d&rsquo;une semelle ext\u00e9rieure ultra-amortissante et respirante, caract\u00e9ristiques de la ligne Spherica\u2122 EC4.1, pour garantir un confort optimal tout au long de la journ\u00e9e. MADE IN CHINA .<\/p>","protected":false},"excerpt":{"rendered":"<p>Description :\u00a0Ces bottines Geox D Spherica EC4.1 (R\u00e9f. D36TCA 00085 C9999) pour femme sont un mod\u00e8le hybride de couleur Noire qui allie style urbain, confort et technologie respirante. Elles font partie de la collection Geox Spherica.Design : Ce sont des bottines d\u00e9contract\u00e9es \u00e0 talon plat et \u00e0 bout rond.Fermeture : Elles sont de type \u00e0 enfiler (Wsuwane).Mati\u00e8res : L&#8217;empeigne est en cuir naturel pleine fleur (Sk\u00f3ra naturalna licowa). La semelle int\u00e9rieure et la doublure sont principalement en mati\u00e8re textile.Confort et Technologie : Elles sont dot\u00e9es d&rsquo;une semelle ext\u00e9rieure ultra-amortissante et respirante, caract\u00e9ristiques de la ligne Spherica\u2122 EC4.1, pour garantir un confort optimal tout au long de la journ\u00e9e. MADE IN CHINA .<\/p>","protected":false},"featured_media":19221,"comment_status":"open","ping_status":"closed","template":"","meta":{"_gspb_post_css":"","om_disable_all_campaigns":false,"_monsterinsights_skip_tracking":false,"_monsterinsights_sitenote_active":false,"_monsterinsights_sitenote_note":"","_monsterinsights_sitenote_category":0},"product_brand":[],"product_cat":[91,189],"product_tag":[],"class_list":{"0":"post-19220","1":"product","2":"type-product","3":"status-publish","4":"has-post-thumbnail","6":"product_cat-femmes","7":"product_cat-godasses-et-boots-femmes","9":"first","10":"instock","11":"shipping-taxable","12":"purchasable","13":"product-type-variable"},"aioseo_notices":[],"jetpack_sharing_enabled":true,"_links":{"self":[{"href":"https:\/\/ahdhiya.com\/ar\/wp-json\/wp\/v2\/product\/19220","targetHints":{"allow":["GET"]}}],"collection":[{"href":"https:\/\/ahdhiya.com\/ar\/wp-json\/wp\/v2\/product"}],"about":[{"href":"https:\/\/ahdhiya.com\/ar\/wp-json\/wp\/v2\/types\/product"}],"replies":[{"embeddable":true,"href":"https:\/\/ahdhiya.com\/ar\/wp-json\/wp\/v2\/comments?post=19220"}],"wp:featuredmedia":[{"embeddable":true,"href":"https:\/\/ahdhiya.com\/ar\/wp-json\/wp\/v2\/media\/19221"}],"wp:attachment":[{"href":"https:\/\/ahdhiya.com\/ar\/wp-json\/wp\/v2\/media?parent=19220"}],"wp:term":[{"taxonomy":"product_brand","embeddable":true,"href":"https:\/\/ahdhiya.com\/ar\/wp-json\/wp\/v2\/product_brand?post=19220"},{"taxonomy":"product_cat","embeddable":true,"href":"https:\/\/ahdhiya.com\/ar\/wp-json\/wp\/v2\/product_cat?post=19220"},{"taxonomy":"product_tag","embeddable":true,"href":"https:\/\/ahdhiya.com\/ar\/wp-json\/wp\/v2\/product_tag?post=19220"}],"curies":[{"name":"wp","href":"https:\/\/api.w.org\/{rel}","templated":true}]}}