{"id":19283,"date":"2026-01-09T16:49:53","date_gmt":"2026-01-09T16:49:53","guid":{"rendered":"https:\/\/ahdhiya.com\/produit\/reebok-court-peak\/"},"modified":"2026-03-12T14:04:29","modified_gmt":"2026-03-12T14:04:29","slug":"reebok-court-peak","status":"publish","type":"product","link":"https:\/\/ahdhiya.com\/ar\/product\/reebok-court-peak\/","title":{"rendered":"REEBOK COURT PEAK"},"content":{"rendered":"<p>MADE IN INDONESIA\u2022\u00a0Baskets r\u00e9tro en cuir v\u00e9ritable avec logo Reebok brod\u00e9\u2022\u00a0Insert Reebok lat\u00e9ral\u2022\u00a0Patch Reebok cousu sur la languette\u2022\u00a0Renfort au talon imprim\u00e9 ReebokLivr\u00e9es dans la bo\u00eete officielle\u00a0ReebokTAILLE ET COUPECe produit taille normalementPrenez votre taille habituelleLa paire photographi\u00e9e est une taille 41COMPOSITION ET ENTRETIENDessus : Cuir, Synth\u00e9tiqueDoublure : TextileSemelle : Caoutchouc<\/p>","protected":false},"excerpt":{"rendered":"<p>MADE IN INDONESIA\u2022\u00a0Baskets r\u00e9tro en cuir v\u00e9ritable avec logo Reebok brod\u00e9\u2022\u00a0Insert Reebok lat\u00e9ral\u2022\u00a0Patch Reebok cousu sur la languette\u2022\u00a0Renfort au talon imprim\u00e9 ReebokLivr\u00e9es dans la bo\u00eete officielle\u00a0ReebokTAILLE ET COUPECe produit taille normalementPrenez votre taille habituelleLa paire photographi\u00e9e est une taille 41COMPOSITION ET ENTRETIENDessus : Cuir, Synth\u00e9tiqueDoublure : TextileSemelle : Caoutchouc<\/p>","protected":false},"featured_media":19284,"comment_status":"open","ping_status":"closed","template":"","meta":{"_gspb_post_css":"","om_disable_all_campaigns":false,"_monsterinsights_skip_tracking":false,"_monsterinsights_sitenote_active":false,"_monsterinsights_sitenote_note":"","_monsterinsights_sitenote_category":0},"product_brand":[],"product_cat":[174,92],"product_tag":[],"class_list":{"0":"post-19283","1":"product","2":"type-product","3":"status-publish","4":"has-post-thumbnail","6":"product_cat-baskets-hommes","7":"product_cat-hommes","9":"first","10":"instock","11":"shipping-taxable","12":"purchasable","13":"product-type-variable"},"aioseo_notices":[],"jetpack_sharing_enabled":true,"_links":{"self":[{"href":"https:\/\/ahdhiya.com\/ar\/wp-json\/wp\/v2\/product\/19283","targetHints":{"allow":["GET"]}}],"collection":[{"href":"https:\/\/ahdhiya.com\/ar\/wp-json\/wp\/v2\/product"}],"about":[{"href":"https:\/\/ahdhiya.com\/ar\/wp-json\/wp\/v2\/types\/product"}],"replies":[{"embeddable":true,"href":"https:\/\/ahdhiya.com\/ar\/wp-json\/wp\/v2\/comments?post=19283"}],"wp:featuredmedia":[{"embeddable":true,"href":"https:\/\/ahdhiya.com\/ar\/wp-json\/wp\/v2\/media\/19284"}],"wp:attachment":[{"href":"https:\/\/ahdhiya.com\/ar\/wp-json\/wp\/v2\/media?parent=19283"}],"wp:term":[{"taxonomy":"product_brand","embeddable":true,"href":"https:\/\/ahdhiya.com\/ar\/wp-json\/wp\/v2\/product_brand?post=19283"},{"taxonomy":"product_cat","embeddable":true,"href":"https:\/\/ahdhiya.com\/ar\/wp-json\/wp\/v2\/product_cat?post=19283"},{"taxonomy":"product_tag","embeddable":true,"href":"https:\/\/ahdhiya.com\/ar\/wp-json\/wp\/v2\/product_tag?post=19283"}],"curies":[{"name":"wp","href":"https:\/\/api.w.org\/{rel}","templated":true}]}}