{"id":19371,"date":"2026-01-09T16:58:43","date_gmt":"2026-01-09T16:58:43","guid":{"rendered":"https:\/\/ahdhiya.com\/produit\/geox-u-spherica-a-mesh-nbk-synt\/"},"modified":"2026-03-12T14:04:29","modified_gmt":"2026-03-12T14:04:29","slug":"geox-u-spherica-a-mesh-nbk-synt","status":"publish","type":"product","link":"https:\/\/ahdhiya.com\/ar\/product\/geox-u-spherica-a-mesh-nbk-synt\/","title":{"rendered":"GEOX U SPHERICA A &#8211; MESH NBK SYNT"},"content":{"rendered":"<p>La GEOX U Spherica A \u2013 Mesh NBK Synt est une sneaker pour homme alliant performance et style contemporain. Sa tige combine un mesh technique pour une excellente ventilation et un mat\u00e9riau NBK synth\u00e9tique pour apporter structure et r\u00e9sistance.\u00c9quip\u00e9e de la technologie Spherica\u2122, elle offre un syst\u00e8me d\u2019amorti \u201czero shock\u201d qui r\u00e9partit les contraintes et rend chaque pas plus confortable. La semelle ext\u00e9rieure assure adh\u00e9rence et durabilit\u00e9, tandis que la semelle int\u00e9rieure rembourr\u00e9e garantit un soutien agr\u00e9able \u00e0 chaque foul\u00e9e.Polyvalente et moderne, la U Spherica A \u2013 Mesh NBK Synt se portera aussi bien pour un usage quotidien qu\u2019en ville, avec une esth\u00e9tique sportive et affirm\u00e9e.<\/p>","protected":false},"excerpt":{"rendered":"<p>La GEOX U Spherica A \u2013 Mesh NBK Synt est une sneaker pour homme alliant performance et style contemporain. Sa tige combine un mesh technique pour une excellente ventilation et un mat\u00e9riau NBK synth\u00e9tique pour apporter structure et r\u00e9sistance.\u00c9quip\u00e9e de la technologie Spherica\u2122, elle offre un syst\u00e8me d\u2019amorti \u201czero shock\u201d qui r\u00e9partit les contraintes et rend chaque pas plus confortable. La semelle ext\u00e9rieure assure adh\u00e9rence et durabilit\u00e9, tandis que la semelle int\u00e9rieure rembourr\u00e9e garantit un soutien agr\u00e9able \u00e0 chaque foul\u00e9e.Polyvalente et moderne, la U Spherica A \u2013 Mesh NBK Synt se portera aussi bien pour un usage quotidien qu\u2019en ville, avec une esth\u00e9tique sportive et affirm\u00e9e.<\/p>","protected":false},"featured_media":19372,"comment_status":"open","ping_status":"closed","template":"","meta":{"_gspb_post_css":"","om_disable_all_campaigns":false,"_monsterinsights_skip_tracking":false,"_monsterinsights_sitenote_active":false,"_monsterinsights_sitenote_note":"","_monsterinsights_sitenote_category":0},"product_brand":[],"product_cat":[174,92],"product_tag":[],"class_list":{"0":"post-19371","1":"product","2":"type-product","3":"status-publish","4":"has-post-thumbnail","6":"product_cat-baskets-hommes","7":"product_cat-hommes","9":"first","10":"instock","11":"shipping-taxable","12":"purchasable","13":"product-type-simple"},"aioseo_notices":[],"jetpack_sharing_enabled":true,"_links":{"self":[{"href":"https:\/\/ahdhiya.com\/ar\/wp-json\/wp\/v2\/product\/19371","targetHints":{"allow":["GET"]}}],"collection":[{"href":"https:\/\/ahdhiya.com\/ar\/wp-json\/wp\/v2\/product"}],"about":[{"href":"https:\/\/ahdhiya.com\/ar\/wp-json\/wp\/v2\/types\/product"}],"replies":[{"embeddable":true,"href":"https:\/\/ahdhiya.com\/ar\/wp-json\/wp\/v2\/comments?post=19371"}],"wp:featuredmedia":[{"embeddable":true,"href":"https:\/\/ahdhiya.com\/ar\/wp-json\/wp\/v2\/media\/19372"}],"wp:attachment":[{"href":"https:\/\/ahdhiya.com\/ar\/wp-json\/wp\/v2\/media?parent=19371"}],"wp:term":[{"taxonomy":"product_brand","embeddable":true,"href":"https:\/\/ahdhiya.com\/ar\/wp-json\/wp\/v2\/product_brand?post=19371"},{"taxonomy":"product_cat","embeddable":true,"href":"https:\/\/ahdhiya.com\/ar\/wp-json\/wp\/v2\/product_cat?post=19371"},{"taxonomy":"product_tag","embeddable":true,"href":"https:\/\/ahdhiya.com\/ar\/wp-json\/wp\/v2\/product_tag?post=19371"}],"curies":[{"name":"wp","href":"https:\/\/api.w.org\/{rel}","templated":true}]}}