{"id":19634,"date":"2026-01-09T17:03:45","date_gmt":"2026-01-09T17:03:45","guid":{"rendered":"https:\/\/ahdhiya.com\/produit\/basket-sun68-jaki-fluo-34-grigio-medio\/"},"modified":"2026-03-12T14:04:30","modified_gmt":"2026-03-12T14:04:30","slug":"basket-sun68-jaki-fluo-34-grigio-medio","status":"publish","type":"product","link":"https:\/\/ahdhiya.com\/ar\/product\/basket-sun68-jaki-fluo-34-grigio-medio\/","title":{"rendered":"BASKET SUN68 JAKI FLUO 34 GRIGIO MEDIO"},"content":{"rendered":"<p>Description :\u00a0Ces baskets Sun68 Running Jaki Fluo Grigio Medio incarnent le mariage parfait entre un style sportif et une \u00e9l\u00e9gance recherch\u00e9e, o\u00f9 chaque d\u00e9tail est m\u00e9ticuleusement travaill\u00e9. Elles sont un v\u00e9ritable incontournable pour un look soign\u00e9 et tendance.Conception et Mat\u00e9riauxTige : Elle est con\u00e7ue \u00e0 partir d&rsquo;un m\u00e9lange de cuir su\u00e9d\u00e9 (peau retourn\u00e9e) et de tissu technique de haute qualit\u00e9.Logo : Le logo Sun68 est brod\u00e9 sur le c\u00f4t\u00e9 dans un nylon jaune fluo vif.Semelle Interm\u00e9diaire (Intercalaire) : Fabriqu\u00e9e en EVA, cette semelle assure stabilit\u00e9 et performance. Elle se distingue par son design bicolore : blanc et gris.Composition D\u00e9taill\u00e9e :52 % Cuir28 % Tissu20 % Polyur\u00e9thaneCaract\u00e9ristiquesR\u00e9f\u00e9rence Article : Z44115-34Couleur : Gris Moyen.Mesures de la semelle (longueur approximative) :40 : 26,6 cm41 : 27,3 cm42 : 28 cm43 : 28,6 cm44 : 29,35 cm45 : 30 cm46 : 30,9 cm Made In China .<\/p>","protected":false},"excerpt":{"rendered":"<p>Description :\u00a0Ces baskets Sun68 Running Jaki Fluo Grigio Medio incarnent le mariage parfait entre un style sportif et une \u00e9l\u00e9gance recherch\u00e9e, o\u00f9 chaque d\u00e9tail est m\u00e9ticuleusement travaill\u00e9. Elles sont un v\u00e9ritable incontournable pour un look soign\u00e9 et tendance.Conception et Mat\u00e9riauxTige : Elle est con\u00e7ue \u00e0 partir d&rsquo;un m\u00e9lange de cuir su\u00e9d\u00e9 (peau retourn\u00e9e) et de tissu technique de haute qualit\u00e9.Logo : Le logo Sun68 est brod\u00e9 sur le c\u00f4t\u00e9 dans un nylon jaune fluo vif.Semelle Interm\u00e9diaire (Intercalaire) : Fabriqu\u00e9e en EVA, cette semelle assure stabilit\u00e9 et performance. Elle se distingue par son design bicolore : blanc et gris.Composition D\u00e9taill\u00e9e :52 % Cuir28 % Tissu20 % Polyur\u00e9thaneCaract\u00e9ristiquesR\u00e9f\u00e9rence Article : Z44115-34Couleur : Gris Moyen.Mesures de la semelle (longueur approximative) :40 : 26,6 cm41 : 27,3 cm42 : 28 cm43 : 28,6 cm44 : 29,35 cm45 : 30 cm46 : 30,9 cm Made In China .<\/p>","protected":false},"featured_media":19635,"comment_status":"open","ping_status":"closed","template":"","meta":{"_gspb_post_css":"","om_disable_all_campaigns":false,"_monsterinsights_skip_tracking":false,"_monsterinsights_sitenote_active":false,"_monsterinsights_sitenote_note":"","_monsterinsights_sitenote_category":0},"product_brand":[],"product_cat":[174,92],"product_tag":[],"class_list":{"0":"post-19634","1":"product","2":"type-product","3":"status-publish","4":"has-post-thumbnail","6":"product_cat-baskets-hommes","7":"product_cat-hommes","9":"first","10":"instock","11":"shipping-taxable","12":"purchasable","13":"product-type-variable"},"aioseo_notices":[],"jetpack_sharing_enabled":true,"_links":{"self":[{"href":"https:\/\/ahdhiya.com\/ar\/wp-json\/wp\/v2\/product\/19634","targetHints":{"allow":["GET"]}}],"collection":[{"href":"https:\/\/ahdhiya.com\/ar\/wp-json\/wp\/v2\/product"}],"about":[{"href":"https:\/\/ahdhiya.com\/ar\/wp-json\/wp\/v2\/types\/product"}],"replies":[{"embeddable":true,"href":"https:\/\/ahdhiya.com\/ar\/wp-json\/wp\/v2\/comments?post=19634"}],"wp:featuredmedia":[{"embeddable":true,"href":"https:\/\/ahdhiya.com\/ar\/wp-json\/wp\/v2\/media\/19635"}],"wp:attachment":[{"href":"https:\/\/ahdhiya.com\/ar\/wp-json\/wp\/v2\/media?parent=19634"}],"wp:term":[{"taxonomy":"product_brand","embeddable":true,"href":"https:\/\/ahdhiya.com\/ar\/wp-json\/wp\/v2\/product_brand?post=19634"},{"taxonomy":"product_cat","embeddable":true,"href":"https:\/\/ahdhiya.com\/ar\/wp-json\/wp\/v2\/product_cat?post=19634"},{"taxonomy":"product_tag","embeddable":true,"href":"https:\/\/ahdhiya.com\/ar\/wp-json\/wp\/v2\/product_tag?post=19634"}],"curies":[{"name":"wp","href":"https:\/\/api.w.org\/{rel}","templated":true}]}}