{"id":19660,"date":"2026-01-09T17:04:00","date_gmt":"2026-01-09T17:04:00","guid":{"rendered":"https:\/\/ahdhiya.com\/produit\/reebok-nanoflex-tr-2-0\/"},"modified":"2026-03-12T14:04:30","modified_gmt":"2026-03-12T14:04:30","slug":"reebok-nanoflex-tr-2-0","status":"publish","type":"product","link":"https:\/\/ahdhiya.com\/ar\/product\/reebok-nanoflex-tr-2-0\/","title":{"rendered":"REEBOK NANOFLEX TR 2.0"},"content":{"rendered":"<p>Reebok \u2013 Mod\u00e8le HQ4222 Alliez style et confort avec cette basket Reebok au design \u00e9pur\u00e9 et urbain. Con\u00e7ue pour un usage quotidien, elle offre un bon maintien gr\u00e2ce \u00e0 sa tige mi-montante et une semelle ext\u00e9rieure r\u00e9sistante pour une adh\u00e9rence optimale. Avec ses lignes classiques et son look r\u00e9tro inspir\u00e9 du basketball, cette paire est parfaite pour compl\u00e9ter un look streetwear moderne ou sportif.<\/p>","protected":false},"excerpt":{"rendered":"<p>Reebok \u2013 Mod\u00e8le HQ4222 Alliez style et confort avec cette basket Reebok au design \u00e9pur\u00e9 et urbain. Con\u00e7ue pour un usage quotidien, elle offre un bon maintien gr\u00e2ce \u00e0 sa tige mi-montante et une semelle ext\u00e9rieure r\u00e9sistante pour une adh\u00e9rence optimale. Avec ses lignes classiques et son look r\u00e9tro inspir\u00e9 du basketball, cette paire est parfaite pour compl\u00e9ter un look streetwear moderne ou sportif.<\/p>","protected":false},"featured_media":19661,"comment_status":"open","ping_status":"closed","template":"","meta":{"_gspb_post_css":"","om_disable_all_campaigns":false,"_monsterinsights_skip_tracking":false,"_monsterinsights_sitenote_active":false,"_monsterinsights_sitenote_note":"","_monsterinsights_sitenote_category":0},"product_brand":[],"product_cat":[176,91],"product_tag":[],"class_list":{"0":"post-19660","1":"product","2":"type-product","3":"status-publish","4":"has-post-thumbnail","6":"product_cat-baskets-femmes","7":"product_cat-femmes","9":"first","10":"instock","11":"shipping-taxable","12":"purchasable","13":"product-type-simple"},"aioseo_notices":[],"jetpack_sharing_enabled":true,"_links":{"self":[{"href":"https:\/\/ahdhiya.com\/ar\/wp-json\/wp\/v2\/product\/19660","targetHints":{"allow":["GET"]}}],"collection":[{"href":"https:\/\/ahdhiya.com\/ar\/wp-json\/wp\/v2\/product"}],"about":[{"href":"https:\/\/ahdhiya.com\/ar\/wp-json\/wp\/v2\/types\/product"}],"replies":[{"embeddable":true,"href":"https:\/\/ahdhiya.com\/ar\/wp-json\/wp\/v2\/comments?post=19660"}],"wp:featuredmedia":[{"embeddable":true,"href":"https:\/\/ahdhiya.com\/ar\/wp-json\/wp\/v2\/media\/19661"}],"wp:attachment":[{"href":"https:\/\/ahdhiya.com\/ar\/wp-json\/wp\/v2\/media?parent=19660"}],"wp:term":[{"taxonomy":"product_brand","embeddable":true,"href":"https:\/\/ahdhiya.com\/ar\/wp-json\/wp\/v2\/product_brand?post=19660"},{"taxonomy":"product_cat","embeddable":true,"href":"https:\/\/ahdhiya.com\/ar\/wp-json\/wp\/v2\/product_cat?post=19660"},{"taxonomy":"product_tag","embeddable":true,"href":"https:\/\/ahdhiya.com\/ar\/wp-json\/wp\/v2\/product_tag?post=19660"}],"curies":[{"name":"wp","href":"https:\/\/api.w.org\/{rel}","templated":true}]}}