{"id":19747,"date":"2026-01-09T17:06:41","date_gmt":"2026-01-09T17:06:41","guid":{"rendered":"https:\/\/ahdhiya.com\/produit\/basket-sun68-tom-color\/"},"modified":"2026-03-12T14:04:31","modified_gmt":"2026-03-12T14:04:31","slug":"basket-sun68-tom-color","status":"publish","type":"product","link":"https:\/\/ahdhiya.com\/ar\/product\/basket-sun68-tom-color\/","title":{"rendered":"BASKET SUN68 TOM COLOR"},"content":{"rendered":"<p>Les SUN68 TOM Color se distinguent par leurs accents color\u00e9s parfaitement dos\u00e9s, offrant un design moderne, dynamique et tendance. Leur combinaison de couleurs apporte fra\u00eecheur et originalit\u00e9 sans jamais perdre la touche \u00e9l\u00e9gante propre \u00e0 SUN68.L\u00e9g\u00e8res, respirantes et con\u00e7ues pour un usage quotidien, elles assurent un confort durable gr\u00e2ce \u00e0 leur semelle souple et amortissante. Les finitions color\u00e9es donnent \u00e0 la basket un caract\u00e8re unique, id\u00e9al pour compl\u00e9ter un look urbain, casual ou streetwear.Avec leur style affirm\u00e9 et leur qualit\u00e9 de fabrication, les TOM Color sont le choix parfait pour ceux qui veulent une basket polyvalente, confortable, et pleine de personnalit\u00e9.\u00a0MADE IN CHINA<\/p>","protected":false},"excerpt":{"rendered":"<p>Les SUN68 TOM Color se distinguent par leurs accents color\u00e9s parfaitement dos\u00e9s, offrant un design moderne, dynamique et tendance. Leur combinaison de couleurs apporte fra\u00eecheur et originalit\u00e9 sans jamais perdre la touche \u00e9l\u00e9gante propre \u00e0 SUN68.L\u00e9g\u00e8res, respirantes et con\u00e7ues pour un usage quotidien, elles assurent un confort durable gr\u00e2ce \u00e0 leur semelle souple et amortissante. Les finitions color\u00e9es donnent \u00e0 la basket un caract\u00e8re unique, id\u00e9al pour compl\u00e9ter un look urbain, casual ou streetwear.Avec leur style affirm\u00e9 et leur qualit\u00e9 de fabrication, les TOM Color sont le choix parfait pour ceux qui veulent une basket polyvalente, confortable, et pleine de personnalit\u00e9.\u00a0MADE IN CHINA<\/p>","protected":false},"featured_media":19748,"comment_status":"open","ping_status":"closed","template":"","meta":{"_gspb_post_css":"","om_disable_all_campaigns":false,"_monsterinsights_skip_tracking":false,"_monsterinsights_sitenote_active":false,"_monsterinsights_sitenote_note":"","_monsterinsights_sitenote_category":0},"product_brand":[],"product_cat":[174,92],"product_tag":[],"class_list":{"0":"post-19747","1":"product","2":"type-product","3":"status-publish","4":"has-post-thumbnail","6":"product_cat-baskets-hommes","7":"product_cat-hommes","9":"first","10":"instock","11":"shipping-taxable","12":"purchasable","13":"product-type-variable"},"aioseo_notices":[],"jetpack_sharing_enabled":true,"_links":{"self":[{"href":"https:\/\/ahdhiya.com\/ar\/wp-json\/wp\/v2\/product\/19747","targetHints":{"allow":["GET"]}}],"collection":[{"href":"https:\/\/ahdhiya.com\/ar\/wp-json\/wp\/v2\/product"}],"about":[{"href":"https:\/\/ahdhiya.com\/ar\/wp-json\/wp\/v2\/types\/product"}],"replies":[{"embeddable":true,"href":"https:\/\/ahdhiya.com\/ar\/wp-json\/wp\/v2\/comments?post=19747"}],"wp:featuredmedia":[{"embeddable":true,"href":"https:\/\/ahdhiya.com\/ar\/wp-json\/wp\/v2\/media\/19748"}],"wp:attachment":[{"href":"https:\/\/ahdhiya.com\/ar\/wp-json\/wp\/v2\/media?parent=19747"}],"wp:term":[{"taxonomy":"product_brand","embeddable":true,"href":"https:\/\/ahdhiya.com\/ar\/wp-json\/wp\/v2\/product_brand?post=19747"},{"taxonomy":"product_cat","embeddable":true,"href":"https:\/\/ahdhiya.com\/ar\/wp-json\/wp\/v2\/product_cat?post=19747"},{"taxonomy":"product_tag","embeddable":true,"href":"https:\/\/ahdhiya.com\/ar\/wp-json\/wp\/v2\/product_tag?post=19747"}],"curies":[{"name":"wp","href":"https:\/\/api.w.org\/{rel}","templated":true}]}}