{"id":19838,"date":"2026-01-09T17:11:36","date_gmt":"2026-01-09T17:11:36","guid":{"rendered":"https:\/\/ahdhiya.com\/produit\/reebok-energen-lite-shoes-black-fx1205\/"},"modified":"2026-03-12T14:04:31","modified_gmt":"2026-03-12T14:04:31","slug":"reebok-energen-lite-shoes-black-fx1205","status":"publish","type":"product","link":"https:\/\/ahdhiya.com\/ar\/product\/reebok-energen-lite-shoes-black-fx1205\/","title":{"rendered":"Reebok Energen Lite Shoes &#8211; Black FX1205"},"content":{"rendered":"<p>Composition et entretienTige : Simili cuir &#8211; Simili cuir, Textile &#8211; TissuInt\u00e9rieur : TextileSemelle int\u00e9rieure : : TextileSemelle ext\u00e9rieure : Synth\u00e9tique haute qualit\u00e9Technologies: FuelFoam, Responsive CushioningContient des parties non textiles d&rsquo;origine animale: NonDesign &amp; StyleCouleur : NoirType de semelle : PlatAutres informations : Lacets en tissuType de fermeture: LacetsSemelles int\u00e9rieures amovibles: NonType de bout : RondTaille et ajustementPoids de chaussure (pointure la plus petite) : 230 gHauteur totale de la chaussure : 10,5 cm\u00c9paisseur de la semelle : 3 cmType de pied: NeutreD\u00e9tails produitR\u00e9f.: 0000208112598Mod\u00e8le : Energen Lite FX1205Collection: Reebok PerformanceMarque: ReebokChaussures de sport: RunningSaison: Toutes saisonsCaract\u00e9ristiques : Chaussures de running confortables et l\u00e9g\u00e8res, con\u00e7ues pour s&rsquo;entra\u00eener sur des surfaces dures<\/p>","protected":false},"excerpt":{"rendered":"<p>Composition et entretienTige : Simili cuir &#8211; Simili cuir, Textile &#8211; TissuInt\u00e9rieur : TextileSemelle int\u00e9rieure : : TextileSemelle ext\u00e9rieure : Synth\u00e9tique haute qualit\u00e9Technologies: FuelFoam, Responsive CushioningContient des parties non textiles d&rsquo;origine animale: NonDesign &amp; StyleCouleur : NoirType de semelle : PlatAutres informations : Lacets en tissuType de fermeture: LacetsSemelles int\u00e9rieures amovibles: NonType de bout : RondTaille et ajustementPoids de chaussure (pointure la plus petite) : 230 gHauteur totale de la chaussure : 10,5 cm\u00c9paisseur de la semelle : 3 cmType de pied: NeutreD\u00e9tails produitR\u00e9f.: 0000208112598Mod\u00e8le : Energen Lite FX1205Collection: Reebok PerformanceMarque: ReebokChaussures de sport: RunningSaison: Toutes saisonsCaract\u00e9ristiques : Chaussures de running confortables et l\u00e9g\u00e8res, con\u00e7ues pour s&rsquo;entra\u00eener sur des surfaces dures<\/p>","protected":false},"featured_media":19839,"comment_status":"open","ping_status":"closed","template":"","meta":{"_gspb_post_css":"","om_disable_all_campaigns":false,"_monsterinsights_skip_tracking":false,"_monsterinsights_sitenote_active":false,"_monsterinsights_sitenote_note":"","_monsterinsights_sitenote_category":0},"product_brand":[],"product_cat":[174,92],"product_tag":[],"class_list":{"0":"post-19838","1":"product","2":"type-product","3":"status-publish","4":"has-post-thumbnail","6":"product_cat-baskets-hommes","7":"product_cat-hommes","9":"first","10":"instock","11":"shipping-taxable","12":"purchasable","13":"product-type-variable"},"aioseo_notices":[],"jetpack_sharing_enabled":true,"_links":{"self":[{"href":"https:\/\/ahdhiya.com\/ar\/wp-json\/wp\/v2\/product\/19838","targetHints":{"allow":["GET"]}}],"collection":[{"href":"https:\/\/ahdhiya.com\/ar\/wp-json\/wp\/v2\/product"}],"about":[{"href":"https:\/\/ahdhiya.com\/ar\/wp-json\/wp\/v2\/types\/product"}],"replies":[{"embeddable":true,"href":"https:\/\/ahdhiya.com\/ar\/wp-json\/wp\/v2\/comments?post=19838"}],"wp:featuredmedia":[{"embeddable":true,"href":"https:\/\/ahdhiya.com\/ar\/wp-json\/wp\/v2\/media\/19839"}],"wp:attachment":[{"href":"https:\/\/ahdhiya.com\/ar\/wp-json\/wp\/v2\/media?parent=19838"}],"wp:term":[{"taxonomy":"product_brand","embeddable":true,"href":"https:\/\/ahdhiya.com\/ar\/wp-json\/wp\/v2\/product_brand?post=19838"},{"taxonomy":"product_cat","embeddable":true,"href":"https:\/\/ahdhiya.com\/ar\/wp-json\/wp\/v2\/product_cat?post=19838"},{"taxonomy":"product_tag","embeddable":true,"href":"https:\/\/ahdhiya.com\/ar\/wp-json\/wp\/v2\/product_tag?post=19838"}],"curies":[{"name":"wp","href":"https:\/\/api.w.org\/{rel}","templated":true}]}}