{"id":19846,"date":"2026-01-09T17:11:57","date_gmt":"2026-01-09T17:11:57","guid":{"rendered":"https:\/\/ahdhiya.com\/produit\/adidas-questar\/"},"modified":"2026-03-12T14:04:31","modified_gmt":"2026-03-12T14:04:31","slug":"adidas-questar","status":"publish","type":"product","link":"https:\/\/ahdhiya.com\/ar\/product\/adidas-questar\/","title":{"rendered":"ADIDAS QUESTAR"},"content":{"rendered":"<p>Chaque jour est un bon jour pour courir lorsque tu enfiles ces chaussures adidas. Un col rembourr\u00e9 vous offre un ajustement parfait et s\u00e9curis\u00e9, et une semelle intercalaire l\u00e9g\u00e8re Bounce sous le pied offre une flexibilit\u00e9 am\u00e9lior\u00e9e pour une marche confortable de l&rsquo;attaque du talon \u00e0 la pointe.Coupe r\u00e9guli\u00e8reFermeture en dentelleTige textileCol rembourr\u00e9 GeofitDoublure textileSemelle interm\u00e9diaire rebondissanteSemelle ext\u00e9rieure en caoutchoucLa tige contient un minimum de 50\u00a0% de contenu recycl\u00e9Import\u00e9Couleur du produit : gris trois\/nuage blanc\/gris cinq.Code produit : HP2434MADE IN INDONESIA<\/p>","protected":false},"excerpt":{"rendered":"<p>Chaque jour est un bon jour pour courir lorsque tu enfiles ces chaussures adidas. Un col rembourr\u00e9 vous offre un ajustement parfait et s\u00e9curis\u00e9, et une semelle intercalaire l\u00e9g\u00e8re Bounce sous le pied offre une flexibilit\u00e9 am\u00e9lior\u00e9e pour une marche confortable de l&rsquo;attaque du talon \u00e0 la pointe.Coupe r\u00e9guli\u00e8reFermeture en dentelleTige textileCol rembourr\u00e9 GeofitDoublure textileSemelle interm\u00e9diaire rebondissanteSemelle ext\u00e9rieure en caoutchoucLa tige contient un minimum de 50\u00a0% de contenu recycl\u00e9Import\u00e9Couleur du produit : gris trois\/nuage blanc\/gris cinq.Code produit : HP2434MADE IN INDONESIA<\/p>","protected":false},"featured_media":19847,"comment_status":"open","ping_status":"closed","template":"","meta":{"_gspb_post_css":"","om_disable_all_campaigns":false,"_monsterinsights_skip_tracking":false,"_monsterinsights_sitenote_active":false,"_monsterinsights_sitenote_note":"","_monsterinsights_sitenote_category":0},"product_brand":[],"product_cat":[174,92],"product_tag":[],"class_list":{"0":"post-19846","1":"product","2":"type-product","3":"status-publish","4":"has-post-thumbnail","6":"product_cat-baskets-hommes","7":"product_cat-hommes","9":"first","10":"instock","11":"shipping-taxable","12":"purchasable","13":"product-type-simple"},"aioseo_notices":[],"jetpack_sharing_enabled":true,"_links":{"self":[{"href":"https:\/\/ahdhiya.com\/ar\/wp-json\/wp\/v2\/product\/19846","targetHints":{"allow":["GET"]}}],"collection":[{"href":"https:\/\/ahdhiya.com\/ar\/wp-json\/wp\/v2\/product"}],"about":[{"href":"https:\/\/ahdhiya.com\/ar\/wp-json\/wp\/v2\/types\/product"}],"replies":[{"embeddable":true,"href":"https:\/\/ahdhiya.com\/ar\/wp-json\/wp\/v2\/comments?post=19846"}],"wp:featuredmedia":[{"embeddable":true,"href":"https:\/\/ahdhiya.com\/ar\/wp-json\/wp\/v2\/media\/19847"}],"wp:attachment":[{"href":"https:\/\/ahdhiya.com\/ar\/wp-json\/wp\/v2\/media?parent=19846"}],"wp:term":[{"taxonomy":"product_brand","embeddable":true,"href":"https:\/\/ahdhiya.com\/ar\/wp-json\/wp\/v2\/product_brand?post=19846"},{"taxonomy":"product_cat","embeddable":true,"href":"https:\/\/ahdhiya.com\/ar\/wp-json\/wp\/v2\/product_cat?post=19846"},{"taxonomy":"product_tag","embeddable":true,"href":"https:\/\/ahdhiya.com\/ar\/wp-json\/wp\/v2\/product_tag?post=19846"}],"curies":[{"name":"wp","href":"https:\/\/api.w.org\/{rel}","templated":true}]}}