{"id":19896,"date":"2026-01-09T17:17:14","date_gmt":"2026-01-09T17:17:14","guid":{"rendered":"https:\/\/ahdhiya.com\/produit\/basket-sun68-jaki-fluo-11-nero\/"},"modified":"2026-03-12T14:04:32","modified_gmt":"2026-03-12T14:04:32","slug":"basket-sun68-jaki-fluo-11-nero","status":"publish","type":"product","link":"https:\/\/ahdhiya.com\/ar\/product\/basket-sun68-jaki-fluo-11-nero\/","title":{"rendered":"BASKET SUN68 JAKI FLUO 11 NERO"},"content":{"rendered":"<p>Description :\u00a0\u00a0Ces baskets SUN68 Jaki Fluo\u00a011 NERO pour homme offrent un style r\u00e9tro sportif id\u00e9al pour le quotidien.Elles se caract\u00e9risent par :Une construction de la tige combinant du tissu et des empi\u00e8cements en su\u00e8de (daim).Un grand logo brod\u00e9 sur le c\u00f4t\u00e9 ext\u00e9rieur.Des d\u00e9tails de couleur contrast\u00e9e sur la languette, le talon et la semelle, apportant une touche dynamique \u00ab\u00a0Fluo\u00a0\u00bb.Une semelle ext\u00e9rieure en caoutchouc avec un battistrada (bande de roulement) pour une bonne adh\u00e9rence.Ce mod\u00e8le lac\u00e9 en couleur Noir garantit un look sportif avec des touches de modernit\u00e9.Made In China .<\/p>","protected":false},"excerpt":{"rendered":"<p>Description :\u00a0\u00a0Ces baskets SUN68 Jaki Fluo\u00a011 NERO pour homme offrent un style r\u00e9tro sportif id\u00e9al pour le quotidien.Elles se caract\u00e9risent par :Une construction de la tige combinant du tissu et des empi\u00e8cements en su\u00e8de (daim).Un grand logo brod\u00e9 sur le c\u00f4t\u00e9 ext\u00e9rieur.Des d\u00e9tails de couleur contrast\u00e9e sur la languette, le talon et la semelle, apportant une touche dynamique \u00ab\u00a0Fluo\u00a0\u00bb.Une semelle ext\u00e9rieure en caoutchouc avec un battistrada (bande de roulement) pour une bonne adh\u00e9rence.Ce mod\u00e8le lac\u00e9 en couleur Noir garantit un look sportif avec des touches de modernit\u00e9.Made In China .<\/p>","protected":false},"featured_media":19897,"comment_status":"open","ping_status":"closed","template":"","meta":{"_gspb_post_css":"","om_disable_all_campaigns":false,"_monsterinsights_skip_tracking":false,"_monsterinsights_sitenote_active":false,"_monsterinsights_sitenote_note":"","_monsterinsights_sitenote_category":0},"product_brand":[],"product_cat":[174,92],"product_tag":[],"class_list":{"0":"post-19896","1":"product","2":"type-product","3":"status-publish","4":"has-post-thumbnail","6":"product_cat-baskets-hommes","7":"product_cat-hommes","9":"first","10":"instock","11":"shipping-taxable","12":"purchasable","13":"product-type-variable"},"aioseo_notices":[],"jetpack_sharing_enabled":true,"_links":{"self":[{"href":"https:\/\/ahdhiya.com\/ar\/wp-json\/wp\/v2\/product\/19896","targetHints":{"allow":["GET"]}}],"collection":[{"href":"https:\/\/ahdhiya.com\/ar\/wp-json\/wp\/v2\/product"}],"about":[{"href":"https:\/\/ahdhiya.com\/ar\/wp-json\/wp\/v2\/types\/product"}],"replies":[{"embeddable":true,"href":"https:\/\/ahdhiya.com\/ar\/wp-json\/wp\/v2\/comments?post=19896"}],"wp:featuredmedia":[{"embeddable":true,"href":"https:\/\/ahdhiya.com\/ar\/wp-json\/wp\/v2\/media\/19897"}],"wp:attachment":[{"href":"https:\/\/ahdhiya.com\/ar\/wp-json\/wp\/v2\/media?parent=19896"}],"wp:term":[{"taxonomy":"product_brand","embeddable":true,"href":"https:\/\/ahdhiya.com\/ar\/wp-json\/wp\/v2\/product_brand?post=19896"},{"taxonomy":"product_cat","embeddable":true,"href":"https:\/\/ahdhiya.com\/ar\/wp-json\/wp\/v2\/product_cat?post=19896"},{"taxonomy":"product_tag","embeddable":true,"href":"https:\/\/ahdhiya.com\/ar\/wp-json\/wp\/v2\/product_tag?post=19896"}],"curies":[{"name":"wp","href":"https:\/\/api.w.org\/{rel}","templated":true}]}}