{"id":19965,"date":"2026-01-09T17:17:50","date_gmt":"2026-01-09T17:17:50","guid":{"rendered":"https:\/\/ahdhiya.com\/produit\/claquette-peak-sport-lt-coffee\/"},"modified":"2026-03-12T14:04:32","modified_gmt":"2026-03-12T14:04:32","slug":"claquette-peak-sport-lt-coffee","status":"publish","type":"product","link":"https:\/\/ahdhiya.com\/ar\/product\/claquette-peak-sport-lt-coffee\/","title":{"rendered":"CLAQUETTE PEAK SPORT LT-COFFEE"},"content":{"rendered":"<p>Description :\u00a0Les \u00ab\u00a0Peak Slides Lt.Coffee\u00a0\u00bb sont une paire de claquettes (tongs) de la marque PEAK Sport, reconnue pour son engagement envers l&rsquo;innovation, le confort et la performance. Ce mod\u00e8le fait partie de la cat\u00e9gorie de chaussures Casual et est adapt\u00e9 \u00e0 un usage quotidien ou d\u00e9contract\u00e9.D\u00e9tails du Produit :Nom : Peak Slides Lt.Coffee (Code UGS : ET13998L_Lt.Coffee)Couleur : Lt.Coffee (Caf\u00e9 Clair)Cat\u00e9gorie : Claquettes et Tongs, Femmes (class\u00e9 dans la collection Nouvelle Collection Avril).Marque : PEAK Sport. MADE IN CHINA\u00a0\u00a0<\/p>","protected":false},"excerpt":{"rendered":"<p>Description :\u00a0Les \u00ab\u00a0Peak Slides Lt.Coffee\u00a0\u00bb sont une paire de claquettes (tongs) de la marque PEAK Sport, reconnue pour son engagement envers l&rsquo;innovation, le confort et la performance. Ce mod\u00e8le fait partie de la cat\u00e9gorie de chaussures Casual et est adapt\u00e9 \u00e0 un usage quotidien ou d\u00e9contract\u00e9.D\u00e9tails du Produit :Nom : Peak Slides Lt.Coffee (Code UGS : ET13998L_Lt.Coffee)Couleur : Lt.Coffee (Caf\u00e9 Clair)Cat\u00e9gorie : Claquettes et Tongs, Femmes (class\u00e9 dans la collection Nouvelle Collection Avril).Marque : PEAK Sport. MADE IN CHINA\u00a0\u00a0<\/p>","protected":false},"featured_media":19966,"comment_status":"open","ping_status":"closed","template":"","meta":{"_gspb_post_css":"","om_disable_all_campaigns":false,"_monsterinsights_skip_tracking":false,"_monsterinsights_sitenote_active":false,"_monsterinsights_sitenote_note":"","_monsterinsights_sitenote_category":0},"product_brand":[],"product_cat":[140,92],"product_tag":[],"class_list":{"0":"post-19965","1":"product","2":"type-product","3":"status-publish","4":"has-post-thumbnail","6":"product_cat-claquettes","7":"product_cat-hommes","9":"first","10":"instock","11":"shipping-taxable","12":"purchasable","13":"product-type-simple"},"aioseo_notices":[],"jetpack_sharing_enabled":true,"_links":{"self":[{"href":"https:\/\/ahdhiya.com\/ar\/wp-json\/wp\/v2\/product\/19965","targetHints":{"allow":["GET"]}}],"collection":[{"href":"https:\/\/ahdhiya.com\/ar\/wp-json\/wp\/v2\/product"}],"about":[{"href":"https:\/\/ahdhiya.com\/ar\/wp-json\/wp\/v2\/types\/product"}],"replies":[{"embeddable":true,"href":"https:\/\/ahdhiya.com\/ar\/wp-json\/wp\/v2\/comments?post=19965"}],"wp:featuredmedia":[{"embeddable":true,"href":"https:\/\/ahdhiya.com\/ar\/wp-json\/wp\/v2\/media\/19966"}],"wp:attachment":[{"href":"https:\/\/ahdhiya.com\/ar\/wp-json\/wp\/v2\/media?parent=19965"}],"wp:term":[{"taxonomy":"product_brand","embeddable":true,"href":"https:\/\/ahdhiya.com\/ar\/wp-json\/wp\/v2\/product_brand?post=19965"},{"taxonomy":"product_cat","embeddable":true,"href":"https:\/\/ahdhiya.com\/ar\/wp-json\/wp\/v2\/product_cat?post=19965"},{"taxonomy":"product_tag","embeddable":true,"href":"https:\/\/ahdhiya.com\/ar\/wp-json\/wp\/v2\/product_tag?post=19965"}],"curies":[{"name":"wp","href":"https:\/\/api.w.org\/{rel}","templated":true}]}}