{"id":20224,"date":"2026-01-09T17:31:06","date_gmt":"2026-01-09T17:31:06","guid":{"rendered":"https:\/\/ahdhiya.com\/produit\/birksbot-gris-2\/"},"modified":"2026-03-12T14:04:34","modified_gmt":"2026-03-12T14:04:34","slug":"birksbot-gris-2","status":"publish","type":"product","link":"https:\/\/ahdhiya.com\/ar\/product\/birksbot-gris-2\/","title":{"rendered":"BIRKSBOT GRIS"},"content":{"rendered":"<p>ORTHOPEDIC | 100% LEATHER | Designed in GERMANY Con\u00e7ues pour un confort absolu, ces mules orthop\u00e9diques sont fabriqu\u00e9es en cuir v\u00e9ritable de haute qualit\u00e9. Leur semelle anatomique \u00e9pouse parfaitement la forme du pied, offrant un excellent soutien tout au long de la journ\u00e9e. Designed in GERMANY, elles allient savoir-faire, durabilit\u00e9 et \u00e9l\u00e9gance minimaliste. Parfaites pour une utilisation quotidienne, \u00e0 la maison comme en d\u00e9placement.<\/p>","protected":false},"excerpt":{"rendered":"<p>ORTHOPEDIC | 100% LEATHER | Designed in GERMANY Con\u00e7ues pour un confort absolu, ces mules orthop\u00e9diques sont fabriqu\u00e9es en cuir v\u00e9ritable de haute qualit\u00e9. Leur semelle anatomique \u00e9pouse parfaitement la forme du pied, offrant un excellent soutien tout au long de la journ\u00e9e. Designed in GERMANY, elles allient savoir-faire, durabilit\u00e9 et \u00e9l\u00e9gance minimaliste. Parfaites pour une utilisation quotidienne, \u00e0 la maison comme en d\u00e9placement.<\/p>","protected":false},"featured_media":20225,"comment_status":"open","ping_status":"closed","template":"","meta":{"_gspb_post_css":"","om_disable_all_campaigns":false,"_monsterinsights_skip_tracking":false,"_monsterinsights_sitenote_active":false,"_monsterinsights_sitenote_note":"","_monsterinsights_sitenote_category":0},"product_brand":[],"product_cat":[92,180],"product_tag":[],"class_list":{"0":"post-20224","1":"product","2":"type-product","3":"status-publish","4":"has-post-thumbnail","6":"product_cat-hommes","7":"product_cat-sabots-hommes","9":"first","10":"instock","11":"shipping-taxable","12":"purchasable","13":"product-type-variable"},"aioseo_notices":[],"jetpack_sharing_enabled":true,"_links":{"self":[{"href":"https:\/\/ahdhiya.com\/ar\/wp-json\/wp\/v2\/product\/20224","targetHints":{"allow":["GET"]}}],"collection":[{"href":"https:\/\/ahdhiya.com\/ar\/wp-json\/wp\/v2\/product"}],"about":[{"href":"https:\/\/ahdhiya.com\/ar\/wp-json\/wp\/v2\/types\/product"}],"replies":[{"embeddable":true,"href":"https:\/\/ahdhiya.com\/ar\/wp-json\/wp\/v2\/comments?post=20224"}],"wp:featuredmedia":[{"embeddable":true,"href":"https:\/\/ahdhiya.com\/ar\/wp-json\/wp\/v2\/media\/20225"}],"wp:attachment":[{"href":"https:\/\/ahdhiya.com\/ar\/wp-json\/wp\/v2\/media?parent=20224"}],"wp:term":[{"taxonomy":"product_brand","embeddable":true,"href":"https:\/\/ahdhiya.com\/ar\/wp-json\/wp\/v2\/product_brand?post=20224"},{"taxonomy":"product_cat","embeddable":true,"href":"https:\/\/ahdhiya.com\/ar\/wp-json\/wp\/v2\/product_cat?post=20224"},{"taxonomy":"product_tag","embeddable":true,"href":"https:\/\/ahdhiya.com\/ar\/wp-json\/wp\/v2\/product_tag?post=20224"}],"curies":[{"name":"wp","href":"https:\/\/api.w.org\/{rel}","templated":true}]}}